{"id":268,"date":"2026-03-12T11:52:45","date_gmt":"2026-03-12T09:52:45","guid":{"rendered":"https:\/\/kisslindavirag.keriweb.hu\/?post_type=product&#038;p=268"},"modified":"2026-03-12T11:52:45","modified_gmt":"2026-03-12T09:52:45","slug":"lattafa-yara-candy-eau-de-parfum-100ml","status":"publish","type":"product","link":"https:\/\/kisslindavirag.keriweb.hu\/en\/product\/lattafa-yara-candy-eau-de-parfum-100ml\/","title":{"rendered":"Lattafa Yara Candy Eau de Parfum 100ml"},"content":{"rendered":"<p data-start=\"20\" data-end=\"308\">A parf\u00fcm egy robban\u00e1sszer\u0171en friss, l\u00e9d\u00fas <strong data-start=\"62\" data-end=\"79\">z\u00f6ld mandarin<\/strong> \u00e9s <strong data-start=\"83\" data-end=\"101\">fekete ribizli<\/strong> jegyekkel nyit, amelyeket egy vir\u00e1gz\u00f3 <strong data-start=\"140\" data-end=\"152\">gard\u00e9nia<\/strong> \u00e9s pezsg\u0151 <strong data-start=\"163\" data-end=\"181\">epres cukork\u00e1k<\/strong> sz\u00edve k\u00f6vet. Ez az \u00ednycsikland\u00f3 illat t\u00f6k\u00e9letes azok sz\u00e1m\u00e1ra, akik egy kiegyens\u00falyozott \u00e9s kifinomult parf\u00fcm var\u00e1zs\u00e1t keresik.<\/p>\n<p data-start=\"310\" data-end=\"328\"><strong data-start=\"310\" data-end=\"328\">Illatpiramisa:<\/strong><\/p>\n<p data-start=\"330\" data-end=\"376\"><strong data-start=\"330\" data-end=\"344\">Fejjegyek:<\/strong><br data-start=\"344\" data-end=\"347\" \/>Fekete ribizli, z\u00f6ld mandarin<\/p>\n<p data-start=\"378\" data-end=\"427\"><strong data-start=\"378\" data-end=\"393\">Sz\u00edvjegyek:<\/strong><br data-start=\"393\" data-end=\"396\" \/>Pezsg\u0151 epres cukork\u00e1k, gard\u00e9nia<\/p>\n<p data-start=\"429\" data-end=\"484\"><strong data-start=\"429\" data-end=\"444\">Alapjegyek:<\/strong><br data-start=\"444\" data-end=\"447\" \/>Van\u00edlia, p\u00e9zsma, borosty\u00e1n, szant\u00e1lfa<\/p>","protected":false},"excerpt":{"rendered":"<p>A parf\u00fcm egy robban\u00e1sszer\u0171en friss, l\u00e9d\u00fas z\u00f6ld mandarin \u00e9s fekete ribizli jegyekkel nyit, amelyeket egy vir\u00e1gz\u00f3 gard\u00e9nia \u00e9s pezsg\u0151 epres cukork\u00e1k sz\u00edve k\u00f6vet. Ez az \u00ednycsikland\u00f3 illat t\u00f6k\u00e9letes azok sz\u00e1m\u00e1ra, akik egy kiegyens\u00falyozott \u00e9s kifinomult parf\u00fcm var\u00e1zs\u00e1t keresik. Illatpiramisa: Fejjegyek:Fekete ribizli, z\u00f6ld mandarin Sz\u00edvjegyek:Pezsg\u0151 epres cukork\u00e1k, gard\u00e9nia Alapjegyek:Van\u00edlia, p\u00e9zsma, borosty\u00e1n, szant\u00e1lfa<\/p>","protected":false},"featured_media":270,"template":"","meta":[],"product_brand":[],"product_cat":[15],"product_tag":[],"class_list":{"0":"post-268","1":"product","2":"type-product","3":"status-publish","4":"has-post-thumbnail","6":"product_cat-egyeb","8":"first","9":"instock","10":"taxable","11":"shipping-taxable","12":"purchasable","13":"product-type-simple"},"yoast_head":"<!-- This site is optimized with the Yoast SEO plugin v27.3 - https:\/\/yoast.com\/product\/yoast-seo-wordpress\/ -->\n<title>Lattafa Yara Candy Eau de Parfum 100ml - Lindarf\u00fcm<\/title>\n<meta name=\"robots\" content=\"index, follow, max-snippet:-1, max-image-preview:large, max-video-preview:-1\" \/>\n<link rel=\"canonical\" href=\"https:\/\/kisslindavirag.keriweb.hu\/en\/product\/lattafa-yara-candy-eau-de-parfum-100ml\/\" \/>\n<meta property=\"og:locale\" content=\"en_GB\" \/>\n<meta property=\"og:type\" content=\"article\" \/>\n<meta property=\"og:title\" content=\"Lattafa Yara Candy Eau de Parfum 100ml - Lindarf\u00fcm\" \/>\n<meta property=\"og:description\" content=\"A parf\u00fcm egy robban\u00e1sszer\u0171en friss, l\u00e9d\u00fas z\u00f6ld mandarin \u00e9s fekete ribizli jegyekkel nyit, amelyeket egy vir\u00e1gz\u00f3 gard\u00e9nia \u00e9s pezsg\u0151 epres cukork\u00e1k sz\u00edve k\u00f6vet. Ez az \u00ednycsikland\u00f3 illat t\u00f6k\u00e9letes azok sz\u00e1m\u00e1ra, akik egy kiegyens\u00falyozott \u00e9s kifinomult parf\u00fcm var\u00e1zs\u00e1t keresik. Illatpiramisa: Fejjegyek:Fekete ribizli, z\u00f6ld mandarin Sz\u00edvjegyek:Pezsg\u0151 epres cukork\u00e1k, gard\u00e9nia Alapjegyek:Van\u00edlia, p\u00e9zsma, borosty\u00e1n, szant\u00e1lfa\" \/>\n<meta property=\"og:url\" content=\"https:\/\/kisslindavirag.keriweb.hu\/en\/product\/lattafa-yara-candy-eau-de-parfum-100ml\/\" \/>\n<meta property=\"og:site_name\" content=\"Lindarf\u00fcm\" \/>\n<meta property=\"og:image\" content=\"https:\/\/kisslindavirag.keriweb.hu\/wp-content\/uploads\/2026\/03\/Yara_Candy_Eau_de_Parfum_100ml_6290360599168_Lattafa.webp\" \/>\n\t<meta property=\"og:image:width\" content=\"1000\" \/>\n\t<meta property=\"og:image:height\" content=\"1000\" \/>\n\t<meta property=\"og:image:type\" content=\"image\/webp\" \/>\n<meta name=\"twitter:card\" content=\"summary_large_image\" \/>\n<meta name=\"twitter:label1\" content=\"Estimated reading time\" \/>\n\t<meta name=\"twitter:data1\" content=\"1 minute\" \/>\n<script type=\"application\/ld+json\" class=\"yoast-schema-graph\">{\"@context\":\"https:\\\/\\\/schema.org\",\"@graph\":[{\"@type\":\"WebPage\",\"@id\":\"https:\\\/\\\/kisslindavirag.keriweb.hu\\\/termek\\\/lattafa-yara-candy-eau-de-parfum-100ml\\\/\",\"url\":\"https:\\\/\\\/kisslindavirag.keriweb.hu\\\/termek\\\/lattafa-yara-candy-eau-de-parfum-100ml\\\/\",\"name\":\"Lattafa Yara Candy Eau de Parfum 100ml - Lindarf\u00fcm\",\"isPartOf\":{\"@id\":\"https:\\\/\\\/kisslindavirag.keriweb.hu\\\/#website\"},\"primaryImageOfPage\":{\"@id\":\"https:\\\/\\\/kisslindavirag.keriweb.hu\\\/termek\\\/lattafa-yara-candy-eau-de-parfum-100ml\\\/#primaryimage\"},\"image\":{\"@id\":\"https:\\\/\\\/kisslindavirag.keriweb.hu\\\/termek\\\/lattafa-yara-candy-eau-de-parfum-100ml\\\/#primaryimage\"},\"thumbnailUrl\":\"https:\\\/\\\/kisslindavirag.keriweb.hu\\\/wp-content\\\/uploads\\\/2026\\\/03\\\/Yara_Candy_Eau_de_Parfum_100ml_6290360599168_Lattafa.webp\",\"datePublished\":\"2026-03-12T09:52:45+00:00\",\"breadcrumb\":{\"@id\":\"https:\\\/\\\/kisslindavirag.keriweb.hu\\\/termek\\\/lattafa-yara-candy-eau-de-parfum-100ml\\\/#breadcrumb\"},\"inLanguage\":\"en-GB\",\"potentialAction\":[{\"@type\":\"ReadAction\",\"target\":[\"https:\\\/\\\/kisslindavirag.keriweb.hu\\\/termek\\\/lattafa-yara-candy-eau-de-parfum-100ml\\\/\"]}]},{\"@type\":\"ImageObject\",\"inLanguage\":\"en-GB\",\"@id\":\"https:\\\/\\\/kisslindavirag.keriweb.hu\\\/termek\\\/lattafa-yara-candy-eau-de-parfum-100ml\\\/#primaryimage\",\"url\":\"https:\\\/\\\/kisslindavirag.keriweb.hu\\\/wp-content\\\/uploads\\\/2026\\\/03\\\/Yara_Candy_Eau_de_Parfum_100ml_6290360599168_Lattafa.webp\",\"contentUrl\":\"https:\\\/\\\/kisslindavirag.keriweb.hu\\\/wp-content\\\/uploads\\\/2026\\\/03\\\/Yara_Candy_Eau_de_Parfum_100ml_6290360599168_Lattafa.webp\",\"width\":1000,\"height\":1000},{\"@type\":\"BreadcrumbList\",\"@id\":\"https:\\\/\\\/kisslindavirag.keriweb.hu\\\/termek\\\/lattafa-yara-candy-eau-de-parfum-100ml\\\/#breadcrumb\",\"itemListElement\":[{\"@type\":\"ListItem\",\"position\":1,\"name\":\"Kezd\u0151lap\",\"item\":\"https:\\\/\\\/kisslindavirag.keriweb.hu\\\/\"},{\"@type\":\"ListItem\",\"position\":2,\"name\":\"Shop\",\"item\":\"https:\\\/\\\/kisslindavirag.keriweb.hu\\\/uzlet\\\/\"},{\"@type\":\"ListItem\",\"position\":3,\"name\":\"Lattafa Yara Candy Eau de Parfum 100ml\"}]},{\"@type\":\"WebSite\",\"@id\":\"https:\\\/\\\/kisslindavirag.keriweb.hu\\\/#website\",\"url\":\"https:\\\/\\\/kisslindavirag.keriweb.hu\\\/\",\"name\":\"Lindarf\u00fcm\",\"description\":\"Ez egy TESZT web\u00e1ruh\u00e1z, megrendel\u00e9s nem lehets\u00e9ges.\",\"publisher\":{\"@id\":\"https:\\\/\\\/kisslindavirag.keriweb.hu\\\/#organization\"},\"potentialAction\":[{\"@type\":\"SearchAction\",\"target\":{\"@type\":\"EntryPoint\",\"urlTemplate\":\"https:\\\/\\\/kisslindavirag.keriweb.hu\\\/?s={search_term_string}\"},\"query-input\":{\"@type\":\"PropertyValueSpecification\",\"valueRequired\":true,\"valueName\":\"search_term_string\"}}],\"inLanguage\":\"en-GB\"},{\"@type\":\"Organization\",\"@id\":\"https:\\\/\\\/kisslindavirag.keriweb.hu\\\/#organization\",\"name\":\"Lindarf\u00fcm\",\"url\":\"https:\\\/\\\/kisslindavirag.keriweb.hu\\\/\",\"logo\":{\"@type\":\"ImageObject\",\"inLanguage\":\"en-GB\",\"@id\":\"https:\\\/\\\/kisslindavirag.keriweb.hu\\\/#\\\/schema\\\/logo\\\/image\\\/\",\"url\":\"https:\\\/\\\/kisslindavirag.keriweb.hu\\\/wp-content\\\/uploads\\\/2026\\\/02\\\/cropped-Dark-Blue-Gold-Elegant-Perfume-Store-Logo-2-e1772023135938.png\",\"contentUrl\":\"https:\\\/\\\/kisslindavirag.keriweb.hu\\\/wp-content\\\/uploads\\\/2026\\\/02\\\/cropped-Dark-Blue-Gold-Elegant-Perfume-Store-Logo-2-e1772023135938.png\",\"width\":250,\"height\":238,\"caption\":\"Lindarf\u00fcm\"},\"image\":{\"@id\":\"https:\\\/\\\/kisslindavirag.keriweb.hu\\\/#\\\/schema\\\/logo\\\/image\\\/\"}}]}<\/script>\n<!-- \/ Yoast SEO plugin. -->","yoast_head_json":{"title":"Lattafa Yara Candy Eau de Parfum 100ml - Lindarf\u00fcm","robots":{"index":"index","follow":"follow","max-snippet":"max-snippet:-1","max-image-preview":"max-image-preview:large","max-video-preview":"max-video-preview:-1"},"canonical":"https:\/\/kisslindavirag.keriweb.hu\/en\/product\/lattafa-yara-candy-eau-de-parfum-100ml\/","og_locale":"en_GB","og_type":"article","og_title":"Lattafa Yara Candy Eau de Parfum 100ml - Lindarf\u00fcm","og_description":"A parf\u00fcm egy robban\u00e1sszer\u0171en friss, l\u00e9d\u00fas z\u00f6ld mandarin \u00e9s fekete ribizli jegyekkel nyit, amelyeket egy vir\u00e1gz\u00f3 gard\u00e9nia \u00e9s pezsg\u0151 epres cukork\u00e1k sz\u00edve k\u00f6vet. Ez az \u00ednycsikland\u00f3 illat t\u00f6k\u00e9letes azok sz\u00e1m\u00e1ra, akik egy kiegyens\u00falyozott \u00e9s kifinomult parf\u00fcm var\u00e1zs\u00e1t keresik. Illatpiramisa: Fejjegyek:Fekete ribizli, z\u00f6ld mandarin Sz\u00edvjegyek:Pezsg\u0151 epres cukork\u00e1k, gard\u00e9nia Alapjegyek:Van\u00edlia, p\u00e9zsma, borosty\u00e1n, szant\u00e1lfa","og_url":"https:\/\/kisslindavirag.keriweb.hu\/en\/product\/lattafa-yara-candy-eau-de-parfum-100ml\/","og_site_name":"Lindarf\u00fcm","og_image":[{"width":1000,"height":1000,"url":"https:\/\/kisslindavirag.keriweb.hu\/wp-content\/uploads\/2026\/03\/Yara_Candy_Eau_de_Parfum_100ml_6290360599168_Lattafa.webp","type":"image\/webp"}],"twitter_card":"summary_large_image","twitter_misc":{"Estimated reading time":"1 minute"},"schema":{"@context":"https:\/\/schema.org","@graph":[{"@type":"WebPage","@id":"https:\/\/kisslindavirag.keriweb.hu\/termek\/lattafa-yara-candy-eau-de-parfum-100ml\/","url":"https:\/\/kisslindavirag.keriweb.hu\/termek\/lattafa-yara-candy-eau-de-parfum-100ml\/","name":"Lattafa Yara Candy Eau de Parfum 100ml - Lindarf\u00fcm","isPartOf":{"@id":"https:\/\/kisslindavirag.keriweb.hu\/#website"},"primaryImageOfPage":{"@id":"https:\/\/kisslindavirag.keriweb.hu\/termek\/lattafa-yara-candy-eau-de-parfum-100ml\/#primaryimage"},"image":{"@id":"https:\/\/kisslindavirag.keriweb.hu\/termek\/lattafa-yara-candy-eau-de-parfum-100ml\/#primaryimage"},"thumbnailUrl":"https:\/\/kisslindavirag.keriweb.hu\/wp-content\/uploads\/2026\/03\/Yara_Candy_Eau_de_Parfum_100ml_6290360599168_Lattafa.webp","datePublished":"2026-03-12T09:52:45+00:00","breadcrumb":{"@id":"https:\/\/kisslindavirag.keriweb.hu\/termek\/lattafa-yara-candy-eau-de-parfum-100ml\/#breadcrumb"},"inLanguage":"en-GB","potentialAction":[{"@type":"ReadAction","target":["https:\/\/kisslindavirag.keriweb.hu\/termek\/lattafa-yara-candy-eau-de-parfum-100ml\/"]}]},{"@type":"ImageObject","inLanguage":"en-GB","@id":"https:\/\/kisslindavirag.keriweb.hu\/termek\/lattafa-yara-candy-eau-de-parfum-100ml\/#primaryimage","url":"https:\/\/kisslindavirag.keriweb.hu\/wp-content\/uploads\/2026\/03\/Yara_Candy_Eau_de_Parfum_100ml_6290360599168_Lattafa.webp","contentUrl":"https:\/\/kisslindavirag.keriweb.hu\/wp-content\/uploads\/2026\/03\/Yara_Candy_Eau_de_Parfum_100ml_6290360599168_Lattafa.webp","width":1000,"height":1000},{"@type":"BreadcrumbList","@id":"https:\/\/kisslindavirag.keriweb.hu\/termek\/lattafa-yara-candy-eau-de-parfum-100ml\/#breadcrumb","itemListElement":[{"@type":"ListItem","position":1,"name":"Kezd\u0151lap","item":"https:\/\/kisslindavirag.keriweb.hu\/"},{"@type":"ListItem","position":2,"name":"Shop","item":"https:\/\/kisslindavirag.keriweb.hu\/uzlet\/"},{"@type":"ListItem","position":3,"name":"Lattafa Yara Candy Eau de Parfum 100ml"}]},{"@type":"WebSite","@id":"https:\/\/kisslindavirag.keriweb.hu\/#website","url":"https:\/\/kisslindavirag.keriweb.hu\/","name":"Lindarf\u00fcm","description":"Ez egy TESZT web\u00e1ruh\u00e1z, megrendel\u00e9s nem lehets\u00e9ges.","publisher":{"@id":"https:\/\/kisslindavirag.keriweb.hu\/#organization"},"potentialAction":[{"@type":"SearchAction","target":{"@type":"EntryPoint","urlTemplate":"https:\/\/kisslindavirag.keriweb.hu\/?s={search_term_string}"},"query-input":{"@type":"PropertyValueSpecification","valueRequired":true,"valueName":"search_term_string"}}],"inLanguage":"en-GB"},{"@type":"Organization","@id":"https:\/\/kisslindavirag.keriweb.hu\/#organization","name":"Lindarf\u00fcm","url":"https:\/\/kisslindavirag.keriweb.hu\/","logo":{"@type":"ImageObject","inLanguage":"en-GB","@id":"https:\/\/kisslindavirag.keriweb.hu\/#\/schema\/logo\/image\/","url":"https:\/\/kisslindavirag.keriweb.hu\/wp-content\/uploads\/2026\/02\/cropped-Dark-Blue-Gold-Elegant-Perfume-Store-Logo-2-e1772023135938.png","contentUrl":"https:\/\/kisslindavirag.keriweb.hu\/wp-content\/uploads\/2026\/02\/cropped-Dark-Blue-Gold-Elegant-Perfume-Store-Logo-2-e1772023135938.png","width":250,"height":238,"caption":"Lindarf\u00fcm"},"image":{"@id":"https:\/\/kisslindavirag.keriweb.hu\/#\/schema\/logo\/image\/"}}]}},"_links":{"self":[{"href":"https:\/\/kisslindavirag.keriweb.hu\/en\/wp-json\/wp\/v2\/product\/268","targetHints":{"allow":["GET"]}}],"collection":[{"href":"https:\/\/kisslindavirag.keriweb.hu\/en\/wp-json\/wp\/v2\/product"}],"about":[{"href":"https:\/\/kisslindavirag.keriweb.hu\/en\/wp-json\/wp\/v2\/types\/product"}],"wp:featuredmedia":[{"embeddable":true,"href":"https:\/\/kisslindavirag.keriweb.hu\/en\/wp-json\/wp\/v2\/media\/270"}],"wp:attachment":[{"href":"https:\/\/kisslindavirag.keriweb.hu\/en\/wp-json\/wp\/v2\/media?parent=268"}],"wp:term":[{"taxonomy":"product_brand","embeddable":true,"href":"https:\/\/kisslindavirag.keriweb.hu\/en\/wp-json\/wp\/v2\/product_brand?post=268"},{"taxonomy":"product_cat","embeddable":true,"href":"https:\/\/kisslindavirag.keriweb.hu\/en\/wp-json\/wp\/v2\/product_cat?post=268"},{"taxonomy":"product_tag","embeddable":true,"href":"https:\/\/kisslindavirag.keriweb.hu\/en\/wp-json\/wp\/v2\/product_tag?post=268"}],"curies":[{"name":"wp","href":"https:\/\/api.w.org\/{rel}","templated":true}]}}