{"id":219,"date":"2026-02-24T11:02:59","date_gmt":"2026-02-24T09:02:59","guid":{"rendered":"https:\/\/kisslindavirag.keriweb.hu\/?post_type=product&#038;p=219"},"modified":"2026-02-25T14:23:02","modified_gmt":"2026-02-25T12:23:02","slug":"giorgio-armani-because-its-you-eau-de-parfum-holgyeknek","status":"publish","type":"product","link":"https:\/\/kisslindavirag.keriweb.hu\/en\/product\/giorgio-armani-because-its-you-eau-de-parfum-holgyeknek\/","title":{"rendered":"Giorgio Armani Because It&#8217;s You Eau de parfum h\u00f6lgyeknek"},"content":{"rendered":"<div class=\"product-tab-content characteristics\">\n<table class=\"d-none d-sm-table\">\n<tbody>\n<tr>\n<th>Megjelen\u00e9s \u00e9ve:<\/th>\n<td>2017<\/td>\n<th>T\u00edpus:<\/th>\n<td>eau de parfum<\/td>\n<\/tr>\n<tr>\n<th>Illatcsal\u00e1d:<\/th>\n<td>vir\u00e1gos-gy\u00fcm\u00f6lcs\u00f6s<\/td>\n<th>\u00d6sszet\u00e9tel:<\/th>\n<td>m\u00e1lna, citrom, narancsvir\u00e1g, r\u00f3zsa van\u00edlia, m\u00f3susz, borosty\u00e1ngyanta<\/td>\n<\/tr>\n<\/tbody>\n<\/table>\n<\/div>\n<div class=\"marka-text\">\n<h2 class=\"item-description\">Giorgio Armani m\u00e1rk\u00e1r\u00f3l<\/h2>\n<p>A st\u00edlus minden apr\u00f3 r\u00e9szlet\u00e9t \u00f6szt\u00f6n\u00f6sen \u00e9rz\u0151, nagyform\u00e1tum\u00fa Giorgio Armani\u00a01934-ben sz\u00fcletett az \u00e9szak-olaszorsz\u00e1gi Piacenz\u00e1ban. Munk\u00e1ss\u00e1g\u00e1nak hat\u00e1sa a divatvil\u00e1g\u00e1ra felbecs\u00fclhetetlen jelent\u0151s\u00e9g\u0171, kollekci\u00f3it az olasz divath\u00e1zakra jellemz\u0151 k\u00f6nnyed, kifinomult, testre szabott st\u00edlus \u00e9s elegancia jellemzi.<\/p>\n<p>Karrierje kezdet\u00e9n Mil\u00e1n\u00f3ban, az akkori piacvezet\u0151 olasz La Rinascente \u00e1ruh\u00e1zban kirakatrendez\u0151k\u00e9nt kezdett dolgozni, ahol tehets\u00e9g\u00e9nek k\u00f6sz\u00f6nhet\u0151en gyorsan haladt felfel\u00e9 a rangl\u00e9tr\u00e1n. A becsv\u00e1gy\u00f3 \u00e9s tehets\u00e9ges Goiorgio Armani k\u00e9pezte mag\u00e1t, szakmai kapcsolatokat \u00e9p\u00edtett. Szakmai fejl\u0151d\u00e9s\u00e9nek meghat\u00e1roz\u00f3 \u00e1llom\u00e1sa volt, amikor1964-ben Cerrutihoz szeg\u0151d\u00f6tt, mint divattervez\u0151. A saj\u00e1t nev\u00e9vel f\u00e9mjelzett Armani divath\u00e1zat, mely napjainkig a vil\u00e1gdivat meghat\u00e1roz\u00f3 k\u00e9pvisel\u0151je, 1975-ben alap\u00edtotta a saj\u00e1t bevall\u00e1sa szerint is munkam\u00e1ni\u00e1s, mag\u00e1n\u00e9let\u00e9ben kiss\u00e9 sz\u00e9gyenl\u0151s divatikon.<\/p>\n<p>H\u00edres jelmondata, miszerint: &#8222;A st\u00edlus fontosabb, mint a divat&#8221; jellemzi legink\u00e1bb az Armani divath\u00e1zat. Fantasztikus min\u0151s\u00e9g, st\u00edlus \u00e9s id\u0151t\u00e1ll\u00f3s\u00e1g, mely k\u00f6r\u00fclveszi a divath\u00e1z \u00e1ltal kiadott ruh\u00e1zati term\u00e9keket, kieg\u00e9sz\u00edt\u0151ket, valamint a csod\u00e1latosan megkompon\u00e1lt illatkre\u00e1ci\u00f3kat is. A legnevesebb parf\u00fcm\u0151r\u00f6k k\u00f6zrem\u0171k\u00f6d\u00e9s\u00e9vel csod\u00e1latos illatklasszikusok sz\u00fclettek a divath\u00e1z \u00e9gisze alatt az \u00e9vtizedek sor\u00e1n. Az 1982-ben els\u0151k\u00e9nt megjelen\u0151, sportosan eleg\u00e1ns, klasszikus vir\u00e1gillattal b\u00edr\u00f3 Armani siker\u00e9t a k\u00e9s\u0151bbiekben sz\u00e1mos illatklasszikus k\u00f6vette, melyek az\u00f3ta is n\u0151k \u00e9s f\u00e9rfiak milli\u00f3inak k\u00edn\u00e1lnak csodasz\u00e9p illatkre\u00e1ci\u00f3kat vil\u00e1gszerte.<\/p>\n<\/div>","protected":false},"excerpt":{"rendered":"<p>Megjelen\u00e9s \u00e9ve: 2017 T\u00edpus: eau de parfum Illatcsal\u00e1d: vir\u00e1gos-gy\u00fcm\u00f6lcs\u00f6s \u00d6sszet\u00e9tel: m\u00e1lna, citrom, narancsvir\u00e1g, r\u00f3zsa van\u00edlia, m\u00f3susz, borosty\u00e1ngyanta Giorgio Armani m\u00e1rk\u00e1r\u00f3l A st\u00edlus minden apr\u00f3 r\u00e9szlet\u00e9t \u00f6szt\u00f6n\u00f6sen \u00e9rz\u0151, nagyform\u00e1tum\u00fa Giorgio Armani\u00a01934-ben sz\u00fcletett az \u00e9szak-olaszorsz\u00e1gi Piacenz\u00e1ban. Munk\u00e1ss\u00e1g\u00e1nak hat\u00e1sa a divatvil\u00e1g\u00e1ra felbecs\u00fclhetetlen jelent\u0151s\u00e9g\u0171, kollekci\u00f3it az olasz divath\u00e1zakra jellemz\u0151 k\u00f6nnyed, kifinomult, testre szabott st\u00edlus \u00e9s elegancia jellemzi. Karrierje kezdet\u00e9n &hellip; <\/p>","protected":false},"featured_media":221,"template":"","meta":[],"product_brand":[],"product_cat":[15],"product_tag":[],"class_list":{"0":"post-219","1":"product","2":"type-product","3":"status-publish","4":"has-post-thumbnail","6":"product_cat-egyeb","8":"first","9":"instock","10":"taxable","11":"shipping-taxable","12":"purchasable","13":"product-type-variable"},"yoast_head":"<!-- This site is optimized with the Yoast SEO plugin v27.3 - https:\/\/yoast.com\/product\/yoast-seo-wordpress\/ -->\n<title>Giorgio Armani Because It&#039;s You Eau de parfum h\u00f6lgyeknek - Lindarf\u00fcm<\/title>\n<meta name=\"robots\" content=\"index, follow, max-snippet:-1, max-image-preview:large, max-video-preview:-1\" \/>\n<link rel=\"canonical\" href=\"https:\/\/kisslindavirag.keriweb.hu\/en\/product\/giorgio-armani-because-its-you-eau-de-parfum-holgyeknek\/\" \/>\n<meta property=\"og:locale\" content=\"en_GB\" \/>\n<meta property=\"og:type\" content=\"article\" \/>\n<meta property=\"og:title\" content=\"Giorgio Armani Because It&#039;s You Eau de parfum h\u00f6lgyeknek - Lindarf\u00fcm\" \/>\n<meta property=\"og:description\" content=\"Megjelen\u00e9s \u00e9ve: 2017 T\u00edpus: eau de parfum Illatcsal\u00e1d: vir\u00e1gos-gy\u00fcm\u00f6lcs\u00f6s \u00d6sszet\u00e9tel: m\u00e1lna, citrom, narancsvir\u00e1g, r\u00f3zsa van\u00edlia, m\u00f3susz, borosty\u00e1ngyanta Giorgio Armani m\u00e1rk\u00e1r\u00f3l A st\u00edlus minden apr\u00f3 r\u00e9szlet\u00e9t \u00f6szt\u00f6n\u00f6sen \u00e9rz\u0151, nagyform\u00e1tum\u00fa Giorgio Armani\u00a01934-ben sz\u00fcletett az \u00e9szak-olaszorsz\u00e1gi Piacenz\u00e1ban. Munk\u00e1ss\u00e1g\u00e1nak hat\u00e1sa a divatvil\u00e1g\u00e1ra felbecs\u00fclhetetlen jelent\u0151s\u00e9g\u0171, kollekci\u00f3it az olasz divath\u00e1zakra jellemz\u0151 k\u00f6nnyed, kifinomult, testre szabott st\u00edlus \u00e9s elegancia jellemzi. Karrierje kezdet\u00e9n &hellip;\" \/>\n<meta property=\"og:url\" content=\"https:\/\/kisslindavirag.keriweb.hu\/en\/product\/giorgio-armani-because-its-you-eau-de-parfum-holgyeknek\/\" \/>\n<meta property=\"og:site_name\" content=\"Lindarf\u00fcm\" \/>\n<meta property=\"article:modified_time\" content=\"2026-02-25T12:23:02+00:00\" \/>\n<meta property=\"og:image\" content=\"https:\/\/kisslindavirag.keriweb.hu\/wp-content\/uploads\/2026\/02\/giorgio-armani-because-it-s-you-1.jpg\" \/>\n\t<meta property=\"og:image:width\" content=\"350\" \/>\n\t<meta property=\"og:image:height\" content=\"350\" \/>\n\t<meta property=\"og:image:type\" content=\"image\/jpeg\" \/>\n<meta name=\"twitter:card\" content=\"summary_large_image\" \/>\n<meta name=\"twitter:label1\" content=\"Estimated reading time\" \/>\n\t<meta name=\"twitter:data1\" content=\"2 minutes\" \/>\n<script type=\"application\/ld+json\" class=\"yoast-schema-graph\">{\"@context\":\"https:\\\/\\\/schema.org\",\"@graph\":[{\"@type\":\"WebPage\",\"@id\":\"https:\\\/\\\/kisslindavirag.keriweb.hu\\\/termek\\\/giorgio-armani-because-its-you-eau-de-parfum-holgyeknek\\\/\",\"url\":\"https:\\\/\\\/kisslindavirag.keriweb.hu\\\/termek\\\/giorgio-armani-because-its-you-eau-de-parfum-holgyeknek\\\/\",\"name\":\"Giorgio Armani Because It's You Eau de parfum h\u00f6lgyeknek - Lindarf\u00fcm\",\"isPartOf\":{\"@id\":\"https:\\\/\\\/kisslindavirag.keriweb.hu\\\/#website\"},\"primaryImageOfPage\":{\"@id\":\"https:\\\/\\\/kisslindavirag.keriweb.hu\\\/termek\\\/giorgio-armani-because-its-you-eau-de-parfum-holgyeknek\\\/#primaryimage\"},\"image\":{\"@id\":\"https:\\\/\\\/kisslindavirag.keriweb.hu\\\/termek\\\/giorgio-armani-because-its-you-eau-de-parfum-holgyeknek\\\/#primaryimage\"},\"thumbnailUrl\":\"https:\\\/\\\/kisslindavirag.keriweb.hu\\\/wp-content\\\/uploads\\\/2026\\\/02\\\/giorgio-armani-because-it-s-you-1.jpg\",\"datePublished\":\"2026-02-24T09:02:59+00:00\",\"dateModified\":\"2026-02-25T12:23:02+00:00\",\"breadcrumb\":{\"@id\":\"https:\\\/\\\/kisslindavirag.keriweb.hu\\\/termek\\\/giorgio-armani-because-its-you-eau-de-parfum-holgyeknek\\\/#breadcrumb\"},\"inLanguage\":\"en-GB\",\"potentialAction\":[{\"@type\":\"ReadAction\",\"target\":[\"https:\\\/\\\/kisslindavirag.keriweb.hu\\\/termek\\\/giorgio-armani-because-its-you-eau-de-parfum-holgyeknek\\\/\"]}]},{\"@type\":\"ImageObject\",\"inLanguage\":\"en-GB\",\"@id\":\"https:\\\/\\\/kisslindavirag.keriweb.hu\\\/termek\\\/giorgio-armani-because-its-you-eau-de-parfum-holgyeknek\\\/#primaryimage\",\"url\":\"https:\\\/\\\/kisslindavirag.keriweb.hu\\\/wp-content\\\/uploads\\\/2026\\\/02\\\/giorgio-armani-because-it-s-you-1.jpg\",\"contentUrl\":\"https:\\\/\\\/kisslindavirag.keriweb.hu\\\/wp-content\\\/uploads\\\/2026\\\/02\\\/giorgio-armani-because-it-s-you-1.jpg\",\"width\":350,\"height\":350},{\"@type\":\"BreadcrumbList\",\"@id\":\"https:\\\/\\\/kisslindavirag.keriweb.hu\\\/termek\\\/giorgio-armani-because-its-you-eau-de-parfum-holgyeknek\\\/#breadcrumb\",\"itemListElement\":[{\"@type\":\"ListItem\",\"position\":1,\"name\":\"Kezd\u0151lap\",\"item\":\"https:\\\/\\\/kisslindavirag.keriweb.hu\\\/\"},{\"@type\":\"ListItem\",\"position\":2,\"name\":\"Shop\",\"item\":\"https:\\\/\\\/kisslindavirag.keriweb.hu\\\/uzlet\\\/\"},{\"@type\":\"ListItem\",\"position\":3,\"name\":\"Giorgio Armani Because It&#8217;s You Eau de parfum h\u00f6lgyeknek\"}]},{\"@type\":\"WebSite\",\"@id\":\"https:\\\/\\\/kisslindavirag.keriweb.hu\\\/#website\",\"url\":\"https:\\\/\\\/kisslindavirag.keriweb.hu\\\/\",\"name\":\"Lindarf\u00fcm\",\"description\":\"Ez egy TESZT web\u00e1ruh\u00e1z, megrendel\u00e9s nem lehets\u00e9ges.\",\"publisher\":{\"@id\":\"https:\\\/\\\/kisslindavirag.keriweb.hu\\\/#organization\"},\"potentialAction\":[{\"@type\":\"SearchAction\",\"target\":{\"@type\":\"EntryPoint\",\"urlTemplate\":\"https:\\\/\\\/kisslindavirag.keriweb.hu\\\/?s={search_term_string}\"},\"query-input\":{\"@type\":\"PropertyValueSpecification\",\"valueRequired\":true,\"valueName\":\"search_term_string\"}}],\"inLanguage\":\"en-GB\"},{\"@type\":\"Organization\",\"@id\":\"https:\\\/\\\/kisslindavirag.keriweb.hu\\\/#organization\",\"name\":\"Lindarf\u00fcm\",\"url\":\"https:\\\/\\\/kisslindavirag.keriweb.hu\\\/\",\"logo\":{\"@type\":\"ImageObject\",\"inLanguage\":\"en-GB\",\"@id\":\"https:\\\/\\\/kisslindavirag.keriweb.hu\\\/#\\\/schema\\\/logo\\\/image\\\/\",\"url\":\"https:\\\/\\\/kisslindavirag.keriweb.hu\\\/wp-content\\\/uploads\\\/2026\\\/02\\\/cropped-Dark-Blue-Gold-Elegant-Perfume-Store-Logo-2-e1772023135938.png\",\"contentUrl\":\"https:\\\/\\\/kisslindavirag.keriweb.hu\\\/wp-content\\\/uploads\\\/2026\\\/02\\\/cropped-Dark-Blue-Gold-Elegant-Perfume-Store-Logo-2-e1772023135938.png\",\"width\":250,\"height\":238,\"caption\":\"Lindarf\u00fcm\"},\"image\":{\"@id\":\"https:\\\/\\\/kisslindavirag.keriweb.hu\\\/#\\\/schema\\\/logo\\\/image\\\/\"}}]}<\/script>\n<!-- \/ Yoast SEO plugin. -->","yoast_head_json":{"title":"Giorgio Armani Because It's You Eau de parfum h\u00f6lgyeknek - Lindarf\u00fcm","robots":{"index":"index","follow":"follow","max-snippet":"max-snippet:-1","max-image-preview":"max-image-preview:large","max-video-preview":"max-video-preview:-1"},"canonical":"https:\/\/kisslindavirag.keriweb.hu\/en\/product\/giorgio-armani-because-its-you-eau-de-parfum-holgyeknek\/","og_locale":"en_GB","og_type":"article","og_title":"Giorgio Armani Because It's You Eau de parfum h\u00f6lgyeknek - Lindarf\u00fcm","og_description":"Megjelen\u00e9s \u00e9ve: 2017 T\u00edpus: eau de parfum Illatcsal\u00e1d: vir\u00e1gos-gy\u00fcm\u00f6lcs\u00f6s \u00d6sszet\u00e9tel: m\u00e1lna, citrom, narancsvir\u00e1g, r\u00f3zsa van\u00edlia, m\u00f3susz, borosty\u00e1ngyanta Giorgio Armani m\u00e1rk\u00e1r\u00f3l A st\u00edlus minden apr\u00f3 r\u00e9szlet\u00e9t \u00f6szt\u00f6n\u00f6sen \u00e9rz\u0151, nagyform\u00e1tum\u00fa Giorgio Armani\u00a01934-ben sz\u00fcletett az \u00e9szak-olaszorsz\u00e1gi Piacenz\u00e1ban. Munk\u00e1ss\u00e1g\u00e1nak hat\u00e1sa a divatvil\u00e1g\u00e1ra felbecs\u00fclhetetlen jelent\u0151s\u00e9g\u0171, kollekci\u00f3it az olasz divath\u00e1zakra jellemz\u0151 k\u00f6nnyed, kifinomult, testre szabott st\u00edlus \u00e9s elegancia jellemzi. Karrierje kezdet\u00e9n &hellip;","og_url":"https:\/\/kisslindavirag.keriweb.hu\/en\/product\/giorgio-armani-because-its-you-eau-de-parfum-holgyeknek\/","og_site_name":"Lindarf\u00fcm","article_modified_time":"2026-02-25T12:23:02+00:00","og_image":[{"width":350,"height":350,"url":"https:\/\/kisslindavirag.keriweb.hu\/wp-content\/uploads\/2026\/02\/giorgio-armani-because-it-s-you-1.jpg","type":"image\/jpeg"}],"twitter_card":"summary_large_image","twitter_misc":{"Estimated reading time":"2 minutes"},"schema":{"@context":"https:\/\/schema.org","@graph":[{"@type":"WebPage","@id":"https:\/\/kisslindavirag.keriweb.hu\/termek\/giorgio-armani-because-its-you-eau-de-parfum-holgyeknek\/","url":"https:\/\/kisslindavirag.keriweb.hu\/termek\/giorgio-armani-because-its-you-eau-de-parfum-holgyeknek\/","name":"Giorgio Armani Because It's You Eau de parfum h\u00f6lgyeknek - Lindarf\u00fcm","isPartOf":{"@id":"https:\/\/kisslindavirag.keriweb.hu\/#website"},"primaryImageOfPage":{"@id":"https:\/\/kisslindavirag.keriweb.hu\/termek\/giorgio-armani-because-its-you-eau-de-parfum-holgyeknek\/#primaryimage"},"image":{"@id":"https:\/\/kisslindavirag.keriweb.hu\/termek\/giorgio-armani-because-its-you-eau-de-parfum-holgyeknek\/#primaryimage"},"thumbnailUrl":"https:\/\/kisslindavirag.keriweb.hu\/wp-content\/uploads\/2026\/02\/giorgio-armani-because-it-s-you-1.jpg","datePublished":"2026-02-24T09:02:59+00:00","dateModified":"2026-02-25T12:23:02+00:00","breadcrumb":{"@id":"https:\/\/kisslindavirag.keriweb.hu\/termek\/giorgio-armani-because-its-you-eau-de-parfum-holgyeknek\/#breadcrumb"},"inLanguage":"en-GB","potentialAction":[{"@type":"ReadAction","target":["https:\/\/kisslindavirag.keriweb.hu\/termek\/giorgio-armani-because-its-you-eau-de-parfum-holgyeknek\/"]}]},{"@type":"ImageObject","inLanguage":"en-GB","@id":"https:\/\/kisslindavirag.keriweb.hu\/termek\/giorgio-armani-because-its-you-eau-de-parfum-holgyeknek\/#primaryimage","url":"https:\/\/kisslindavirag.keriweb.hu\/wp-content\/uploads\/2026\/02\/giorgio-armani-because-it-s-you-1.jpg","contentUrl":"https:\/\/kisslindavirag.keriweb.hu\/wp-content\/uploads\/2026\/02\/giorgio-armani-because-it-s-you-1.jpg","width":350,"height":350},{"@type":"BreadcrumbList","@id":"https:\/\/kisslindavirag.keriweb.hu\/termek\/giorgio-armani-because-its-you-eau-de-parfum-holgyeknek\/#breadcrumb","itemListElement":[{"@type":"ListItem","position":1,"name":"Kezd\u0151lap","item":"https:\/\/kisslindavirag.keriweb.hu\/"},{"@type":"ListItem","position":2,"name":"Shop","item":"https:\/\/kisslindavirag.keriweb.hu\/uzlet\/"},{"@type":"ListItem","position":3,"name":"Giorgio Armani Because It&#8217;s You Eau de parfum h\u00f6lgyeknek"}]},{"@type":"WebSite","@id":"https:\/\/kisslindavirag.keriweb.hu\/#website","url":"https:\/\/kisslindavirag.keriweb.hu\/","name":"Lindarf\u00fcm","description":"Ez egy TESZT web\u00e1ruh\u00e1z, megrendel\u00e9s nem lehets\u00e9ges.","publisher":{"@id":"https:\/\/kisslindavirag.keriweb.hu\/#organization"},"potentialAction":[{"@type":"SearchAction","target":{"@type":"EntryPoint","urlTemplate":"https:\/\/kisslindavirag.keriweb.hu\/?s={search_term_string}"},"query-input":{"@type":"PropertyValueSpecification","valueRequired":true,"valueName":"search_term_string"}}],"inLanguage":"en-GB"},{"@type":"Organization","@id":"https:\/\/kisslindavirag.keriweb.hu\/#organization","name":"Lindarf\u00fcm","url":"https:\/\/kisslindavirag.keriweb.hu\/","logo":{"@type":"ImageObject","inLanguage":"en-GB","@id":"https:\/\/kisslindavirag.keriweb.hu\/#\/schema\/logo\/image\/","url":"https:\/\/kisslindavirag.keriweb.hu\/wp-content\/uploads\/2026\/02\/cropped-Dark-Blue-Gold-Elegant-Perfume-Store-Logo-2-e1772023135938.png","contentUrl":"https:\/\/kisslindavirag.keriweb.hu\/wp-content\/uploads\/2026\/02\/cropped-Dark-Blue-Gold-Elegant-Perfume-Store-Logo-2-e1772023135938.png","width":250,"height":238,"caption":"Lindarf\u00fcm"},"image":{"@id":"https:\/\/kisslindavirag.keriweb.hu\/#\/schema\/logo\/image\/"}}]}},"_links":{"self":[{"href":"https:\/\/kisslindavirag.keriweb.hu\/en\/wp-json\/wp\/v2\/product\/219","targetHints":{"allow":["GET"]}}],"collection":[{"href":"https:\/\/kisslindavirag.keriweb.hu\/en\/wp-json\/wp\/v2\/product"}],"about":[{"href":"https:\/\/kisslindavirag.keriweb.hu\/en\/wp-json\/wp\/v2\/types\/product"}],"wp:featuredmedia":[{"embeddable":true,"href":"https:\/\/kisslindavirag.keriweb.hu\/en\/wp-json\/wp\/v2\/media\/221"}],"wp:attachment":[{"href":"https:\/\/kisslindavirag.keriweb.hu\/en\/wp-json\/wp\/v2\/media?parent=219"}],"wp:term":[{"taxonomy":"product_brand","embeddable":true,"href":"https:\/\/kisslindavirag.keriweb.hu\/en\/wp-json\/wp\/v2\/product_brand?post=219"},{"taxonomy":"product_cat","embeddable":true,"href":"https:\/\/kisslindavirag.keriweb.hu\/en\/wp-json\/wp\/v2\/product_cat?post=219"},{"taxonomy":"product_tag","embeddable":true,"href":"https:\/\/kisslindavirag.keriweb.hu\/en\/wp-json\/wp\/v2\/product_tag?post=219"}],"curies":[{"name":"wp","href":"https:\/\/api.w.org\/{rel}","templated":true}]}}