{"id":209,"date":"2026-02-23T12:54:00","date_gmt":"2026-02-23T10:54:00","guid":{"rendered":"https:\/\/kisslindavirag.keriweb.hu\/?post_type=product&#038;p=209"},"modified":"2026-02-23T12:56:22","modified_gmt":"2026-02-23T10:56:22","slug":"superz-budapest-la-boheme","status":"publish","type":"product","link":"https:\/\/kisslindavirag.keriweb.hu\/en\/product\/superz-budapest-la-boheme\/","title":{"rendered":"SUPERZ. Budapest La Boh\u00e9me 50ml"},"content":{"rendered":"<div class=\"c4vjg9m\">\n<div class=\"\">\n<table class=\"czfmaep\">\n<tbody>\n<tr class=\"c2rwzt\">\n<td class=\"cv0f7r3\">\n<div class=\"wvs9ouv\">Fej<\/div>\n<\/td>\n<td class=\"c1egxfdy\">grapefruit, bor\u00f3kabogy\u00f3, citrom<\/td>\n<\/tr>\n<tr class=\"c2rwzt\">\n<td class=\"cv0f7r3\">\n<div class=\"wvs9ouv\">Sz\u00edv<\/div>\n<\/td>\n<td class=\"c1egxfdy\">feketeribizli, g\u00f3lyaorr, gy\u00f6ngyvir\u00e1g, szerecsendi\u00f3, k\u00f6rte, r\u00f3zsa<\/td>\n<\/tr>\n<tr class=\"c2rwzt\">\n<td class=\"cv0f7r3\">\n<div class=\"wvs9ouv\">Alap<\/div>\n<\/td>\n<td class=\"c1egxfdy\">borosty\u00e1n, benzoin, c\u00e9drusfa, gy\u00f6mb\u00e9r, p\u00e9zsma, r\u00f3zsabors, vetiverf\u0171<\/td>\n<\/tr>\n<tr class=\"c2rwzt\">\n<td class=\"cv0f7r3\">Az illat fajt\u00e1ja<\/td>\n<td class=\"c1egxfdy\">citrusos<\/td>\n<\/tr>\n<tr class=\"c2rwzt\">\n<td class=\"cv0f7r3\">Az illatanyag-\u00f6sszetev\u0151 koncentr\u00e1ci\u00f3ja<\/td>\n<td class=\"c1egxfdy\">parf\u00fcm<\/td>\n<\/tr>\n<\/tbody>\n<\/table>\n<\/div>\n<\/div>\n<div class=\"m152i0kl e1v18fwl\">\n<div id=\"pd-description-text\" class=\"dpppq6z\" data-testid=\"pd-description-text\">\n<p>\u00dcde, m\u00e9gis intenz\u00edv. K\u00f6nnyed, m\u00e9gis f\u00e9rfias. A f\u00e9rfi SUPERZ. Budapest La Boh\u00e9me Eau de Parfum t\u00f6k\u00e9letes t\u00e1rsa lesz a mindennapok kalandjaiban.<\/p>\n<ul>\n<li>citrusos illat<\/li>\n<li>akt\u00edv \u00e9letet \u00e9l\u0151, mindig energikus f\u00e9rfiaknak<\/li>\n<li>friss illat meleg id\u0151re<\/li>\n<li>mindennapos viseletre alkalmas illat<\/li>\n<\/ul>\n<\/div>\n<\/div>","protected":false},"excerpt":{"rendered":"<p>Fej grapefruit, bor\u00f3kabogy\u00f3, citrom Sz\u00edv feketeribizli, g\u00f3lyaorr, gy\u00f6ngyvir\u00e1g, szerecsendi\u00f3, k\u00f6rte, r\u00f3zsa Alap borosty\u00e1n, benzoin, c\u00e9drusfa, gy\u00f6mb\u00e9r, p\u00e9zsma, r\u00f3zsabors, vetiverf\u0171 Az illat fajt\u00e1ja citrusos Az illatanyag-\u00f6sszetev\u0151 koncentr\u00e1ci\u00f3ja parf\u00fcm \u00dcde, m\u00e9gis intenz\u00edv. K\u00f6nnyed, m\u00e9gis f\u00e9rfias. A f\u00e9rfi SUPERZ. Budapest La Boh\u00e9me Eau de Parfum t\u00f6k\u00e9letes t\u00e1rsa lesz a mindennapok kalandjaiban. citrusos illat akt\u00edv \u00e9letet \u00e9l\u0151, mindig energikus &hellip; <\/p>","protected":false},"featured_media":213,"template":"","meta":[],"product_brand":[],"product_cat":[15],"product_tag":[],"class_list":{"0":"post-209","1":"product","2":"type-product","3":"status-publish","4":"has-post-thumbnail","6":"product_cat-egyeb","8":"first","9":"instock","10":"taxable","11":"shipping-taxable","12":"purchasable","13":"product-type-simple"},"yoast_head":"<!-- This site is optimized with the Yoast SEO plugin v27.3 - https:\/\/yoast.com\/product\/yoast-seo-wordpress\/ -->\n<title>SUPERZ. Budapest La Boh\u00e9me 50ml - Lindarf\u00fcm<\/title>\n<meta name=\"robots\" content=\"index, follow, max-snippet:-1, max-image-preview:large, max-video-preview:-1\" \/>\n<link rel=\"canonical\" href=\"https:\/\/kisslindavirag.keriweb.hu\/en\/product\/superz-budapest-la-boheme\/\" \/>\n<meta property=\"og:locale\" content=\"en_GB\" \/>\n<meta property=\"og:type\" content=\"article\" \/>\n<meta property=\"og:title\" content=\"SUPERZ. Budapest La Boh\u00e9me 50ml - Lindarf\u00fcm\" \/>\n<meta property=\"og:description\" content=\"Fej grapefruit, bor\u00f3kabogy\u00f3, citrom Sz\u00edv feketeribizli, g\u00f3lyaorr, gy\u00f6ngyvir\u00e1g, szerecsendi\u00f3, k\u00f6rte, r\u00f3zsa Alap borosty\u00e1n, benzoin, c\u00e9drusfa, gy\u00f6mb\u00e9r, p\u00e9zsma, r\u00f3zsabors, vetiverf\u0171 Az illat fajt\u00e1ja citrusos Az illatanyag-\u00f6sszetev\u0151 koncentr\u00e1ci\u00f3ja parf\u00fcm \u00dcde, m\u00e9gis intenz\u00edv. K\u00f6nnyed, m\u00e9gis f\u00e9rfias. A f\u00e9rfi SUPERZ. Budapest La Boh\u00e9me Eau de Parfum t\u00f6k\u00e9letes t\u00e1rsa lesz a mindennapok kalandjaiban. citrusos illat akt\u00edv \u00e9letet \u00e9l\u0151, mindig energikus &hellip;\" \/>\n<meta property=\"og:url\" content=\"https:\/\/kisslindavirag.keriweb.hu\/en\/product\/superz-budapest-la-boheme\/\" \/>\n<meta property=\"og:site_name\" content=\"Lindarf\u00fcm\" \/>\n<meta property=\"article:modified_time\" content=\"2026-02-23T10:56:22+00:00\" \/>\n<meta property=\"og:image\" content=\"https:\/\/kisslindavirag.keriweb.hu\/wp-content\/uploads\/2026\/02\/superz2.webp\" \/>\n\t<meta property=\"og:image:width\" content=\"800\" \/>\n\t<meta property=\"og:image:height\" content=\"688\" \/>\n\t<meta property=\"og:image:type\" content=\"image\/webp\" \/>\n<meta name=\"twitter:card\" content=\"summary_large_image\" \/>\n<meta name=\"twitter:label1\" content=\"Estimated reading time\" \/>\n\t<meta name=\"twitter:data1\" content=\"1 minute\" \/>\n<script type=\"application\/ld+json\" class=\"yoast-schema-graph\">{\"@context\":\"https:\\\/\\\/schema.org\",\"@graph\":[{\"@type\":\"WebPage\",\"@id\":\"https:\\\/\\\/kisslindavirag.keriweb.hu\\\/termek\\\/superz-budapest-la-boheme\\\/\",\"url\":\"https:\\\/\\\/kisslindavirag.keriweb.hu\\\/termek\\\/superz-budapest-la-boheme\\\/\",\"name\":\"SUPERZ. Budapest La Boh\u00e9me 50ml - Lindarf\u00fcm\",\"isPartOf\":{\"@id\":\"https:\\\/\\\/kisslindavirag.keriweb.hu\\\/#website\"},\"primaryImageOfPage\":{\"@id\":\"https:\\\/\\\/kisslindavirag.keriweb.hu\\\/termek\\\/superz-budapest-la-boheme\\\/#primaryimage\"},\"image\":{\"@id\":\"https:\\\/\\\/kisslindavirag.keriweb.hu\\\/termek\\\/superz-budapest-la-boheme\\\/#primaryimage\"},\"thumbnailUrl\":\"https:\\\/\\\/kisslindavirag.keriweb.hu\\\/wp-content\\\/uploads\\\/2026\\\/02\\\/superz2.webp\",\"datePublished\":\"2026-02-23T10:54:00+00:00\",\"dateModified\":\"2026-02-23T10:56:22+00:00\",\"breadcrumb\":{\"@id\":\"https:\\\/\\\/kisslindavirag.keriweb.hu\\\/termek\\\/superz-budapest-la-boheme\\\/#breadcrumb\"},\"inLanguage\":\"en-GB\",\"potentialAction\":[{\"@type\":\"ReadAction\",\"target\":[\"https:\\\/\\\/kisslindavirag.keriweb.hu\\\/termek\\\/superz-budapest-la-boheme\\\/\"]}]},{\"@type\":\"ImageObject\",\"inLanguage\":\"en-GB\",\"@id\":\"https:\\\/\\\/kisslindavirag.keriweb.hu\\\/termek\\\/superz-budapest-la-boheme\\\/#primaryimage\",\"url\":\"https:\\\/\\\/kisslindavirag.keriweb.hu\\\/wp-content\\\/uploads\\\/2026\\\/02\\\/superz2.webp\",\"contentUrl\":\"https:\\\/\\\/kisslindavirag.keriweb.hu\\\/wp-content\\\/uploads\\\/2026\\\/02\\\/superz2.webp\",\"width\":800,\"height\":688},{\"@type\":\"BreadcrumbList\",\"@id\":\"https:\\\/\\\/kisslindavirag.keriweb.hu\\\/termek\\\/superz-budapest-la-boheme\\\/#breadcrumb\",\"itemListElement\":[{\"@type\":\"ListItem\",\"position\":1,\"name\":\"Kezd\u0151lap\",\"item\":\"https:\\\/\\\/kisslindavirag.keriweb.hu\\\/\"},{\"@type\":\"ListItem\",\"position\":2,\"name\":\"Shop\",\"item\":\"https:\\\/\\\/kisslindavirag.keriweb.hu\\\/uzlet\\\/\"},{\"@type\":\"ListItem\",\"position\":3,\"name\":\"SUPERZ. Budapest La Boh\u00e9me 50ml\"}]},{\"@type\":\"WebSite\",\"@id\":\"https:\\\/\\\/kisslindavirag.keriweb.hu\\\/#website\",\"url\":\"https:\\\/\\\/kisslindavirag.keriweb.hu\\\/\",\"name\":\"Lindarf\u00fcm\",\"description\":\"Ez egy TESZT web\u00e1ruh\u00e1z, megrendel\u00e9s nem lehets\u00e9ges.\",\"publisher\":{\"@id\":\"https:\\\/\\\/kisslindavirag.keriweb.hu\\\/#organization\"},\"potentialAction\":[{\"@type\":\"SearchAction\",\"target\":{\"@type\":\"EntryPoint\",\"urlTemplate\":\"https:\\\/\\\/kisslindavirag.keriweb.hu\\\/?s={search_term_string}\"},\"query-input\":{\"@type\":\"PropertyValueSpecification\",\"valueRequired\":true,\"valueName\":\"search_term_string\"}}],\"inLanguage\":\"en-GB\"},{\"@type\":\"Organization\",\"@id\":\"https:\\\/\\\/kisslindavirag.keriweb.hu\\\/#organization\",\"name\":\"Lindarf\u00fcm\",\"url\":\"https:\\\/\\\/kisslindavirag.keriweb.hu\\\/\",\"logo\":{\"@type\":\"ImageObject\",\"inLanguage\":\"en-GB\",\"@id\":\"https:\\\/\\\/kisslindavirag.keriweb.hu\\\/#\\\/schema\\\/logo\\\/image\\\/\",\"url\":\"https:\\\/\\\/kisslindavirag.keriweb.hu\\\/wp-content\\\/uploads\\\/2026\\\/02\\\/cropped-Dark-Blue-Gold-Elegant-Perfume-Store-Logo-2-e1772023135938.png\",\"contentUrl\":\"https:\\\/\\\/kisslindavirag.keriweb.hu\\\/wp-content\\\/uploads\\\/2026\\\/02\\\/cropped-Dark-Blue-Gold-Elegant-Perfume-Store-Logo-2-e1772023135938.png\",\"width\":250,\"height\":238,\"caption\":\"Lindarf\u00fcm\"},\"image\":{\"@id\":\"https:\\\/\\\/kisslindavirag.keriweb.hu\\\/#\\\/schema\\\/logo\\\/image\\\/\"}}]}<\/script>\n<!-- \/ Yoast SEO plugin. -->","yoast_head_json":{"title":"SUPERZ. Budapest La Boh\u00e9me 50ml - Lindarf\u00fcm","robots":{"index":"index","follow":"follow","max-snippet":"max-snippet:-1","max-image-preview":"max-image-preview:large","max-video-preview":"max-video-preview:-1"},"canonical":"https:\/\/kisslindavirag.keriweb.hu\/en\/product\/superz-budapest-la-boheme\/","og_locale":"en_GB","og_type":"article","og_title":"SUPERZ. Budapest La Boh\u00e9me 50ml - Lindarf\u00fcm","og_description":"Fej grapefruit, bor\u00f3kabogy\u00f3, citrom Sz\u00edv feketeribizli, g\u00f3lyaorr, gy\u00f6ngyvir\u00e1g, szerecsendi\u00f3, k\u00f6rte, r\u00f3zsa Alap borosty\u00e1n, benzoin, c\u00e9drusfa, gy\u00f6mb\u00e9r, p\u00e9zsma, r\u00f3zsabors, vetiverf\u0171 Az illat fajt\u00e1ja citrusos Az illatanyag-\u00f6sszetev\u0151 koncentr\u00e1ci\u00f3ja parf\u00fcm \u00dcde, m\u00e9gis intenz\u00edv. K\u00f6nnyed, m\u00e9gis f\u00e9rfias. A f\u00e9rfi SUPERZ. Budapest La Boh\u00e9me Eau de Parfum t\u00f6k\u00e9letes t\u00e1rsa lesz a mindennapok kalandjaiban. citrusos illat akt\u00edv \u00e9letet \u00e9l\u0151, mindig energikus &hellip;","og_url":"https:\/\/kisslindavirag.keriweb.hu\/en\/product\/superz-budapest-la-boheme\/","og_site_name":"Lindarf\u00fcm","article_modified_time":"2026-02-23T10:56:22+00:00","og_image":[{"width":800,"height":688,"url":"https:\/\/kisslindavirag.keriweb.hu\/wp-content\/uploads\/2026\/02\/superz2.webp","type":"image\/webp"}],"twitter_card":"summary_large_image","twitter_misc":{"Estimated reading time":"1 minute"},"schema":{"@context":"https:\/\/schema.org","@graph":[{"@type":"WebPage","@id":"https:\/\/kisslindavirag.keriweb.hu\/termek\/superz-budapest-la-boheme\/","url":"https:\/\/kisslindavirag.keriweb.hu\/termek\/superz-budapest-la-boheme\/","name":"SUPERZ. Budapest La Boh\u00e9me 50ml - Lindarf\u00fcm","isPartOf":{"@id":"https:\/\/kisslindavirag.keriweb.hu\/#website"},"primaryImageOfPage":{"@id":"https:\/\/kisslindavirag.keriweb.hu\/termek\/superz-budapest-la-boheme\/#primaryimage"},"image":{"@id":"https:\/\/kisslindavirag.keriweb.hu\/termek\/superz-budapest-la-boheme\/#primaryimage"},"thumbnailUrl":"https:\/\/kisslindavirag.keriweb.hu\/wp-content\/uploads\/2026\/02\/superz2.webp","datePublished":"2026-02-23T10:54:00+00:00","dateModified":"2026-02-23T10:56:22+00:00","breadcrumb":{"@id":"https:\/\/kisslindavirag.keriweb.hu\/termek\/superz-budapest-la-boheme\/#breadcrumb"},"inLanguage":"en-GB","potentialAction":[{"@type":"ReadAction","target":["https:\/\/kisslindavirag.keriweb.hu\/termek\/superz-budapest-la-boheme\/"]}]},{"@type":"ImageObject","inLanguage":"en-GB","@id":"https:\/\/kisslindavirag.keriweb.hu\/termek\/superz-budapest-la-boheme\/#primaryimage","url":"https:\/\/kisslindavirag.keriweb.hu\/wp-content\/uploads\/2026\/02\/superz2.webp","contentUrl":"https:\/\/kisslindavirag.keriweb.hu\/wp-content\/uploads\/2026\/02\/superz2.webp","width":800,"height":688},{"@type":"BreadcrumbList","@id":"https:\/\/kisslindavirag.keriweb.hu\/termek\/superz-budapest-la-boheme\/#breadcrumb","itemListElement":[{"@type":"ListItem","position":1,"name":"Kezd\u0151lap","item":"https:\/\/kisslindavirag.keriweb.hu\/"},{"@type":"ListItem","position":2,"name":"Shop","item":"https:\/\/kisslindavirag.keriweb.hu\/uzlet\/"},{"@type":"ListItem","position":3,"name":"SUPERZ. Budapest La Boh\u00e9me 50ml"}]},{"@type":"WebSite","@id":"https:\/\/kisslindavirag.keriweb.hu\/#website","url":"https:\/\/kisslindavirag.keriweb.hu\/","name":"Lindarf\u00fcm","description":"Ez egy TESZT web\u00e1ruh\u00e1z, megrendel\u00e9s nem lehets\u00e9ges.","publisher":{"@id":"https:\/\/kisslindavirag.keriweb.hu\/#organization"},"potentialAction":[{"@type":"SearchAction","target":{"@type":"EntryPoint","urlTemplate":"https:\/\/kisslindavirag.keriweb.hu\/?s={search_term_string}"},"query-input":{"@type":"PropertyValueSpecification","valueRequired":true,"valueName":"search_term_string"}}],"inLanguage":"en-GB"},{"@type":"Organization","@id":"https:\/\/kisslindavirag.keriweb.hu\/#organization","name":"Lindarf\u00fcm","url":"https:\/\/kisslindavirag.keriweb.hu\/","logo":{"@type":"ImageObject","inLanguage":"en-GB","@id":"https:\/\/kisslindavirag.keriweb.hu\/#\/schema\/logo\/image\/","url":"https:\/\/kisslindavirag.keriweb.hu\/wp-content\/uploads\/2026\/02\/cropped-Dark-Blue-Gold-Elegant-Perfume-Store-Logo-2-e1772023135938.png","contentUrl":"https:\/\/kisslindavirag.keriweb.hu\/wp-content\/uploads\/2026\/02\/cropped-Dark-Blue-Gold-Elegant-Perfume-Store-Logo-2-e1772023135938.png","width":250,"height":238,"caption":"Lindarf\u00fcm"},"image":{"@id":"https:\/\/kisslindavirag.keriweb.hu\/#\/schema\/logo\/image\/"}}]}},"_links":{"self":[{"href":"https:\/\/kisslindavirag.keriweb.hu\/en\/wp-json\/wp\/v2\/product\/209","targetHints":{"allow":["GET"]}}],"collection":[{"href":"https:\/\/kisslindavirag.keriweb.hu\/en\/wp-json\/wp\/v2\/product"}],"about":[{"href":"https:\/\/kisslindavirag.keriweb.hu\/en\/wp-json\/wp\/v2\/types\/product"}],"wp:featuredmedia":[{"embeddable":true,"href":"https:\/\/kisslindavirag.keriweb.hu\/en\/wp-json\/wp\/v2\/media\/213"}],"wp:attachment":[{"href":"https:\/\/kisslindavirag.keriweb.hu\/en\/wp-json\/wp\/v2\/media?parent=209"}],"wp:term":[{"taxonomy":"product_brand","embeddable":true,"href":"https:\/\/kisslindavirag.keriweb.hu\/en\/wp-json\/wp\/v2\/product_brand?post=209"},{"taxonomy":"product_cat","embeddable":true,"href":"https:\/\/kisslindavirag.keriweb.hu\/en\/wp-json\/wp\/v2\/product_cat?post=209"},{"taxonomy":"product_tag","embeddable":true,"href":"https:\/\/kisslindavirag.keriweb.hu\/en\/wp-json\/wp\/v2\/product_tag?post=209"}],"curies":[{"name":"wp","href":"https:\/\/api.w.org\/{rel}","templated":true}]}}