{"id":200,"date":"2026-02-23T12:38:55","date_gmt":"2026-02-23T10:38:55","guid":{"rendered":"https:\/\/kisslindavirag.keriweb.hu\/?post_type=product&#038;p=200"},"modified":"2026-02-25T12:09:42","modified_gmt":"2026-02-25T10:09:42","slug":"jean-paul-gaultier-divine","status":"publish","type":"product","link":"https:\/\/kisslindavirag.keriweb.hu\/en\/product\/jean-paul-gaultier-divine\/","title":{"rendered":"Jean Paul Gaultier Divine"},"content":{"rendered":"<p>A\u00a0Jean Paul Gaultier Gaultier Divine Eau De Parfum a halhatatlan n\u0151iess\u00e9get \u00fcnnepli,\u00a0a term\u00e9szetesen rendk\u00edv\u00fclit, az isteni val\u00f3t.\u00a0Term\u00e9szetes er\u0151t sug\u00e1roz. Felszabadult \u00e9s aranysz\u00edn\u0171 &#8211; eg\u00e9szen a f\u0171z\u0151ig. Egyszer\u0171en k\u00e1pr\u00e1zatos &#8211; a finom, tengeri vir\u00e1gos illatnak a m\u00e1gnesess\u00e9ge\u00a0egy igazi, karakteres n\u0151t jelez. Vir\u00e1gos,\u00a0gourmand\u00a0\u00e9s tengeri jegyek kavalk\u00e1dj\u00e1ban a feh\u00e9r vir\u00e1gok, a liliom, a kr\u00e9mes, habos habcs\u00f3k \u00e9s a s\u00f3s tengeri szell\u0151 domin\u00e1l. K\u00f6nnyed, j\u00e1t\u00e9kos, mag\u00e1val ragad\u00f3!<\/p>\n<p>Megjelen\u00e9si \u00e9v: 2023<\/p>\n<p>Illatcsal\u00e1d: Vir\u00e1gos-gourmand<\/p>\n<p>Illatjegyek: tengeri szell\u0151, habcs\u00f3k, liliom, feh\u00e9r vir\u00e1gok, tengeri s\u00f3<\/p>\n<p>\u00d6sszetev\u0151k: ALCOHOL DENAT., PARFUM (FRAGRANCE), AQUA (WATER), LINALOOL, BUTYL METHOXYDIBENZOYLMETHANE, LIMONENE, GERANIOL, EUGENOL, ALCOHOL, TRIS(TETRAMETHYLHYDROXYPIPERIDINOL) CITRATE, BENZYL BENZOATE, CITRAL, BENZYL ALCOHOL, BENZYL SALICYLATE, CI 19140 (YELLOW 5), CI 14700 (RED 4), CI 60730 (EXT. VIOLET 2).<\/p>","protected":false},"excerpt":{"rendered":"<p>A\u00a0Jean Paul Gaultier Gaultier Divine Eau De Parfum a halhatatlan n\u0151iess\u00e9get \u00fcnnepli,\u00a0a term\u00e9szetesen rendk\u00edv\u00fclit, az isteni val\u00f3t.\u00a0Term\u00e9szetes er\u0151t sug\u00e1roz. Felszabadult \u00e9s aranysz\u00edn\u0171 &#8211; eg\u00e9szen a f\u0171z\u0151ig. Egyszer\u0171en k\u00e1pr\u00e1zatos &#8211; a finom, tengeri vir\u00e1gos illatnak a m\u00e1gnesess\u00e9ge\u00a0egy igazi, karakteres n\u0151t jelez. Vir\u00e1gos,\u00a0gourmand\u00a0\u00e9s tengeri jegyek kavalk\u00e1dj\u00e1ban a feh\u00e9r vir\u00e1gok, a liliom, a kr\u00e9mes, habos habcs\u00f3k \u00e9s a &hellip; <\/p>","protected":false},"featured_media":202,"template":"","meta":[],"product_brand":[],"product_cat":[15],"product_tag":[],"class_list":{"0":"post-200","1":"product","2":"type-product","3":"status-publish","4":"has-post-thumbnail","6":"product_cat-egyeb","8":"first","9":"instock","10":"taxable","11":"shipping-taxable","12":"purchasable","13":"product-type-variable"},"yoast_head":"<!-- This site is optimized with the Yoast SEO plugin v27.3 - https:\/\/yoast.com\/product\/yoast-seo-wordpress\/ -->\n<title>Jean Paul Gaultier Divine - Lindarf\u00fcm<\/title>\n<meta name=\"robots\" content=\"index, follow, max-snippet:-1, max-image-preview:large, max-video-preview:-1\" \/>\n<link rel=\"canonical\" href=\"https:\/\/kisslindavirag.keriweb.hu\/en\/product\/jean-paul-gaultier-divine\/\" \/>\n<meta property=\"og:locale\" content=\"en_GB\" \/>\n<meta property=\"og:type\" content=\"article\" \/>\n<meta property=\"og:title\" content=\"Jean Paul Gaultier Divine - Lindarf\u00fcm\" \/>\n<meta property=\"og:description\" content=\"A\u00a0Jean Paul Gaultier Gaultier Divine Eau De Parfum a halhatatlan n\u0151iess\u00e9get \u00fcnnepli,\u00a0a term\u00e9szetesen rendk\u00edv\u00fclit, az isteni val\u00f3t.\u00a0Term\u00e9szetes er\u0151t sug\u00e1roz. Felszabadult \u00e9s aranysz\u00edn\u0171 &#8211; eg\u00e9szen a f\u0171z\u0151ig. Egyszer\u0171en k\u00e1pr\u00e1zatos &#8211; a finom, tengeri vir\u00e1gos illatnak a m\u00e1gnesess\u00e9ge\u00a0egy igazi, karakteres n\u0151t jelez. Vir\u00e1gos,\u00a0gourmand\u00a0\u00e9s tengeri jegyek kavalk\u00e1dj\u00e1ban a feh\u00e9r vir\u00e1gok, a liliom, a kr\u00e9mes, habos habcs\u00f3k \u00e9s a &hellip;\" \/>\n<meta property=\"og:url\" content=\"https:\/\/kisslindavirag.keriweb.hu\/en\/product\/jean-paul-gaultier-divine\/\" \/>\n<meta property=\"og:site_name\" content=\"Lindarf\u00fcm\" \/>\n<meta property=\"article:modified_time\" content=\"2026-02-25T10:09:42+00:00\" \/>\n<meta property=\"og:image\" content=\"https:\/\/kisslindavirag.keriweb.hu\/wp-content\/uploads\/2026\/02\/jj1.jpg\" \/>\n\t<meta property=\"og:image:width\" content=\"500\" \/>\n\t<meta property=\"og:image:height\" content=\"500\" \/>\n\t<meta property=\"og:image:type\" content=\"image\/jpeg\" \/>\n<meta name=\"twitter:card\" content=\"summary_large_image\" \/>\n<meta name=\"twitter:label1\" content=\"Estimated reading time\" \/>\n\t<meta name=\"twitter:data1\" content=\"1 minute\" \/>\n<script type=\"application\/ld+json\" class=\"yoast-schema-graph\">{\"@context\":\"https:\\\/\\\/schema.org\",\"@graph\":[{\"@type\":\"WebPage\",\"@id\":\"https:\\\/\\\/kisslindavirag.keriweb.hu\\\/termek\\\/jean-paul-gaultier-divine\\\/\",\"url\":\"https:\\\/\\\/kisslindavirag.keriweb.hu\\\/termek\\\/jean-paul-gaultier-divine\\\/\",\"name\":\"Jean Paul Gaultier Divine - Lindarf\u00fcm\",\"isPartOf\":{\"@id\":\"https:\\\/\\\/kisslindavirag.keriweb.hu\\\/#website\"},\"primaryImageOfPage\":{\"@id\":\"https:\\\/\\\/kisslindavirag.keriweb.hu\\\/termek\\\/jean-paul-gaultier-divine\\\/#primaryimage\"},\"image\":{\"@id\":\"https:\\\/\\\/kisslindavirag.keriweb.hu\\\/termek\\\/jean-paul-gaultier-divine\\\/#primaryimage\"},\"thumbnailUrl\":\"https:\\\/\\\/kisslindavirag.keriweb.hu\\\/wp-content\\\/uploads\\\/2026\\\/02\\\/jj1.jpg\",\"datePublished\":\"2026-02-23T10:38:55+00:00\",\"dateModified\":\"2026-02-25T10:09:42+00:00\",\"breadcrumb\":{\"@id\":\"https:\\\/\\\/kisslindavirag.keriweb.hu\\\/termek\\\/jean-paul-gaultier-divine\\\/#breadcrumb\"},\"inLanguage\":\"en-GB\",\"potentialAction\":[{\"@type\":\"ReadAction\",\"target\":[\"https:\\\/\\\/kisslindavirag.keriweb.hu\\\/termek\\\/jean-paul-gaultier-divine\\\/\"]}]},{\"@type\":\"ImageObject\",\"inLanguage\":\"en-GB\",\"@id\":\"https:\\\/\\\/kisslindavirag.keriweb.hu\\\/termek\\\/jean-paul-gaultier-divine\\\/#primaryimage\",\"url\":\"https:\\\/\\\/kisslindavirag.keriweb.hu\\\/wp-content\\\/uploads\\\/2026\\\/02\\\/jj1.jpg\",\"contentUrl\":\"https:\\\/\\\/kisslindavirag.keriweb.hu\\\/wp-content\\\/uploads\\\/2026\\\/02\\\/jj1.jpg\",\"width\":500,\"height\":500},{\"@type\":\"BreadcrumbList\",\"@id\":\"https:\\\/\\\/kisslindavirag.keriweb.hu\\\/termek\\\/jean-paul-gaultier-divine\\\/#breadcrumb\",\"itemListElement\":[{\"@type\":\"ListItem\",\"position\":1,\"name\":\"Kezd\u0151lap\",\"item\":\"https:\\\/\\\/kisslindavirag.keriweb.hu\\\/\"},{\"@type\":\"ListItem\",\"position\":2,\"name\":\"Shop\",\"item\":\"https:\\\/\\\/kisslindavirag.keriweb.hu\\\/uzlet\\\/\"},{\"@type\":\"ListItem\",\"position\":3,\"name\":\"Jean Paul Gaultier Divine\"}]},{\"@type\":\"WebSite\",\"@id\":\"https:\\\/\\\/kisslindavirag.keriweb.hu\\\/#website\",\"url\":\"https:\\\/\\\/kisslindavirag.keriweb.hu\\\/\",\"name\":\"Lindarf\u00fcm\",\"description\":\"Ez egy TESZT web\u00e1ruh\u00e1z, megrendel\u00e9s nem lehets\u00e9ges.\",\"publisher\":{\"@id\":\"https:\\\/\\\/kisslindavirag.keriweb.hu\\\/#organization\"},\"potentialAction\":[{\"@type\":\"SearchAction\",\"target\":{\"@type\":\"EntryPoint\",\"urlTemplate\":\"https:\\\/\\\/kisslindavirag.keriweb.hu\\\/?s={search_term_string}\"},\"query-input\":{\"@type\":\"PropertyValueSpecification\",\"valueRequired\":true,\"valueName\":\"search_term_string\"}}],\"inLanguage\":\"en-GB\"},{\"@type\":\"Organization\",\"@id\":\"https:\\\/\\\/kisslindavirag.keriweb.hu\\\/#organization\",\"name\":\"Lindarf\u00fcm\",\"url\":\"https:\\\/\\\/kisslindavirag.keriweb.hu\\\/\",\"logo\":{\"@type\":\"ImageObject\",\"inLanguage\":\"en-GB\",\"@id\":\"https:\\\/\\\/kisslindavirag.keriweb.hu\\\/#\\\/schema\\\/logo\\\/image\\\/\",\"url\":\"https:\\\/\\\/kisslindavirag.keriweb.hu\\\/wp-content\\\/uploads\\\/2026\\\/02\\\/cropped-Dark-Blue-Gold-Elegant-Perfume-Store-Logo-2-e1772023135938.png\",\"contentUrl\":\"https:\\\/\\\/kisslindavirag.keriweb.hu\\\/wp-content\\\/uploads\\\/2026\\\/02\\\/cropped-Dark-Blue-Gold-Elegant-Perfume-Store-Logo-2-e1772023135938.png\",\"width\":250,\"height\":238,\"caption\":\"Lindarf\u00fcm\"},\"image\":{\"@id\":\"https:\\\/\\\/kisslindavirag.keriweb.hu\\\/#\\\/schema\\\/logo\\\/image\\\/\"}}]}<\/script>\n<!-- \/ Yoast SEO plugin. -->","yoast_head_json":{"title":"Jean Paul Gaultier Divine - Lindarf\u00fcm","robots":{"index":"index","follow":"follow","max-snippet":"max-snippet:-1","max-image-preview":"max-image-preview:large","max-video-preview":"max-video-preview:-1"},"canonical":"https:\/\/kisslindavirag.keriweb.hu\/en\/product\/jean-paul-gaultier-divine\/","og_locale":"en_GB","og_type":"article","og_title":"Jean Paul Gaultier Divine - Lindarf\u00fcm","og_description":"A\u00a0Jean Paul Gaultier Gaultier Divine Eau De Parfum a halhatatlan n\u0151iess\u00e9get \u00fcnnepli,\u00a0a term\u00e9szetesen rendk\u00edv\u00fclit, az isteni val\u00f3t.\u00a0Term\u00e9szetes er\u0151t sug\u00e1roz. Felszabadult \u00e9s aranysz\u00edn\u0171 &#8211; eg\u00e9szen a f\u0171z\u0151ig. Egyszer\u0171en k\u00e1pr\u00e1zatos &#8211; a finom, tengeri vir\u00e1gos illatnak a m\u00e1gnesess\u00e9ge\u00a0egy igazi, karakteres n\u0151t jelez. Vir\u00e1gos,\u00a0gourmand\u00a0\u00e9s tengeri jegyek kavalk\u00e1dj\u00e1ban a feh\u00e9r vir\u00e1gok, a liliom, a kr\u00e9mes, habos habcs\u00f3k \u00e9s a &hellip;","og_url":"https:\/\/kisslindavirag.keriweb.hu\/en\/product\/jean-paul-gaultier-divine\/","og_site_name":"Lindarf\u00fcm","article_modified_time":"2026-02-25T10:09:42+00:00","og_image":[{"width":500,"height":500,"url":"https:\/\/kisslindavirag.keriweb.hu\/wp-content\/uploads\/2026\/02\/jj1.jpg","type":"image\/jpeg"}],"twitter_card":"summary_large_image","twitter_misc":{"Estimated reading time":"1 minute"},"schema":{"@context":"https:\/\/schema.org","@graph":[{"@type":"WebPage","@id":"https:\/\/kisslindavirag.keriweb.hu\/termek\/jean-paul-gaultier-divine\/","url":"https:\/\/kisslindavirag.keriweb.hu\/termek\/jean-paul-gaultier-divine\/","name":"Jean Paul Gaultier Divine - Lindarf\u00fcm","isPartOf":{"@id":"https:\/\/kisslindavirag.keriweb.hu\/#website"},"primaryImageOfPage":{"@id":"https:\/\/kisslindavirag.keriweb.hu\/termek\/jean-paul-gaultier-divine\/#primaryimage"},"image":{"@id":"https:\/\/kisslindavirag.keriweb.hu\/termek\/jean-paul-gaultier-divine\/#primaryimage"},"thumbnailUrl":"https:\/\/kisslindavirag.keriweb.hu\/wp-content\/uploads\/2026\/02\/jj1.jpg","datePublished":"2026-02-23T10:38:55+00:00","dateModified":"2026-02-25T10:09:42+00:00","breadcrumb":{"@id":"https:\/\/kisslindavirag.keriweb.hu\/termek\/jean-paul-gaultier-divine\/#breadcrumb"},"inLanguage":"en-GB","potentialAction":[{"@type":"ReadAction","target":["https:\/\/kisslindavirag.keriweb.hu\/termek\/jean-paul-gaultier-divine\/"]}]},{"@type":"ImageObject","inLanguage":"en-GB","@id":"https:\/\/kisslindavirag.keriweb.hu\/termek\/jean-paul-gaultier-divine\/#primaryimage","url":"https:\/\/kisslindavirag.keriweb.hu\/wp-content\/uploads\/2026\/02\/jj1.jpg","contentUrl":"https:\/\/kisslindavirag.keriweb.hu\/wp-content\/uploads\/2026\/02\/jj1.jpg","width":500,"height":500},{"@type":"BreadcrumbList","@id":"https:\/\/kisslindavirag.keriweb.hu\/termek\/jean-paul-gaultier-divine\/#breadcrumb","itemListElement":[{"@type":"ListItem","position":1,"name":"Kezd\u0151lap","item":"https:\/\/kisslindavirag.keriweb.hu\/"},{"@type":"ListItem","position":2,"name":"Shop","item":"https:\/\/kisslindavirag.keriweb.hu\/uzlet\/"},{"@type":"ListItem","position":3,"name":"Jean Paul Gaultier Divine"}]},{"@type":"WebSite","@id":"https:\/\/kisslindavirag.keriweb.hu\/#website","url":"https:\/\/kisslindavirag.keriweb.hu\/","name":"Lindarf\u00fcm","description":"Ez egy TESZT web\u00e1ruh\u00e1z, megrendel\u00e9s nem lehets\u00e9ges.","publisher":{"@id":"https:\/\/kisslindavirag.keriweb.hu\/#organization"},"potentialAction":[{"@type":"SearchAction","target":{"@type":"EntryPoint","urlTemplate":"https:\/\/kisslindavirag.keriweb.hu\/?s={search_term_string}"},"query-input":{"@type":"PropertyValueSpecification","valueRequired":true,"valueName":"search_term_string"}}],"inLanguage":"en-GB"},{"@type":"Organization","@id":"https:\/\/kisslindavirag.keriweb.hu\/#organization","name":"Lindarf\u00fcm","url":"https:\/\/kisslindavirag.keriweb.hu\/","logo":{"@type":"ImageObject","inLanguage":"en-GB","@id":"https:\/\/kisslindavirag.keriweb.hu\/#\/schema\/logo\/image\/","url":"https:\/\/kisslindavirag.keriweb.hu\/wp-content\/uploads\/2026\/02\/cropped-Dark-Blue-Gold-Elegant-Perfume-Store-Logo-2-e1772023135938.png","contentUrl":"https:\/\/kisslindavirag.keriweb.hu\/wp-content\/uploads\/2026\/02\/cropped-Dark-Blue-Gold-Elegant-Perfume-Store-Logo-2-e1772023135938.png","width":250,"height":238,"caption":"Lindarf\u00fcm"},"image":{"@id":"https:\/\/kisslindavirag.keriweb.hu\/#\/schema\/logo\/image\/"}}]}},"_links":{"self":[{"href":"https:\/\/kisslindavirag.keriweb.hu\/en\/wp-json\/wp\/v2\/product\/200","targetHints":{"allow":["GET"]}}],"collection":[{"href":"https:\/\/kisslindavirag.keriweb.hu\/en\/wp-json\/wp\/v2\/product"}],"about":[{"href":"https:\/\/kisslindavirag.keriweb.hu\/en\/wp-json\/wp\/v2\/types\/product"}],"wp:featuredmedia":[{"embeddable":true,"href":"https:\/\/kisslindavirag.keriweb.hu\/en\/wp-json\/wp\/v2\/media\/202"}],"wp:attachment":[{"href":"https:\/\/kisslindavirag.keriweb.hu\/en\/wp-json\/wp\/v2\/media?parent=200"}],"wp:term":[{"taxonomy":"product_brand","embeddable":true,"href":"https:\/\/kisslindavirag.keriweb.hu\/en\/wp-json\/wp\/v2\/product_brand?post=200"},{"taxonomy":"product_cat","embeddable":true,"href":"https:\/\/kisslindavirag.keriweb.hu\/en\/wp-json\/wp\/v2\/product_cat?post=200"},{"taxonomy":"product_tag","embeddable":true,"href":"https:\/\/kisslindavirag.keriweb.hu\/en\/wp-json\/wp\/v2\/product_tag?post=200"}],"curies":[{"name":"wp","href":"https:\/\/api.w.org\/{rel}","templated":true}]}}