{"id":175,"date":"2026-02-20T10:22:01","date_gmt":"2026-02-20T08:22:01","guid":{"rendered":"https:\/\/kisslindavirag.keriweb.hu\/?post_type=product&#038;p=175"},"modified":"2026-02-24T11:44:22","modified_gmt":"2026-02-24T09:44:22","slug":"baccarat-rouge-540","status":"publish","type":"product","link":"https:\/\/kisslindavirag.keriweb.hu\/en\/product\/baccarat-rouge-540\/","title":{"rendered":"Baccarat Rouge 540 70ml"},"content":{"rendered":"<p>A Baccarat Rouge 540 uniszex illat a Baccarat \u00fcveggy\u00e1r 250. \u00e9vfordul\u00f3j\u00e1ra k\u00e9sz\u00fclt. A gy\u00e1rt\u00e1s\u00e1r\u00f3l maga Francis Kurkdjian gondoskodott. A rubint krist\u00e1lyokat gy\u00e1rt\u00f3 \u00e9s az olvadt \u00fcveghez aranyat hozz\u00e1ad\u00f3 \u00fcveggy\u00e1r ihlette. Ezut\u00e1n a rubint 540\u00b0C-ra hev\u00edt\u00e9s\u00e9vel \u00e9rik el a m\u00e9lyv\u00f6r\u00f6s sz\u00ednt.<\/p>","protected":false},"excerpt":{"rendered":"<p>A Baccarat Rouge 540 uniszex illat a Baccarat \u00fcveggy\u00e1r 250. \u00e9vfordul\u00f3j\u00e1ra k\u00e9sz\u00fclt. A gy\u00e1rt\u00e1s\u00e1r\u00f3l maga Francis Kurkdjian gondoskodott. A rubint krist\u00e1lyokat gy\u00e1rt\u00f3 \u00e9s az olvadt \u00fcveghez aranyat hozz\u00e1ad\u00f3 \u00fcveggy\u00e1r ihlette. Ezut\u00e1n a rubint 540\u00b0C-ra hev\u00edt\u00e9s\u00e9vel \u00e9rik el a m\u00e9lyv\u00f6r\u00f6s sz\u00ednt.<\/p>","protected":false},"featured_media":177,"template":"","meta":[],"product_brand":[],"product_cat":[15],"product_tag":[],"class_list":{"0":"post-175","1":"product","2":"type-product","3":"status-publish","4":"has-post-thumbnail","6":"product_cat-egyeb","8":"first","9":"instock","10":"taxable","11":"shipping-taxable","12":"purchasable","13":"product-type-simple"},"yoast_head":"<!-- This site is optimized with the Yoast SEO plugin v27.3 - https:\/\/yoast.com\/product\/yoast-seo-wordpress\/ -->\n<title>Baccarat Rouge 540 70ml - Lindarf\u00fcm<\/title>\n<meta name=\"robots\" content=\"index, follow, max-snippet:-1, max-image-preview:large, max-video-preview:-1\" \/>\n<link rel=\"canonical\" href=\"https:\/\/kisslindavirag.keriweb.hu\/en\/product\/baccarat-rouge-540\/\" \/>\n<meta property=\"og:locale\" content=\"en_GB\" \/>\n<meta property=\"og:type\" content=\"article\" \/>\n<meta property=\"og:title\" content=\"Baccarat Rouge 540 70ml - Lindarf\u00fcm\" \/>\n<meta property=\"og:description\" content=\"A Baccarat Rouge 540 uniszex illat a Baccarat \u00fcveggy\u00e1r 250. \u00e9vfordul\u00f3j\u00e1ra k\u00e9sz\u00fclt. A gy\u00e1rt\u00e1s\u00e1r\u00f3l maga Francis Kurkdjian gondoskodott. A rubint krist\u00e1lyokat gy\u00e1rt\u00f3 \u00e9s az olvadt \u00fcveghez aranyat hozz\u00e1ad\u00f3 \u00fcveggy\u00e1r ihlette. Ezut\u00e1n a rubint 540\u00b0C-ra hev\u00edt\u00e9s\u00e9vel \u00e9rik el a m\u00e9lyv\u00f6r\u00f6s sz\u00ednt.\" \/>\n<meta property=\"og:url\" content=\"https:\/\/kisslindavirag.keriweb.hu\/en\/product\/baccarat-rouge-540\/\" \/>\n<meta property=\"og:site_name\" content=\"Lindarf\u00fcm\" \/>\n<meta property=\"article:modified_time\" content=\"2026-02-24T09:44:22+00:00\" \/>\n<meta property=\"og:image\" content=\"https:\/\/kisslindavirag.keriweb.hu\/wp-content\/uploads\/2026\/02\/perfume-baccarat-rouge-540-maison-francis-kurkdjian-608o.jpg.webp\" \/>\n\t<meta property=\"og:image:width\" content=\"1240\" \/>\n\t<meta property=\"og:image:height\" content=\"1240\" \/>\n\t<meta property=\"og:image:type\" content=\"image\/webp\" \/>\n<meta name=\"twitter:card\" content=\"summary_large_image\" \/>\n<meta name=\"twitter:label1\" content=\"Estimated reading time\" \/>\n\t<meta name=\"twitter:data1\" content=\"1 minute\" \/>\n<script type=\"application\/ld+json\" class=\"yoast-schema-graph\">{\"@context\":\"https:\\\/\\\/schema.org\",\"@graph\":[{\"@type\":\"WebPage\",\"@id\":\"https:\\\/\\\/kisslindavirag.keriweb.hu\\\/termek\\\/baccarat-rouge-540\\\/\",\"url\":\"https:\\\/\\\/kisslindavirag.keriweb.hu\\\/termek\\\/baccarat-rouge-540\\\/\",\"name\":\"Baccarat Rouge 540 70ml - Lindarf\u00fcm\",\"isPartOf\":{\"@id\":\"https:\\\/\\\/kisslindavirag.keriweb.hu\\\/#website\"},\"primaryImageOfPage\":{\"@id\":\"https:\\\/\\\/kisslindavirag.keriweb.hu\\\/termek\\\/baccarat-rouge-540\\\/#primaryimage\"},\"image\":{\"@id\":\"https:\\\/\\\/kisslindavirag.keriweb.hu\\\/termek\\\/baccarat-rouge-540\\\/#primaryimage\"},\"thumbnailUrl\":\"https:\\\/\\\/kisslindavirag.keriweb.hu\\\/wp-content\\\/uploads\\\/2026\\\/02\\\/perfume-baccarat-rouge-540-maison-francis-kurkdjian-608o.jpg.webp\",\"datePublished\":\"2026-02-20T08:22:01+00:00\",\"dateModified\":\"2026-02-24T09:44:22+00:00\",\"breadcrumb\":{\"@id\":\"https:\\\/\\\/kisslindavirag.keriweb.hu\\\/termek\\\/baccarat-rouge-540\\\/#breadcrumb\"},\"inLanguage\":\"en-GB\",\"potentialAction\":[{\"@type\":\"ReadAction\",\"target\":[\"https:\\\/\\\/kisslindavirag.keriweb.hu\\\/termek\\\/baccarat-rouge-540\\\/\"]}]},{\"@type\":\"ImageObject\",\"inLanguage\":\"en-GB\",\"@id\":\"https:\\\/\\\/kisslindavirag.keriweb.hu\\\/termek\\\/baccarat-rouge-540\\\/#primaryimage\",\"url\":\"https:\\\/\\\/kisslindavirag.keriweb.hu\\\/wp-content\\\/uploads\\\/2026\\\/02\\\/perfume-baccarat-rouge-540-maison-francis-kurkdjian-608o.jpg.webp\",\"contentUrl\":\"https:\\\/\\\/kisslindavirag.keriweb.hu\\\/wp-content\\\/uploads\\\/2026\\\/02\\\/perfume-baccarat-rouge-540-maison-francis-kurkdjian-608o.jpg.webp\",\"width\":1240,\"height\":1240},{\"@type\":\"BreadcrumbList\",\"@id\":\"https:\\\/\\\/kisslindavirag.keriweb.hu\\\/termek\\\/baccarat-rouge-540\\\/#breadcrumb\",\"itemListElement\":[{\"@type\":\"ListItem\",\"position\":1,\"name\":\"Kezd\u0151lap\",\"item\":\"https:\\\/\\\/kisslindavirag.keriweb.hu\\\/\"},{\"@type\":\"ListItem\",\"position\":2,\"name\":\"Shop\",\"item\":\"https:\\\/\\\/kisslindavirag.keriweb.hu\\\/uzlet\\\/\"},{\"@type\":\"ListItem\",\"position\":3,\"name\":\"Baccarat Rouge 540 70ml\"}]},{\"@type\":\"WebSite\",\"@id\":\"https:\\\/\\\/kisslindavirag.keriweb.hu\\\/#website\",\"url\":\"https:\\\/\\\/kisslindavirag.keriweb.hu\\\/\",\"name\":\"Lindarf\u00fcm\",\"description\":\"Ez egy TESZT web\u00e1ruh\u00e1z, megrendel\u00e9s nem lehets\u00e9ges.\",\"publisher\":{\"@id\":\"https:\\\/\\\/kisslindavirag.keriweb.hu\\\/#organization\"},\"potentialAction\":[{\"@type\":\"SearchAction\",\"target\":{\"@type\":\"EntryPoint\",\"urlTemplate\":\"https:\\\/\\\/kisslindavirag.keriweb.hu\\\/?s={search_term_string}\"},\"query-input\":{\"@type\":\"PropertyValueSpecification\",\"valueRequired\":true,\"valueName\":\"search_term_string\"}}],\"inLanguage\":\"en-GB\"},{\"@type\":\"Organization\",\"@id\":\"https:\\\/\\\/kisslindavirag.keriweb.hu\\\/#organization\",\"name\":\"Lindarf\u00fcm\",\"url\":\"https:\\\/\\\/kisslindavirag.keriweb.hu\\\/\",\"logo\":{\"@type\":\"ImageObject\",\"inLanguage\":\"en-GB\",\"@id\":\"https:\\\/\\\/kisslindavirag.keriweb.hu\\\/#\\\/schema\\\/logo\\\/image\\\/\",\"url\":\"https:\\\/\\\/kisslindavirag.keriweb.hu\\\/wp-content\\\/uploads\\\/2026\\\/02\\\/cropped-Dark-Blue-Gold-Elegant-Perfume-Store-Logo-2-e1772023135938.png\",\"contentUrl\":\"https:\\\/\\\/kisslindavirag.keriweb.hu\\\/wp-content\\\/uploads\\\/2026\\\/02\\\/cropped-Dark-Blue-Gold-Elegant-Perfume-Store-Logo-2-e1772023135938.png\",\"width\":250,\"height\":238,\"caption\":\"Lindarf\u00fcm\"},\"image\":{\"@id\":\"https:\\\/\\\/kisslindavirag.keriweb.hu\\\/#\\\/schema\\\/logo\\\/image\\\/\"}}]}<\/script>\n<!-- \/ Yoast SEO plugin. -->","yoast_head_json":{"title":"Baccarat Rouge 540 70ml - Lindarf\u00fcm","robots":{"index":"index","follow":"follow","max-snippet":"max-snippet:-1","max-image-preview":"max-image-preview:large","max-video-preview":"max-video-preview:-1"},"canonical":"https:\/\/kisslindavirag.keriweb.hu\/en\/product\/baccarat-rouge-540\/","og_locale":"en_GB","og_type":"article","og_title":"Baccarat Rouge 540 70ml - Lindarf\u00fcm","og_description":"A Baccarat Rouge 540 uniszex illat a Baccarat \u00fcveggy\u00e1r 250. \u00e9vfordul\u00f3j\u00e1ra k\u00e9sz\u00fclt. A gy\u00e1rt\u00e1s\u00e1r\u00f3l maga Francis Kurkdjian gondoskodott. A rubint krist\u00e1lyokat gy\u00e1rt\u00f3 \u00e9s az olvadt \u00fcveghez aranyat hozz\u00e1ad\u00f3 \u00fcveggy\u00e1r ihlette. Ezut\u00e1n a rubint 540\u00b0C-ra hev\u00edt\u00e9s\u00e9vel \u00e9rik el a m\u00e9lyv\u00f6r\u00f6s sz\u00ednt.","og_url":"https:\/\/kisslindavirag.keriweb.hu\/en\/product\/baccarat-rouge-540\/","og_site_name":"Lindarf\u00fcm","article_modified_time":"2026-02-24T09:44:22+00:00","og_image":[{"width":1240,"height":1240,"url":"https:\/\/kisslindavirag.keriweb.hu\/wp-content\/uploads\/2026\/02\/perfume-baccarat-rouge-540-maison-francis-kurkdjian-608o.jpg.webp","type":"image\/webp"}],"twitter_card":"summary_large_image","twitter_misc":{"Estimated reading time":"1 minute"},"schema":{"@context":"https:\/\/schema.org","@graph":[{"@type":"WebPage","@id":"https:\/\/kisslindavirag.keriweb.hu\/termek\/baccarat-rouge-540\/","url":"https:\/\/kisslindavirag.keriweb.hu\/termek\/baccarat-rouge-540\/","name":"Baccarat Rouge 540 70ml - Lindarf\u00fcm","isPartOf":{"@id":"https:\/\/kisslindavirag.keriweb.hu\/#website"},"primaryImageOfPage":{"@id":"https:\/\/kisslindavirag.keriweb.hu\/termek\/baccarat-rouge-540\/#primaryimage"},"image":{"@id":"https:\/\/kisslindavirag.keriweb.hu\/termek\/baccarat-rouge-540\/#primaryimage"},"thumbnailUrl":"https:\/\/kisslindavirag.keriweb.hu\/wp-content\/uploads\/2026\/02\/perfume-baccarat-rouge-540-maison-francis-kurkdjian-608o.jpg.webp","datePublished":"2026-02-20T08:22:01+00:00","dateModified":"2026-02-24T09:44:22+00:00","breadcrumb":{"@id":"https:\/\/kisslindavirag.keriweb.hu\/termek\/baccarat-rouge-540\/#breadcrumb"},"inLanguage":"en-GB","potentialAction":[{"@type":"ReadAction","target":["https:\/\/kisslindavirag.keriweb.hu\/termek\/baccarat-rouge-540\/"]}]},{"@type":"ImageObject","inLanguage":"en-GB","@id":"https:\/\/kisslindavirag.keriweb.hu\/termek\/baccarat-rouge-540\/#primaryimage","url":"https:\/\/kisslindavirag.keriweb.hu\/wp-content\/uploads\/2026\/02\/perfume-baccarat-rouge-540-maison-francis-kurkdjian-608o.jpg.webp","contentUrl":"https:\/\/kisslindavirag.keriweb.hu\/wp-content\/uploads\/2026\/02\/perfume-baccarat-rouge-540-maison-francis-kurkdjian-608o.jpg.webp","width":1240,"height":1240},{"@type":"BreadcrumbList","@id":"https:\/\/kisslindavirag.keriweb.hu\/termek\/baccarat-rouge-540\/#breadcrumb","itemListElement":[{"@type":"ListItem","position":1,"name":"Kezd\u0151lap","item":"https:\/\/kisslindavirag.keriweb.hu\/"},{"@type":"ListItem","position":2,"name":"Shop","item":"https:\/\/kisslindavirag.keriweb.hu\/uzlet\/"},{"@type":"ListItem","position":3,"name":"Baccarat Rouge 540 70ml"}]},{"@type":"WebSite","@id":"https:\/\/kisslindavirag.keriweb.hu\/#website","url":"https:\/\/kisslindavirag.keriweb.hu\/","name":"Lindarf\u00fcm","description":"Ez egy TESZT web\u00e1ruh\u00e1z, megrendel\u00e9s nem lehets\u00e9ges.","publisher":{"@id":"https:\/\/kisslindavirag.keriweb.hu\/#organization"},"potentialAction":[{"@type":"SearchAction","target":{"@type":"EntryPoint","urlTemplate":"https:\/\/kisslindavirag.keriweb.hu\/?s={search_term_string}"},"query-input":{"@type":"PropertyValueSpecification","valueRequired":true,"valueName":"search_term_string"}}],"inLanguage":"en-GB"},{"@type":"Organization","@id":"https:\/\/kisslindavirag.keriweb.hu\/#organization","name":"Lindarf\u00fcm","url":"https:\/\/kisslindavirag.keriweb.hu\/","logo":{"@type":"ImageObject","inLanguage":"en-GB","@id":"https:\/\/kisslindavirag.keriweb.hu\/#\/schema\/logo\/image\/","url":"https:\/\/kisslindavirag.keriweb.hu\/wp-content\/uploads\/2026\/02\/cropped-Dark-Blue-Gold-Elegant-Perfume-Store-Logo-2-e1772023135938.png","contentUrl":"https:\/\/kisslindavirag.keriweb.hu\/wp-content\/uploads\/2026\/02\/cropped-Dark-Blue-Gold-Elegant-Perfume-Store-Logo-2-e1772023135938.png","width":250,"height":238,"caption":"Lindarf\u00fcm"},"image":{"@id":"https:\/\/kisslindavirag.keriweb.hu\/#\/schema\/logo\/image\/"}}]}},"_links":{"self":[{"href":"https:\/\/kisslindavirag.keriweb.hu\/en\/wp-json\/wp\/v2\/product\/175","targetHints":{"allow":["GET"]}}],"collection":[{"href":"https:\/\/kisslindavirag.keriweb.hu\/en\/wp-json\/wp\/v2\/product"}],"about":[{"href":"https:\/\/kisslindavirag.keriweb.hu\/en\/wp-json\/wp\/v2\/types\/product"}],"wp:featuredmedia":[{"embeddable":true,"href":"https:\/\/kisslindavirag.keriweb.hu\/en\/wp-json\/wp\/v2\/media\/177"}],"wp:attachment":[{"href":"https:\/\/kisslindavirag.keriweb.hu\/en\/wp-json\/wp\/v2\/media?parent=175"}],"wp:term":[{"taxonomy":"product_brand","embeddable":true,"href":"https:\/\/kisslindavirag.keriweb.hu\/en\/wp-json\/wp\/v2\/product_brand?post=175"},{"taxonomy":"product_cat","embeddable":true,"href":"https:\/\/kisslindavirag.keriweb.hu\/en\/wp-json\/wp\/v2\/product_cat?post=175"},{"taxonomy":"product_tag","embeddable":true,"href":"https:\/\/kisslindavirag.keriweb.hu\/en\/wp-json\/wp\/v2\/product_tag?post=175"}],"curies":[{"name":"wp","href":"https:\/\/api.w.org\/{rel}","templated":true}]}}