{"id":104,"date":"2025-11-04T13:45:51","date_gmt":"2025-11-04T11:45:51","guid":{"rendered":"https:\/\/kisslindavirag.keriweb.hu\/?post_type=product&#038;p=104"},"modified":"2026-02-24T11:12:45","modified_gmt":"2026-02-24T09:12:45","slug":"lattafa-eclaire","status":"publish","type":"product","link":"https:\/\/kisslindavirag.keriweb.hu\/en\/product\/lattafa-eclaire\/","title":{"rendered":"Lattafa Eclaire"},"content":{"rendered":"<p><strong>Gy\u00e1rt\u00f3: LATTAFA<br \/>\nModell:\u00a0<b>Eclaire EDP 100 ml<\/b><\/strong><\/p>\n<p><strong><u>Le\u00edr\u00e1s:<\/u><\/strong><\/p>\n<p>Lattafa Eclaire egy \u00e9des, gourmand illat, mely els\u0151 kif\u00faj\u00e1skor azonnal rabul ejt a kr\u00e9mes karamellel, tejjel \u00e9s cukorral kombin\u00e1lva. A sz\u00edvillatban a\u00a0<span id=\"p209\" class=\"hw\">feh\u00e9r\u00a0<\/span>vir\u00e1gok \u00e9s a m\u00e9z l\u00e1gy, vir\u00e1gos-gurmand karaktert k\u00f6lcs\u00f6n\u00f6znek neki, eleg\u00e1nsan \u00f6sszekapcsolva az \u00e9des, van\u00edli\u00e1s alapjegyekkel. A kompoz\u00edci\u00f3 alj\u00e1n a van\u00edlia, pralin\u00e9 \u00e9s p\u00e9zsm\u00e1s t\u00f3nusok biztos\u00edtj\u00e1k a hosszan tart\u00f3, meleg, \u00e9rz\u00e9ki ut\u00f3\u00edzt. \u00d6sszess\u00e9g\u00e9ben ez a parf\u00fcm a cukr\u00e1szati desszertek vil\u00e1g\u00e1t id\u00e9zi, n\u0151ies \u00e9s befogadhat\u00f3 form\u00e1ban.<\/p>\n<p><strong>A t\u00f6k\u00e9letes v\u00e1laszt\u00e1s a kifinomult illatok kedvel\u0151inek<\/strong><\/p>\n<p>Az illatok mindig is jelent\u0151s szerepet j\u00e1tszottak az emberi t\u00f6rt\u00e9nelemben. Egy j\u00f3l megv\u00e1lasztott parf\u00fcm nemcsak st\u00edlust \u00e9s eleganci\u00e1t k\u00f6lcs\u00f6n\u00f6z, hanem kifejezi visel\u0151je szem\u00e9lyis\u00e9g\u00e9t is. A Lattafa Eclaire egy olyan parf\u00fcm, amely minden \u00e9rz\u00e9ket elvar\u00e1zsol, mik\u00f6zben t\u00f6k\u00e9letesen t\u00fckr\u00f6zi a modern luxus \u00e9s a keleti hagyom\u00e1nyok tal\u00e1lkoz\u00e1s\u00e1t.<\/p>\n<p>A Lattafa Eclaire nemcsak egy parf\u00fcm, hanem egy val\u00f3di m\u0171alkot\u00e1s. Ez a keleti illatkompoz\u00edci\u00f3 t\u00f6k\u00e9letes v\u00e1laszt\u00e1s mindazok sz\u00e1m\u00e1ra, akik szeretik az intenz\u00edv, hosszan tart\u00f3 \u00e9s egyedi illatokat. Legyen sz\u00f3 k\u00fcl\u00f6nleges alkalmakr\u00f3l vagy mindennapi viseletr\u0151l, az Eclaire mindig t\u00f6k\u00e9letes kieg\u00e9sz\u00edt\u0151.<\/p>\n<p><strong>Az illatkompoz\u00edci\u00f3<\/strong><\/p>\n<p>A Lattafa Eclaire illatpiramis h\u00e1rom f\u0151 szintb\u0151l \u00e1ll: fejillat, sz\u00edvillat \u00e9s alapillat. Ezek harmonikus egy\u00fcttese teszi igaz\u00e1n k\u00fcl\u00f6nlegess\u00e9 ezt a parf\u00fcm\u00f6t.<\/p>\n<ul>\n<li>Fej: karamella, tej, cukor<\/li>\n<li>Sz\u00edv:\u00a0<span id=\"p1455\" class=\"hw\">feh\u00e9r\u00a0<\/span>vir\u00e1gok, m\u00e9z<\/li>\n<li>Alap: van\u00edlia, pralin\u00e9, p\u00e9zsma<\/li>\n<\/ul>\n<p><strong>Fejillat<\/strong><\/p>\n<p>Friss citrusos \u00e9s gy\u00fcm\u00f6lcs\u00f6s jegyek, amelyek azonnal fel\u00e9bresztik az \u00e9rz\u00e9keket.<\/p>\n<p><strong>Sz\u00edvillat<\/strong><\/p>\n<p>Vir\u00e1gos t\u00f3nusok, mint a r\u00f3zsa \u00e9s a j\u00e1zmin, amelyek eleganci\u00e1t \u00e9s l\u00e1gys\u00e1got k\u00f6lcs\u00f6n\u00f6znek.<\/p>\n<p><strong>Alapillat<\/strong><\/p>\n<p>Meleg f\u00e1s jegyek, p\u00e9zsma \u00e9s van\u00edlia, amelyek hosszan tart\u00f3 m\u00e9lys\u00e9get \u00e9s gazdags\u00e1got biztos\u00edtanak.<\/p>\n<p>Ez az illatkombin\u00e1ci\u00f3 biztos\u00edtja, hogy az Eclaire ne csak egy egyszer\u0171 parf\u00fcm legyen, hanem egy eml\u00e9kezetes \u00e9lm\u00e9ny is.<\/p>\n<p><strong><u>Tulajdons\u00e1gok:<\/u><\/strong><\/p>\n<ul>\n<li>Tart\u00f3s illat: Az Eclaire \u00f6sszetev\u0151i garant\u00e1lj\u00e1k, hogy illata eg\u00e9sz nap kitartson<\/li>\n<li>Kifinomult \u00f6sszet\u00e9tel: A parf\u00fcm mesterien \u00f6tv\u00f6zi a keleti \u00e9s nyugati illatjegyeket<\/li>\n<li>Luxus megjelen\u00e9s: Eleg\u00e1ns \u00fcvege t\u00f6k\u00e9letesen t\u00fckr\u00f6zi a benne rejl\u0151 \u00e9rt\u00e9ket<\/li>\n<\/ul>","protected":false},"excerpt":{"rendered":"<p>Gy\u00e1rt\u00f3: LATTAFA Modell:\u00a0Eclaire EDP 100 ml Le\u00edr\u00e1s: Lattafa Eclaire egy \u00e9des, gourmand illat, mely els\u0151 kif\u00faj\u00e1skor azonnal rabul ejt a kr\u00e9mes karamellel, tejjel \u00e9s cukorral kombin\u00e1lva. A sz\u00edvillatban a\u00a0feh\u00e9r\u00a0vir\u00e1gok \u00e9s a m\u00e9z l\u00e1gy, vir\u00e1gos-gurmand karaktert k\u00f6lcs\u00f6n\u00f6znek neki, eleg\u00e1nsan \u00f6sszekapcsolva az \u00e9des, van\u00edli\u00e1s alapjegyekkel. A kompoz\u00edci\u00f3 alj\u00e1n a van\u00edlia, pralin\u00e9 \u00e9s p\u00e9zsm\u00e1s t\u00f3nusok biztos\u00edtj\u00e1k a hosszan &hellip; <\/p>","protected":false},"featured_media":106,"template":"","meta":[],"product_brand":[],"product_cat":[15],"product_tag":[],"class_list":{"0":"post-104","1":"product","2":"type-product","3":"status-publish","4":"has-post-thumbnail","6":"product_cat-egyeb","8":"first","9":"instock","10":"taxable","11":"shipping-taxable","12":"purchasable","13":"product-type-variable","14":"has-default-attributes"},"yoast_head":"<!-- This site is optimized with the Yoast SEO plugin v27.3 - https:\/\/yoast.com\/product\/yoast-seo-wordpress\/ -->\n<title>Lattafa Eclaire - Lindarf\u00fcm<\/title>\n<meta name=\"robots\" content=\"index, follow, max-snippet:-1, max-image-preview:large, max-video-preview:-1\" \/>\n<link rel=\"canonical\" href=\"https:\/\/kisslindavirag.keriweb.hu\/en\/product\/lattafa-eclaire\/\" \/>\n<meta property=\"og:locale\" content=\"en_GB\" \/>\n<meta property=\"og:type\" content=\"article\" \/>\n<meta property=\"og:title\" content=\"Lattafa Eclaire - Lindarf\u00fcm\" \/>\n<meta property=\"og:description\" content=\"Gy\u00e1rt\u00f3: LATTAFA Modell:\u00a0Eclaire EDP 100 ml Le\u00edr\u00e1s: Lattafa Eclaire egy \u00e9des, gourmand illat, mely els\u0151 kif\u00faj\u00e1skor azonnal rabul ejt a kr\u00e9mes karamellel, tejjel \u00e9s cukorral kombin\u00e1lva. A sz\u00edvillatban a\u00a0feh\u00e9r\u00a0vir\u00e1gok \u00e9s a m\u00e9z l\u00e1gy, vir\u00e1gos-gurmand karaktert k\u00f6lcs\u00f6n\u00f6znek neki, eleg\u00e1nsan \u00f6sszekapcsolva az \u00e9des, van\u00edli\u00e1s alapjegyekkel. A kompoz\u00edci\u00f3 alj\u00e1n a van\u00edlia, pralin\u00e9 \u00e9s p\u00e9zsm\u00e1s t\u00f3nusok biztos\u00edtj\u00e1k a hosszan &hellip;\" \/>\n<meta property=\"og:url\" content=\"https:\/\/kisslindavirag.keriweb.hu\/en\/product\/lattafa-eclaire\/\" \/>\n<meta property=\"og:site_name\" content=\"Lindarf\u00fcm\" \/>\n<meta property=\"article:modified_time\" content=\"2026-02-24T09:12:45+00:00\" \/>\n<meta property=\"og:image\" content=\"https:\/\/kisslindavirag.keriweb.hu\/wp-content\/uploads\/2025\/11\/lattafa.webp\" \/>\n\t<meta property=\"og:image:width\" content=\"825\" \/>\n\t<meta property=\"og:image:height\" content=\"1000\" \/>\n\t<meta property=\"og:image:type\" content=\"image\/webp\" \/>\n<meta name=\"twitter:card\" content=\"summary_large_image\" \/>\n<meta name=\"twitter:label1\" content=\"Estimated reading time\" \/>\n\t<meta name=\"twitter:data1\" content=\"2 minutes\" \/>\n<script type=\"application\/ld+json\" class=\"yoast-schema-graph\">{\"@context\":\"https:\\\/\\\/schema.org\",\"@graph\":[{\"@type\":\"WebPage\",\"@id\":\"https:\\\/\\\/kisslindavirag.keriweb.hu\\\/termek\\\/lattafa-eclaire\\\/\",\"url\":\"https:\\\/\\\/kisslindavirag.keriweb.hu\\\/termek\\\/lattafa-eclaire\\\/\",\"name\":\"Lattafa Eclaire - Lindarf\u00fcm\",\"isPartOf\":{\"@id\":\"https:\\\/\\\/kisslindavirag.keriweb.hu\\\/#website\"},\"primaryImageOfPage\":{\"@id\":\"https:\\\/\\\/kisslindavirag.keriweb.hu\\\/termek\\\/lattafa-eclaire\\\/#primaryimage\"},\"image\":{\"@id\":\"https:\\\/\\\/kisslindavirag.keriweb.hu\\\/termek\\\/lattafa-eclaire\\\/#primaryimage\"},\"thumbnailUrl\":\"https:\\\/\\\/kisslindavirag.keriweb.hu\\\/wp-content\\\/uploads\\\/2025\\\/11\\\/lattafa.webp\",\"datePublished\":\"2025-11-04T11:45:51+00:00\",\"dateModified\":\"2026-02-24T09:12:45+00:00\",\"breadcrumb\":{\"@id\":\"https:\\\/\\\/kisslindavirag.keriweb.hu\\\/termek\\\/lattafa-eclaire\\\/#breadcrumb\"},\"inLanguage\":\"en-GB\",\"potentialAction\":[{\"@type\":\"ReadAction\",\"target\":[\"https:\\\/\\\/kisslindavirag.keriweb.hu\\\/termek\\\/lattafa-eclaire\\\/\"]}]},{\"@type\":\"ImageObject\",\"inLanguage\":\"en-GB\",\"@id\":\"https:\\\/\\\/kisslindavirag.keriweb.hu\\\/termek\\\/lattafa-eclaire\\\/#primaryimage\",\"url\":\"https:\\\/\\\/kisslindavirag.keriweb.hu\\\/wp-content\\\/uploads\\\/2025\\\/11\\\/lattafa.webp\",\"contentUrl\":\"https:\\\/\\\/kisslindavirag.keriweb.hu\\\/wp-content\\\/uploads\\\/2025\\\/11\\\/lattafa.webp\",\"width\":825,\"height\":1000},{\"@type\":\"BreadcrumbList\",\"@id\":\"https:\\\/\\\/kisslindavirag.keriweb.hu\\\/termek\\\/lattafa-eclaire\\\/#breadcrumb\",\"itemListElement\":[{\"@type\":\"ListItem\",\"position\":1,\"name\":\"Kezd\u0151lap\",\"item\":\"https:\\\/\\\/kisslindavirag.keriweb.hu\\\/\"},{\"@type\":\"ListItem\",\"position\":2,\"name\":\"Shop\",\"item\":\"https:\\\/\\\/kisslindavirag.keriweb.hu\\\/uzlet\\\/\"},{\"@type\":\"ListItem\",\"position\":3,\"name\":\"Lattafa Eclaire\"}]},{\"@type\":\"WebSite\",\"@id\":\"https:\\\/\\\/kisslindavirag.keriweb.hu\\\/#website\",\"url\":\"https:\\\/\\\/kisslindavirag.keriweb.hu\\\/\",\"name\":\"Lindarf\u00fcm\",\"description\":\"Ez egy TESZT web\u00e1ruh\u00e1z, megrendel\u00e9s nem lehets\u00e9ges.\",\"publisher\":{\"@id\":\"https:\\\/\\\/kisslindavirag.keriweb.hu\\\/#organization\"},\"potentialAction\":[{\"@type\":\"SearchAction\",\"target\":{\"@type\":\"EntryPoint\",\"urlTemplate\":\"https:\\\/\\\/kisslindavirag.keriweb.hu\\\/?s={search_term_string}\"},\"query-input\":{\"@type\":\"PropertyValueSpecification\",\"valueRequired\":true,\"valueName\":\"search_term_string\"}}],\"inLanguage\":\"en-GB\"},{\"@type\":\"Organization\",\"@id\":\"https:\\\/\\\/kisslindavirag.keriweb.hu\\\/#organization\",\"name\":\"Lindarf\u00fcm\",\"url\":\"https:\\\/\\\/kisslindavirag.keriweb.hu\\\/\",\"logo\":{\"@type\":\"ImageObject\",\"inLanguage\":\"en-GB\",\"@id\":\"https:\\\/\\\/kisslindavirag.keriweb.hu\\\/#\\\/schema\\\/logo\\\/image\\\/\",\"url\":\"https:\\\/\\\/kisslindavirag.keriweb.hu\\\/wp-content\\\/uploads\\\/2026\\\/02\\\/cropped-Dark-Blue-Gold-Elegant-Perfume-Store-Logo-2-e1772023135938.png\",\"contentUrl\":\"https:\\\/\\\/kisslindavirag.keriweb.hu\\\/wp-content\\\/uploads\\\/2026\\\/02\\\/cropped-Dark-Blue-Gold-Elegant-Perfume-Store-Logo-2-e1772023135938.png\",\"width\":250,\"height\":238,\"caption\":\"Lindarf\u00fcm\"},\"image\":{\"@id\":\"https:\\\/\\\/kisslindavirag.keriweb.hu\\\/#\\\/schema\\\/logo\\\/image\\\/\"}}]}<\/script>\n<!-- \/ Yoast SEO plugin. -->","yoast_head_json":{"title":"Lattafa Eclaire - Lindarf\u00fcm","robots":{"index":"index","follow":"follow","max-snippet":"max-snippet:-1","max-image-preview":"max-image-preview:large","max-video-preview":"max-video-preview:-1"},"canonical":"https:\/\/kisslindavirag.keriweb.hu\/en\/product\/lattafa-eclaire\/","og_locale":"en_GB","og_type":"article","og_title":"Lattafa Eclaire - Lindarf\u00fcm","og_description":"Gy\u00e1rt\u00f3: LATTAFA Modell:\u00a0Eclaire EDP 100 ml Le\u00edr\u00e1s: Lattafa Eclaire egy \u00e9des, gourmand illat, mely els\u0151 kif\u00faj\u00e1skor azonnal rabul ejt a kr\u00e9mes karamellel, tejjel \u00e9s cukorral kombin\u00e1lva. A sz\u00edvillatban a\u00a0feh\u00e9r\u00a0vir\u00e1gok \u00e9s a m\u00e9z l\u00e1gy, vir\u00e1gos-gurmand karaktert k\u00f6lcs\u00f6n\u00f6znek neki, eleg\u00e1nsan \u00f6sszekapcsolva az \u00e9des, van\u00edli\u00e1s alapjegyekkel. A kompoz\u00edci\u00f3 alj\u00e1n a van\u00edlia, pralin\u00e9 \u00e9s p\u00e9zsm\u00e1s t\u00f3nusok biztos\u00edtj\u00e1k a hosszan &hellip;","og_url":"https:\/\/kisslindavirag.keriweb.hu\/en\/product\/lattafa-eclaire\/","og_site_name":"Lindarf\u00fcm","article_modified_time":"2026-02-24T09:12:45+00:00","og_image":[{"width":825,"height":1000,"url":"https:\/\/kisslindavirag.keriweb.hu\/wp-content\/uploads\/2025\/11\/lattafa.webp","type":"image\/webp"}],"twitter_card":"summary_large_image","twitter_misc":{"Estimated reading time":"2 minutes"},"schema":{"@context":"https:\/\/schema.org","@graph":[{"@type":"WebPage","@id":"https:\/\/kisslindavirag.keriweb.hu\/termek\/lattafa-eclaire\/","url":"https:\/\/kisslindavirag.keriweb.hu\/termek\/lattafa-eclaire\/","name":"Lattafa Eclaire - Lindarf\u00fcm","isPartOf":{"@id":"https:\/\/kisslindavirag.keriweb.hu\/#website"},"primaryImageOfPage":{"@id":"https:\/\/kisslindavirag.keriweb.hu\/termek\/lattafa-eclaire\/#primaryimage"},"image":{"@id":"https:\/\/kisslindavirag.keriweb.hu\/termek\/lattafa-eclaire\/#primaryimage"},"thumbnailUrl":"https:\/\/kisslindavirag.keriweb.hu\/wp-content\/uploads\/2025\/11\/lattafa.webp","datePublished":"2025-11-04T11:45:51+00:00","dateModified":"2026-02-24T09:12:45+00:00","breadcrumb":{"@id":"https:\/\/kisslindavirag.keriweb.hu\/termek\/lattafa-eclaire\/#breadcrumb"},"inLanguage":"en-GB","potentialAction":[{"@type":"ReadAction","target":["https:\/\/kisslindavirag.keriweb.hu\/termek\/lattafa-eclaire\/"]}]},{"@type":"ImageObject","inLanguage":"en-GB","@id":"https:\/\/kisslindavirag.keriweb.hu\/termek\/lattafa-eclaire\/#primaryimage","url":"https:\/\/kisslindavirag.keriweb.hu\/wp-content\/uploads\/2025\/11\/lattafa.webp","contentUrl":"https:\/\/kisslindavirag.keriweb.hu\/wp-content\/uploads\/2025\/11\/lattafa.webp","width":825,"height":1000},{"@type":"BreadcrumbList","@id":"https:\/\/kisslindavirag.keriweb.hu\/termek\/lattafa-eclaire\/#breadcrumb","itemListElement":[{"@type":"ListItem","position":1,"name":"Kezd\u0151lap","item":"https:\/\/kisslindavirag.keriweb.hu\/"},{"@type":"ListItem","position":2,"name":"Shop","item":"https:\/\/kisslindavirag.keriweb.hu\/uzlet\/"},{"@type":"ListItem","position":3,"name":"Lattafa Eclaire"}]},{"@type":"WebSite","@id":"https:\/\/kisslindavirag.keriweb.hu\/#website","url":"https:\/\/kisslindavirag.keriweb.hu\/","name":"Lindarf\u00fcm","description":"Ez egy TESZT web\u00e1ruh\u00e1z, megrendel\u00e9s nem lehets\u00e9ges.","publisher":{"@id":"https:\/\/kisslindavirag.keriweb.hu\/#organization"},"potentialAction":[{"@type":"SearchAction","target":{"@type":"EntryPoint","urlTemplate":"https:\/\/kisslindavirag.keriweb.hu\/?s={search_term_string}"},"query-input":{"@type":"PropertyValueSpecification","valueRequired":true,"valueName":"search_term_string"}}],"inLanguage":"en-GB"},{"@type":"Organization","@id":"https:\/\/kisslindavirag.keriweb.hu\/#organization","name":"Lindarf\u00fcm","url":"https:\/\/kisslindavirag.keriweb.hu\/","logo":{"@type":"ImageObject","inLanguage":"en-GB","@id":"https:\/\/kisslindavirag.keriweb.hu\/#\/schema\/logo\/image\/","url":"https:\/\/kisslindavirag.keriweb.hu\/wp-content\/uploads\/2026\/02\/cropped-Dark-Blue-Gold-Elegant-Perfume-Store-Logo-2-e1772023135938.png","contentUrl":"https:\/\/kisslindavirag.keriweb.hu\/wp-content\/uploads\/2026\/02\/cropped-Dark-Blue-Gold-Elegant-Perfume-Store-Logo-2-e1772023135938.png","width":250,"height":238,"caption":"Lindarf\u00fcm"},"image":{"@id":"https:\/\/kisslindavirag.keriweb.hu\/#\/schema\/logo\/image\/"}}]}},"_links":{"self":[{"href":"https:\/\/kisslindavirag.keriweb.hu\/en\/wp-json\/wp\/v2\/product\/104","targetHints":{"allow":["GET"]}}],"collection":[{"href":"https:\/\/kisslindavirag.keriweb.hu\/en\/wp-json\/wp\/v2\/product"}],"about":[{"href":"https:\/\/kisslindavirag.keriweb.hu\/en\/wp-json\/wp\/v2\/types\/product"}],"wp:featuredmedia":[{"embeddable":true,"href":"https:\/\/kisslindavirag.keriweb.hu\/en\/wp-json\/wp\/v2\/media\/106"}],"wp:attachment":[{"href":"https:\/\/kisslindavirag.keriweb.hu\/en\/wp-json\/wp\/v2\/media?parent=104"}],"wp:term":[{"taxonomy":"product_brand","embeddable":true,"href":"https:\/\/kisslindavirag.keriweb.hu\/en\/wp-json\/wp\/v2\/product_brand?post=104"},{"taxonomy":"product_cat","embeddable":true,"href":"https:\/\/kisslindavirag.keriweb.hu\/en\/wp-json\/wp\/v2\/product_cat?post=104"},{"taxonomy":"product_tag","embeddable":true,"href":"https:\/\/kisslindavirag.keriweb.hu\/en\/wp-json\/wp\/v2\/product_tag?post=104"}],"curies":[{"name":"wp","href":"https:\/\/api.w.org\/{rel}","templated":true}]}}