{"id":100,"date":"2025-11-03T11:48:16","date_gmt":"2025-11-03T09:48:16","guid":{"rendered":"https:\/\/kisslindavirag.keriweb.hu\/blog\/"},"modified":"2026-03-30T08:23:41","modified_gmt":"2026-03-30T06:23:41","slug":"blog","status":"publish","type":"page","link":"https:\/\/kisslindavirag.keriweb.hu\/en\/blog\/","title":{"rendered":"\u00dcdv\u00f6z\u00f6llek az illatok vil\u00e1g\u00e1ban!  A parf\u00fcm nem csup\u00e1n egy kieg\u00e9sz\u00edt\u0151, hanem egy l\u00e1thatatlan al\u00e1\u00edr\u00e1s, amely megmutatja, ki vagy val\u00f3j\u00e1ban. N\u00e1lam olyan k\u00fcl\u00f6nleges illatokat tal\u00e1lsz, amelyek kiemelik az egy\u00e9nis\u00e9gedet, \u00e9s maradand\u00f3 benyom\u00e1st hagynak.  Hiszek abban, hogy minden illat egy t\u00f6rt\u00e9netet mes\u00e9l el. Tal\u00e1ld meg azt, amelyik a ti\u00e9d.  Fedezd fel k\u00edn\u00e1latomat, \u00e9s tal\u00e1ld meg a hozz\u00e1d ill\u0151 t\u00f6k\u00e9letes parf\u00fcm\u00f6t!"},"content":{"rendered":"","protected":false},"excerpt":{"rendered":"","protected":false},"author":1,"featured_media":0,"parent":0,"menu_order":0,"comment_status":"closed","ping_status":"closed","template":"","meta":{"footnotes":""},"class_list":["post-100","page","type-page","status-publish","hentry"],"yoast_head":"<!-- This site is optimized with the Yoast SEO plugin v27.3 - https:\/\/yoast.com\/product\/yoast-seo-wordpress\/ -->\n<title>\u00dcdv\u00f6z\u00f6llek az illatok vil\u00e1g\u00e1ban! A parf\u00fcm nem csup\u00e1n egy kieg\u00e9sz\u00edt\u0151, hanem egy l\u00e1thatatlan al\u00e1\u00edr\u00e1s, amely megmutatja, ki vagy val\u00f3j\u00e1ban. N\u00e1lam olyan k\u00fcl\u00f6nleges illatokat tal\u00e1lsz, amelyek kiemelik az egy\u00e9nis\u00e9gedet, \u00e9s maradand\u00f3 benyom\u00e1st hagynak. Hiszek abban, hogy minden illat egy t\u00f6rt\u00e9netet mes\u00e9l el. Tal\u00e1ld meg azt, amelyik a ti\u00e9d. Fedezd fel k\u00edn\u00e1latomat, \u00e9s tal\u00e1ld meg a hozz\u00e1d ill\u0151 t\u00f6k\u00e9letes parf\u00fcm\u00f6t! - Lindarf\u00fcm<\/title>\n<meta name=\"robots\" content=\"index, follow, max-snippet:-1, max-image-preview:large, max-video-preview:-1\" \/>\n<link rel=\"canonical\" href=\"https:\/\/kisslindavirag.keriweb.hu\/en\/blog\/\" \/>\n<meta property=\"og:locale\" content=\"en_GB\" \/>\n<meta property=\"og:type\" content=\"article\" \/>\n<meta property=\"og:title\" content=\"\u00dcdv\u00f6z\u00f6llek az illatok vil\u00e1g\u00e1ban! A parf\u00fcm nem csup\u00e1n egy kieg\u00e9sz\u00edt\u0151, hanem egy l\u00e1thatatlan al\u00e1\u00edr\u00e1s, amely megmutatja, ki vagy val\u00f3j\u00e1ban. N\u00e1lam olyan k\u00fcl\u00f6nleges illatokat tal\u00e1lsz, amelyek kiemelik az egy\u00e9nis\u00e9gedet, \u00e9s maradand\u00f3 benyom\u00e1st hagynak. Hiszek abban, hogy minden illat egy t\u00f6rt\u00e9netet mes\u00e9l el. Tal\u00e1ld meg azt, amelyik a ti\u00e9d. Fedezd fel k\u00edn\u00e1latomat, \u00e9s tal\u00e1ld meg a hozz\u00e1d ill\u0151 t\u00f6k\u00e9letes parf\u00fcm\u00f6t! - Lindarf\u00fcm\" \/>\n<meta property=\"og:url\" content=\"https:\/\/kisslindavirag.keriweb.hu\/en\/blog\/\" \/>\n<meta property=\"og:site_name\" content=\"Lindarf\u00fcm\" \/>\n<meta property=\"article:modified_time\" content=\"2026-03-30T06:23:41+00:00\" \/>\n<meta name=\"twitter:card\" content=\"summary_large_image\" \/>\n<script type=\"application\/ld+json\" class=\"yoast-schema-graph\">{\"@context\":\"https:\\\/\\\/schema.org\",\"@graph\":[{\"@type\":[\"WebPage\",\"CollectionPage\"],\"@id\":\"https:\\\/\\\/kisslindavirag.keriweb.hu\\\/blog\\\/\",\"url\":\"https:\\\/\\\/kisslindavirag.keriweb.hu\\\/blog\\\/\",\"name\":\"\u00dcdv\u00f6z\u00f6llek az illatok vil\u00e1g\u00e1ban! A parf\u00fcm nem csup\u00e1n egy kieg\u00e9sz\u00edt\u0151, hanem egy l\u00e1thatatlan al\u00e1\u00edr\u00e1s, amely megmutatja, ki vagy val\u00f3j\u00e1ban. N\u00e1lam olyan k\u00fcl\u00f6nleges illatokat tal\u00e1lsz, amelyek kiemelik az egy\u00e9nis\u00e9gedet, \u00e9s maradand\u00f3 benyom\u00e1st hagynak. Hiszek abban, hogy minden illat egy t\u00f6rt\u00e9netet mes\u00e9l el. Tal\u00e1ld meg azt, amelyik a ti\u00e9d. Fedezd fel k\u00edn\u00e1latomat, \u00e9s tal\u00e1ld meg a hozz\u00e1d ill\u0151 t\u00f6k\u00e9letes parf\u00fcm\u00f6t! - Lindarf\u00fcm\",\"isPartOf\":{\"@id\":\"https:\\\/\\\/kisslindavirag.keriweb.hu\\\/#website\"},\"datePublished\":\"2025-11-03T09:48:16+00:00\",\"dateModified\":\"2026-03-30T06:23:41+00:00\",\"breadcrumb\":{\"@id\":\"https:\\\/\\\/kisslindavirag.keriweb.hu\\\/blog\\\/#breadcrumb\"},\"inLanguage\":\"en-GB\"},{\"@type\":\"BreadcrumbList\",\"@id\":\"https:\\\/\\\/kisslindavirag.keriweb.hu\\\/blog\\\/#breadcrumb\",\"itemListElement\":[{\"@type\":\"ListItem\",\"position\":1,\"name\":\"Kezd\u0151lap\",\"item\":\"https:\\\/\\\/kisslindavirag.keriweb.hu\\\/\"},{\"@type\":\"ListItem\",\"position\":2,\"name\":\"\u00dcdv\u00f6z\u00f6llek az illatok vil\u00e1g\u00e1ban! A parf\u00fcm nem csup\u00e1n egy kieg\u00e9sz\u00edt\u0151, hanem egy l\u00e1thatatlan al\u00e1\u00edr\u00e1s, amely megmutatja, ki vagy val\u00f3j\u00e1ban. N\u00e1lam olyan k\u00fcl\u00f6nleges illatokat tal\u00e1lsz, amelyek kiemelik az egy\u00e9nis\u00e9gedet, \u00e9s maradand\u00f3 benyom\u00e1st hagynak. Hiszek abban, hogy minden illat egy t\u00f6rt\u00e9netet mes\u00e9l el. Tal\u00e1ld meg azt, amelyik a ti\u00e9d. Fedezd fel k\u00edn\u00e1latomat, \u00e9s tal\u00e1ld meg a hozz\u00e1d ill\u0151 t\u00f6k\u00e9letes parf\u00fcm\u00f6t!\"}]},{\"@type\":\"WebSite\",\"@id\":\"https:\\\/\\\/kisslindavirag.keriweb.hu\\\/#website\",\"url\":\"https:\\\/\\\/kisslindavirag.keriweb.hu\\\/\",\"name\":\"Lindarf\u00fcm\",\"description\":\"Ez egy TESZT web\u00e1ruh\u00e1z, megrendel\u00e9s nem lehets\u00e9ges.\",\"publisher\":{\"@id\":\"https:\\\/\\\/kisslindavirag.keriweb.hu\\\/#organization\"},\"potentialAction\":[{\"@type\":\"SearchAction\",\"target\":{\"@type\":\"EntryPoint\",\"urlTemplate\":\"https:\\\/\\\/kisslindavirag.keriweb.hu\\\/?s={search_term_string}\"},\"query-input\":{\"@type\":\"PropertyValueSpecification\",\"valueRequired\":true,\"valueName\":\"search_term_string\"}}],\"inLanguage\":\"en-GB\"},{\"@type\":\"Organization\",\"@id\":\"https:\\\/\\\/kisslindavirag.keriweb.hu\\\/#organization\",\"name\":\"Lindarf\u00fcm\",\"url\":\"https:\\\/\\\/kisslindavirag.keriweb.hu\\\/\",\"logo\":{\"@type\":\"ImageObject\",\"inLanguage\":\"en-GB\",\"@id\":\"https:\\\/\\\/kisslindavirag.keriweb.hu\\\/#\\\/schema\\\/logo\\\/image\\\/\",\"url\":\"https:\\\/\\\/kisslindavirag.keriweb.hu\\\/wp-content\\\/uploads\\\/2026\\\/02\\\/cropped-Dark-Blue-Gold-Elegant-Perfume-Store-Logo-2-e1772023135938.png\",\"contentUrl\":\"https:\\\/\\\/kisslindavirag.keriweb.hu\\\/wp-content\\\/uploads\\\/2026\\\/02\\\/cropped-Dark-Blue-Gold-Elegant-Perfume-Store-Logo-2-e1772023135938.png\",\"width\":250,\"height\":238,\"caption\":\"Lindarf\u00fcm\"},\"image\":{\"@id\":\"https:\\\/\\\/kisslindavirag.keriweb.hu\\\/#\\\/schema\\\/logo\\\/image\\\/\"}}]}<\/script>\n<!-- \/ Yoast SEO plugin. -->","yoast_head_json":{"title":"\u00dcdv\u00f6z\u00f6llek az illatok vil\u00e1g\u00e1ban! A parf\u00fcm nem csup\u00e1n egy kieg\u00e9sz\u00edt\u0151, hanem egy l\u00e1thatatlan al\u00e1\u00edr\u00e1s, amely megmutatja, ki vagy val\u00f3j\u00e1ban. N\u00e1lam olyan k\u00fcl\u00f6nleges illatokat tal\u00e1lsz, amelyek kiemelik az egy\u00e9nis\u00e9gedet, \u00e9s maradand\u00f3 benyom\u00e1st hagynak. Hiszek abban, hogy minden illat egy t\u00f6rt\u00e9netet mes\u00e9l el. Tal\u00e1ld meg azt, amelyik a ti\u00e9d. Fedezd fel k\u00edn\u00e1latomat, \u00e9s tal\u00e1ld meg a hozz\u00e1d ill\u0151 t\u00f6k\u00e9letes parf\u00fcm\u00f6t! - Lindarf\u00fcm","robots":{"index":"index","follow":"follow","max-snippet":"max-snippet:-1","max-image-preview":"max-image-preview:large","max-video-preview":"max-video-preview:-1"},"canonical":"https:\/\/kisslindavirag.keriweb.hu\/en\/blog\/","og_locale":"en_GB","og_type":"article","og_title":"\u00dcdv\u00f6z\u00f6llek az illatok vil\u00e1g\u00e1ban! A parf\u00fcm nem csup\u00e1n egy kieg\u00e9sz\u00edt\u0151, hanem egy l\u00e1thatatlan al\u00e1\u00edr\u00e1s, amely megmutatja, ki vagy val\u00f3j\u00e1ban. N\u00e1lam olyan k\u00fcl\u00f6nleges illatokat tal\u00e1lsz, amelyek kiemelik az egy\u00e9nis\u00e9gedet, \u00e9s maradand\u00f3 benyom\u00e1st hagynak. Hiszek abban, hogy minden illat egy t\u00f6rt\u00e9netet mes\u00e9l el. Tal\u00e1ld meg azt, amelyik a ti\u00e9d. Fedezd fel k\u00edn\u00e1latomat, \u00e9s tal\u00e1ld meg a hozz\u00e1d ill\u0151 t\u00f6k\u00e9letes parf\u00fcm\u00f6t! - Lindarf\u00fcm","og_url":"https:\/\/kisslindavirag.keriweb.hu\/en\/blog\/","og_site_name":"Lindarf\u00fcm","article_modified_time":"2026-03-30T06:23:41+00:00","twitter_card":"summary_large_image","schema":{"@context":"https:\/\/schema.org","@graph":[{"@type":["WebPage","CollectionPage"],"@id":"https:\/\/kisslindavirag.keriweb.hu\/blog\/","url":"https:\/\/kisslindavirag.keriweb.hu\/blog\/","name":"\u00dcdv\u00f6z\u00f6llek az illatok vil\u00e1g\u00e1ban! A parf\u00fcm nem csup\u00e1n egy kieg\u00e9sz\u00edt\u0151, hanem egy l\u00e1thatatlan al\u00e1\u00edr\u00e1s, amely megmutatja, ki vagy val\u00f3j\u00e1ban. N\u00e1lam olyan k\u00fcl\u00f6nleges illatokat tal\u00e1lsz, amelyek kiemelik az egy\u00e9nis\u00e9gedet, \u00e9s maradand\u00f3 benyom\u00e1st hagynak. Hiszek abban, hogy minden illat egy t\u00f6rt\u00e9netet mes\u00e9l el. Tal\u00e1ld meg azt, amelyik a ti\u00e9d. Fedezd fel k\u00edn\u00e1latomat, \u00e9s tal\u00e1ld meg a hozz\u00e1d ill\u0151 t\u00f6k\u00e9letes parf\u00fcm\u00f6t! - Lindarf\u00fcm","isPartOf":{"@id":"https:\/\/kisslindavirag.keriweb.hu\/#website"},"datePublished":"2025-11-03T09:48:16+00:00","dateModified":"2026-03-30T06:23:41+00:00","breadcrumb":{"@id":"https:\/\/kisslindavirag.keriweb.hu\/blog\/#breadcrumb"},"inLanguage":"en-GB"},{"@type":"BreadcrumbList","@id":"https:\/\/kisslindavirag.keriweb.hu\/blog\/#breadcrumb","itemListElement":[{"@type":"ListItem","position":1,"name":"Kezd\u0151lap","item":"https:\/\/kisslindavirag.keriweb.hu\/"},{"@type":"ListItem","position":2,"name":"\u00dcdv\u00f6z\u00f6llek az illatok vil\u00e1g\u00e1ban! A parf\u00fcm nem csup\u00e1n egy kieg\u00e9sz\u00edt\u0151, hanem egy l\u00e1thatatlan al\u00e1\u00edr\u00e1s, amely megmutatja, ki vagy val\u00f3j\u00e1ban. N\u00e1lam olyan k\u00fcl\u00f6nleges illatokat tal\u00e1lsz, amelyek kiemelik az egy\u00e9nis\u00e9gedet, \u00e9s maradand\u00f3 benyom\u00e1st hagynak. Hiszek abban, hogy minden illat egy t\u00f6rt\u00e9netet mes\u00e9l el. Tal\u00e1ld meg azt, amelyik a ti\u00e9d. Fedezd fel k\u00edn\u00e1latomat, \u00e9s tal\u00e1ld meg a hozz\u00e1d ill\u0151 t\u00f6k\u00e9letes parf\u00fcm\u00f6t!"}]},{"@type":"WebSite","@id":"https:\/\/kisslindavirag.keriweb.hu\/#website","url":"https:\/\/kisslindavirag.keriweb.hu\/","name":"Lindarf\u00fcm","description":"Ez egy TESZT web\u00e1ruh\u00e1z, megrendel\u00e9s nem lehets\u00e9ges.","publisher":{"@id":"https:\/\/kisslindavirag.keriweb.hu\/#organization"},"potentialAction":[{"@type":"SearchAction","target":{"@type":"EntryPoint","urlTemplate":"https:\/\/kisslindavirag.keriweb.hu\/?s={search_term_string}"},"query-input":{"@type":"PropertyValueSpecification","valueRequired":true,"valueName":"search_term_string"}}],"inLanguage":"en-GB"},{"@type":"Organization","@id":"https:\/\/kisslindavirag.keriweb.hu\/#organization","name":"Lindarf\u00fcm","url":"https:\/\/kisslindavirag.keriweb.hu\/","logo":{"@type":"ImageObject","inLanguage":"en-GB","@id":"https:\/\/kisslindavirag.keriweb.hu\/#\/schema\/logo\/image\/","url":"https:\/\/kisslindavirag.keriweb.hu\/wp-content\/uploads\/2026\/02\/cropped-Dark-Blue-Gold-Elegant-Perfume-Store-Logo-2-e1772023135938.png","contentUrl":"https:\/\/kisslindavirag.keriweb.hu\/wp-content\/uploads\/2026\/02\/cropped-Dark-Blue-Gold-Elegant-Perfume-Store-Logo-2-e1772023135938.png","width":250,"height":238,"caption":"Lindarf\u00fcm"},"image":{"@id":"https:\/\/kisslindavirag.keriweb.hu\/#\/schema\/logo\/image\/"}}]}},"_links":{"self":[{"href":"https:\/\/kisslindavirag.keriweb.hu\/en\/wp-json\/wp\/v2\/pages\/100","targetHints":{"allow":["GET"]}}],"collection":[{"href":"https:\/\/kisslindavirag.keriweb.hu\/en\/wp-json\/wp\/v2\/pages"}],"about":[{"href":"https:\/\/kisslindavirag.keriweb.hu\/en\/wp-json\/wp\/v2\/types\/page"}],"author":[{"embeddable":true,"href":"https:\/\/kisslindavirag.keriweb.hu\/en\/wp-json\/wp\/v2\/users\/1"}],"replies":[{"embeddable":true,"href":"https:\/\/kisslindavirag.keriweb.hu\/en\/wp-json\/wp\/v2\/comments?post=100"}],"version-history":[{"count":1,"href":"https:\/\/kisslindavirag.keriweb.hu\/en\/wp-json\/wp\/v2\/pages\/100\/revisions"}],"predecessor-version":[{"id":280,"href":"https:\/\/kisslindavirag.keriweb.hu\/en\/wp-json\/wp\/v2\/pages\/100\/revisions\/280"}],"wp:attachment":[{"href":"https:\/\/kisslindavirag.keriweb.hu\/en\/wp-json\/wp\/v2\/media?parent=100"}],"curies":[{"name":"wp","href":"https:\/\/api.w.org\/{rel}","templated":true}]}}