{"id":10,"date":"2025-10-14T08:32:47","date_gmt":"2025-10-14T08:32:47","guid":{"rendered":"https:\/\/kisslindavirag.keriweb.hu\/kosar\/"},"modified":"2025-11-03T11:05:26","modified_gmt":"2025-11-03T09:05:26","slug":"kosar","status":"publish","type":"page","link":"https:\/\/kisslindavirag.keriweb.hu\/en\/kosar\/","title":{"rendered":"Kos\u00e1r"},"content":{"rendered":"<div data-block-name=\"woocommerce\/cart\" class=\"wp-block-woocommerce-cart alignwide is-loading\">\n<div data-block-name=\"woocommerce\/filled-cart-block\" class=\"wp-block-woocommerce-filled-cart-block\">\n<div data-block-name=\"woocommerce\/cart-items-block\" class=\"wp-block-woocommerce-cart-items-block\">\n<div data-block-name=\"woocommerce\/cart-line-items-block\" class=\"wp-block-woocommerce-cart-line-items-block\"><\/div>\n\n\n<\/div>\n\n\n\n\n<div data-block-name=\"woocommerce\/cart-totals-block\" class=\"wp-block-woocommerce-cart-totals-block\">\n<div data-block-name=\"woocommerce\/cart-order-summary-block\" class=\"wp-block-woocommerce-cart-order-summary-block\">\n<div data-block-name=\"woocommerce\/cart-order-summary-heading-block\" class=\"wp-block-woocommerce-cart-order-summary-heading-block\"><\/div><div data-block-name=\"woocommerce\/cart-order-summary-coupon-form-block\" class=\"wp-block-woocommerce-cart-order-summary-coupon-form-block\"><\/div><div data-block-name=\"woocommerce\/cart-order-summary-totals-block\" class=\"wp-block-woocommerce-cart-order-summary-totals-block\">\n<div data-block-name=\"woocommerce\/cart-order-summary-subtotal-block\" class=\"wp-block-woocommerce-cart-order-summary-subtotal-block\"><\/div>\n<div data-block-name=\"woocommerce\/cart-order-summary-discount-block\" class=\"wp-block-woocommerce-cart-order-summary-discount-block\"><\/div>\n<div data-block-name=\"woocommerce\/cart-order-summary-fee-block\" class=\"wp-block-woocommerce-cart-order-summary-fee-block\"><\/div>\n<div data-block-name=\"woocommerce\/cart-order-summary-shipping-block\" class=\"wp-block-woocommerce-cart-order-summary-shipping-block\"><\/div>\n<div data-block-name=\"woocommerce\/cart-order-summary-taxes-block\" class=\"wp-block-woocommerce-cart-order-summary-taxes-block\"><\/div><\/div>\n<\/div>\n\n\n\n<div data-block-name=\"woocommerce\/cart-express-payment-block\" class=\"wp-block-woocommerce-cart-express-payment-block\"><\/div>\n\n\n\n<div data-block-name=\"woocommerce\/proceed-to-checkout-block\" class=\"wp-block-woocommerce-proceed-to-checkout-block\"><\/div>\n\n\n\n<div data-block-name=\"woocommerce\/cart-accepted-payment-methods-block\" class=\"wp-block-woocommerce-cart-accepted-payment-methods-block\"><\/div>\n<\/div>\n<\/div>\n\n\n\n<div data-block-name=\"woocommerce\/empty-cart-block\" class=\"wp-block-woocommerce-empty-cart-block\">\n<h2 class=\"wp-block-heading has-text-align-center with-empty-cart-icon wc-block-cart__empty-cart__title\">Jelenleg \u00fcres a kosarad.<\/h2>\n\n\n\n<hr class=\"wp-block-separator has-alpha-channel-opacity is-style-dots\"\/>\n\n\n\n<h2 class=\"wp-block-heading has-text-align-center\">\u00dajdons\u00e1gok<\/h2>\n\n\n<div data-block-name=\"woocommerce\/product-new\" data-columns=\"4\" data-rows=\"1\" class=\"wc-block-grid wp-block-product-new wp-block-woocommerce-product-new wc-block-product-new has-4-columns\"><ul class=\"wc-block-grid__products\"><li class=\"wc-block-grid__product\">\n\t\t\t\t<a href=\"https:\/\/kisslindavirag.keriweb.hu\/en\/product\/nashja-scarlet-amber-noi-extrait-de-parfum-100-ml\/\" class=\"wc-block-grid__product-link\">\n\t\t\t\t\t<div class=\"wc-block-grid__product-onsale\">\n\t\t\t<span aria-hidden=\"true\" data-no-translation=\"\" data-trp-gettext=\"\">Sale<\/span>\n\t\t\t<span class=\"screen-reader-text\" data-no-translation=\"\" data-trp-gettext=\"\">Product on sale<\/span>\n\t\t<\/div>\n\t\t\t\t\t<div class=\"wc-block-grid__product-image\"><img fetchpriority=\"high\" decoding=\"async\" width=\"300\" height=\"300\" src=\"https:\/\/kisslindavirag.keriweb.hu\/wp-content\/uploads\/2026\/04\/nashja2-300x300.webp\" class=\"attachment-woocommerce_thumbnail size-woocommerce_thumbnail\" alt=\"Nashja Scarlet Amber n\u0151i Extrait de Parfum - 100 ml\" srcset=\"https:\/\/kisslindavirag.keriweb.hu\/wp-content\/uploads\/2026\/04\/nashja2-300x300.webp 300w, https:\/\/kisslindavirag.keriweb.hu\/wp-content\/uploads\/2026\/04\/nashja2-150x150.webp 150w, https:\/\/kisslindavirag.keriweb.hu\/wp-content\/uploads\/2026\/04\/nashja2-768x768.webp 768w, https:\/\/kisslindavirag.keriweb.hu\/wp-content\/uploads\/2026\/04\/nashja2-12x12.webp 12w, https:\/\/kisslindavirag.keriweb.hu\/wp-content\/uploads\/2026\/04\/nashja2-600x600.webp 600w, https:\/\/kisslindavirag.keriweb.hu\/wp-content\/uploads\/2026\/04\/nashja2.webp 800w\" sizes=\"(max-width: 300px) 100vw, 300px\" \/><\/div>\n\t\t\t\t\t<div class=\"wc-block-grid__product-title\">Nashja Scarlet Amber n\u0151i Extrait de Parfum &#8211; 100 ml<\/div>\n\t\t\t\t<\/a>\n\t\t\t\t<div class=\"wc-block-grid__product-price price\"><del aria-hidden=\"true\"><span class=\"woocommerce-Price-amount amount\">15 999&nbsp;<span class=\"woocommerce-Price-currencySymbol\">&#070;&#116;<\/span><\/span><\/del> <span class=\"screen-reader-text\" data-no-translation=\"\" data-trp-gettext=\"\">Original price was: 15 999&nbsp;&#070;&#116;.<\/span><ins aria-hidden=\"true\"><span class=\"woocommerce-Price-amount amount\">14 399&nbsp;<span class=\"woocommerce-Price-currencySymbol\">&#070;&#116;<\/span><\/span><\/ins><span class=\"screen-reader-text\" data-no-translation=\"\" data-trp-gettext=\"\">Current price is: 14 399&nbsp;&#070;&#116;.<\/span><\/div>\n\t\t\t\t\n\t\t\t\t<div class=\"wp-block-button wc-block-grid__product-add-to-cart\"><a href=\"\/en\/wp-json\/wp\/v2\/pages\/10?add-to-cart=293\" aria-label=\"Add to basket: \u201cNashja Scarlet Amber n\u0151i Extrait de Parfum - 100 ml\u201d\" data-quantity=\"1\" data-product_id=\"293\" data-product_sku=\"\" data-price=\"14399\" rel=\"nofollow\" class=\"wp-block-button__link  add_to_cart_button ajax_add_to_cart\" data-no-translation=\"\" data-trp-gettext=\"\" data-no-translation-aria-label=\"\">Add to basket<\/a><\/div>\n\t\t\t<\/li><li class=\"wc-block-grid__product\">\n\t\t\t\t<a href=\"https:\/\/kisslindavirag.keriweb.hu\/en\/product\/lattafa-yara-candy-eau-de-parfum-100ml\/\" class=\"wc-block-grid__product-link\">\n\t\t\t\t\t\n\t\t\t\t\t<div class=\"wc-block-grid__product-image\"><img decoding=\"async\" width=\"300\" height=\"300\" src=\"https:\/\/kisslindavirag.keriweb.hu\/wp-content\/uploads\/2026\/03\/Yara_Candy_Eau_de_Parfum_100ml_6290360599168_Lattafa-300x300.webp\" class=\"attachment-woocommerce_thumbnail size-woocommerce_thumbnail\" alt=\"Lattafa Yara Candy Eau de Parfum 100ml\" srcset=\"https:\/\/kisslindavirag.keriweb.hu\/wp-content\/uploads\/2026\/03\/Yara_Candy_Eau_de_Parfum_100ml_6290360599168_Lattafa-300x300.webp 300w, https:\/\/kisslindavirag.keriweb.hu\/wp-content\/uploads\/2026\/03\/Yara_Candy_Eau_de_Parfum_100ml_6290360599168_Lattafa-150x150.webp 150w, https:\/\/kisslindavirag.keriweb.hu\/wp-content\/uploads\/2026\/03\/Yara_Candy_Eau_de_Parfum_100ml_6290360599168_Lattafa-768x768.webp 768w, https:\/\/kisslindavirag.keriweb.hu\/wp-content\/uploads\/2026\/03\/Yara_Candy_Eau_de_Parfum_100ml_6290360599168_Lattafa-12x12.webp 12w, https:\/\/kisslindavirag.keriweb.hu\/wp-content\/uploads\/2026\/03\/Yara_Candy_Eau_de_Parfum_100ml_6290360599168_Lattafa-600x600.webp 600w, https:\/\/kisslindavirag.keriweb.hu\/wp-content\/uploads\/2026\/03\/Yara_Candy_Eau_de_Parfum_100ml_6290360599168_Lattafa.webp 1000w\" sizes=\"(max-width: 300px) 100vw, 300px\" \/><\/div>\n\t\t\t\t\t<div class=\"wc-block-grid__product-title\">Lattafa Yara Candy Eau de Parfum 100ml<\/div>\n\t\t\t\t<\/a>\n\t\t\t\t<div class=\"wc-block-grid__product-price price\"><span class=\"woocommerce-Price-amount amount\">13 000&nbsp;<span class=\"woocommerce-Price-currencySymbol\">&#070;&#116;<\/span><\/span><\/div>\n\t\t\t\t\n\t\t\t\t<div class=\"wp-block-button wc-block-grid__product-add-to-cart\"><a href=\"\/en\/wp-json\/wp\/v2\/pages\/10?add-to-cart=268\" aria-label=\"Add to basket: \u201cLattafa Yara Candy Eau de Parfum 100ml\u201d\" data-quantity=\"1\" data-product_id=\"268\" data-product_sku=\"\" data-price=\"13000\" rel=\"nofollow\" class=\"wp-block-button__link  add_to_cart_button ajax_add_to_cart\" data-no-translation=\"\" data-trp-gettext=\"\" data-no-translation-aria-label=\"\">Add to basket<\/a><\/div>\n\t\t\t<\/li><li class=\"wc-block-grid__product\">\n\t\t\t\t<a href=\"https:\/\/kisslindavirag.keriweb.hu\/en\/product\/stronger-with-you-intensely-eau-de-parfum\/\" class=\"wc-block-grid__product-link\">\n\t\t\t\t\t\n\t\t\t\t\t<div class=\"wc-block-grid__product-image\"><img decoding=\"async\" width=\"240\" height=\"300\" src=\"https:\/\/kisslindavirag.keriweb.hu\/wp-content\/uploads\/2026\/02\/UdkZWA063550-0-global.avif\" class=\"attachment-woocommerce_thumbnail size-woocommerce_thumbnail\" alt=\"Stronger with you Intensely Eau de Parfum\" \/><\/div>\n\t\t\t\t\t<div class=\"wc-block-grid__product-title\">Stronger with you Intensely Eau de Parfum<\/div>\n\t\t\t\t<\/a>\n\t\t\t\t<div class=\"wc-block-grid__product-price price\"><span class=\"woocommerce-Price-amount amount\" aria-hidden=\"true\">22 390&nbsp;<span class=\"woocommerce-Price-currencySymbol\">&#070;&#116;<\/span><\/span> <span aria-hidden=\"true\">&ndash;<\/span> <span class=\"woocommerce-Price-amount amount\" aria-hidden=\"true\">68 590&nbsp;<span class=\"woocommerce-Price-currencySymbol\">&#070;&#116;<\/span><\/span><span class=\"screen-reader-text\" data-no-translation=\"\" data-trp-gettext=\"\">Price range: 22 390&nbsp;&#070;&#116; through 68 590&nbsp;&#070;&#116;<\/span><\/div>\n\t\t\t\t\n\t\t\t\t<div class=\"wp-block-button wc-block-grid__product-add-to-cart\"><a href=\"https:\/\/kisslindavirag.keriweb.hu\/en\/product\/stronger-with-you-intensely-eau-de-parfum\/\" aria-label=\"Select options for \u201cStronger with you Intensely Eau de Parfum\u201d\" data-quantity=\"1\" data-product_id=\"234\" data-product_sku=\"\" data-price=\"22390\" rel=\"nofollow\" class=\"wp-block-button__link  add_to_cart_button\" data-no-translation=\"\" data-trp-gettext=\"\" data-no-translation-aria-label=\"\">Select options<\/a><\/div>\n\t\t\t<\/li><li class=\"wc-block-grid__product\">\n\t\t\t\t<a href=\"https:\/\/kisslindavirag.keriweb.hu\/en\/product\/giorgio-armani-because-its-you-eau-de-parfum-holgyeknek\/\" class=\"wc-block-grid__product-link\">\n\t\t\t\t\t\n\t\t\t\t\t<div class=\"wc-block-grid__product-image\"><img loading=\"lazy\" decoding=\"async\" width=\"300\" height=\"300\" src=\"https:\/\/kisslindavirag.keriweb.hu\/wp-content\/uploads\/2026\/02\/giorgio-armani-because-it-s-you-1-300x300.jpg\" class=\"attachment-woocommerce_thumbnail size-woocommerce_thumbnail\" alt=\"Giorgio Armani Because It&#039;s You Eau de parfum h\u00f6lgyeknek\" srcset=\"https:\/\/kisslindavirag.keriweb.hu\/wp-content\/uploads\/2026\/02\/giorgio-armani-because-it-s-you-1-300x300.jpg 300w, https:\/\/kisslindavirag.keriweb.hu\/wp-content\/uploads\/2026\/02\/giorgio-armani-because-it-s-you-1-150x150.jpg 150w, https:\/\/kisslindavirag.keriweb.hu\/wp-content\/uploads\/2026\/02\/giorgio-armani-because-it-s-you-1-12x12.jpg 12w, https:\/\/kisslindavirag.keriweb.hu\/wp-content\/uploads\/2026\/02\/giorgio-armani-because-it-s-you-1.jpg 350w\" sizes=\"(max-width: 300px) 100vw, 300px\" \/><\/div>\n\t\t\t\t\t<div class=\"wc-block-grid__product-title\">Giorgio Armani Because It&#8217;s You Eau de parfum h\u00f6lgyeknek<\/div>\n\t\t\t\t<\/a>\n\t\t\t\t<div class=\"wc-block-grid__product-price price\"><span class=\"woocommerce-Price-amount amount\" aria-hidden=\"true\">27 970&nbsp;<span class=\"woocommerce-Price-currencySymbol\">&#070;&#116;<\/span><\/span> <span aria-hidden=\"true\">&ndash;<\/span> <span class=\"woocommerce-Price-amount amount\" aria-hidden=\"true\">37 570&nbsp;<span class=\"woocommerce-Price-currencySymbol\">&#070;&#116;<\/span><\/span><span class=\"screen-reader-text\" data-no-translation=\"\" data-trp-gettext=\"\">Price range: 27 970&nbsp;&#070;&#116; through 37 570&nbsp;&#070;&#116;<\/span><\/div>\n\t\t\t\t\n\t\t\t\t<div class=\"wp-block-button wc-block-grid__product-add-to-cart\"><a href=\"https:\/\/kisslindavirag.keriweb.hu\/en\/product\/giorgio-armani-because-its-you-eau-de-parfum-holgyeknek\/\" aria-label=\"Select options for \u201cGiorgio Armani Because It&#039;s You Eau de parfum h\u00f6lgyeknek\u201d\" data-quantity=\"1\" data-product_id=\"219\" data-product_sku=\"\" data-price=\"27970\" rel=\"nofollow\" class=\"wp-block-button__link  add_to_cart_button\" data-no-translation=\"\" data-trp-gettext=\"\" data-no-translation-aria-label=\"\">Select options<\/a><\/div>\n\t\t\t<\/li><\/ul><\/div><\/div>\n<\/div>","protected":false},"excerpt":{"rendered":"","protected":false},"author":1,"featured_media":0,"parent":0,"menu_order":0,"comment_status":"closed","ping_status":"closed","template":"","meta":{"footnotes":""},"class_list":["post-10","page","type-page","status-publish","hentry"],"yoast_head":"<!-- This site is optimized with the Yoast SEO plugin v27.3 - https:\/\/yoast.com\/product\/yoast-seo-wordpress\/ -->\n<title>Kos\u00e1r - Lindarf\u00fcm<\/title>\n<meta name=\"robots\" content=\"index, follow, max-snippet:-1, max-image-preview:large, max-video-preview:-1\" \/>\n<link rel=\"canonical\" href=\"https:\/\/kisslindavirag.keriweb.hu\/en\/kosar\/\" \/>\n<meta property=\"og:locale\" content=\"en_GB\" \/>\n<meta property=\"og:type\" content=\"article\" \/>\n<meta property=\"og:title\" content=\"Kos\u00e1r - Lindarf\u00fcm\" \/>\n<meta property=\"og:url\" content=\"https:\/\/kisslindavirag.keriweb.hu\/en\/kosar\/\" \/>\n<meta property=\"og:site_name\" content=\"Lindarf\u00fcm\" \/>\n<meta property=\"article:modified_time\" content=\"2025-11-03T09:05:26+00:00\" \/>\n<meta name=\"twitter:card\" content=\"summary_large_image\" \/>\n<script type=\"application\/ld+json\" class=\"yoast-schema-graph\">{\"@context\":\"https:\\\/\\\/schema.org\",\"@graph\":[{\"@type\":\"WebPage\",\"@id\":\"https:\\\/\\\/kisslindavirag.keriweb.hu\\\/kosar\\\/\",\"url\":\"https:\\\/\\\/kisslindavirag.keriweb.hu\\\/kosar\\\/\",\"name\":\"Kos\u00e1r - Lindarf\u00fcm\",\"isPartOf\":{\"@id\":\"https:\\\/\\\/kisslindavirag.keriweb.hu\\\/#website\"},\"datePublished\":\"2025-10-14T08:32:47+00:00\",\"dateModified\":\"2025-11-03T09:05:26+00:00\",\"breadcrumb\":{\"@id\":\"https:\\\/\\\/kisslindavirag.keriweb.hu\\\/kosar\\\/#breadcrumb\"},\"inLanguage\":\"en-GB\",\"potentialAction\":[{\"@type\":\"ReadAction\",\"target\":[\"https:\\\/\\\/kisslindavirag.keriweb.hu\\\/kosar\\\/\"]}]},{\"@type\":\"BreadcrumbList\",\"@id\":\"https:\\\/\\\/kisslindavirag.keriweb.hu\\\/kosar\\\/#breadcrumb\",\"itemListElement\":[{\"@type\":\"ListItem\",\"position\":1,\"name\":\"Kezd\u0151lap\",\"item\":\"https:\\\/\\\/kisslindavirag.keriweb.hu\\\/\"},{\"@type\":\"ListItem\",\"position\":2,\"name\":\"Kos\u00e1r\"}]},{\"@type\":\"WebSite\",\"@id\":\"https:\\\/\\\/kisslindavirag.keriweb.hu\\\/#website\",\"url\":\"https:\\\/\\\/kisslindavirag.keriweb.hu\\\/\",\"name\":\"Lindarf\u00fcm\",\"description\":\"Ez egy TESZT web\u00e1ruh\u00e1z, megrendel\u00e9s nem lehets\u00e9ges.\",\"publisher\":{\"@id\":\"https:\\\/\\\/kisslindavirag.keriweb.hu\\\/#organization\"},\"potentialAction\":[{\"@type\":\"SearchAction\",\"target\":{\"@type\":\"EntryPoint\",\"urlTemplate\":\"https:\\\/\\\/kisslindavirag.keriweb.hu\\\/?s={search_term_string}\"},\"query-input\":{\"@type\":\"PropertyValueSpecification\",\"valueRequired\":true,\"valueName\":\"search_term_string\"}}],\"inLanguage\":\"en-GB\"},{\"@type\":\"Organization\",\"@id\":\"https:\\\/\\\/kisslindavirag.keriweb.hu\\\/#organization\",\"name\":\"Lindarf\u00fcm\",\"url\":\"https:\\\/\\\/kisslindavirag.keriweb.hu\\\/\",\"logo\":{\"@type\":\"ImageObject\",\"inLanguage\":\"en-GB\",\"@id\":\"https:\\\/\\\/kisslindavirag.keriweb.hu\\\/#\\\/schema\\\/logo\\\/image\\\/\",\"url\":\"https:\\\/\\\/kisslindavirag.keriweb.hu\\\/wp-content\\\/uploads\\\/2026\\\/02\\\/cropped-Dark-Blue-Gold-Elegant-Perfume-Store-Logo-2-e1772023135938.png\",\"contentUrl\":\"https:\\\/\\\/kisslindavirag.keriweb.hu\\\/wp-content\\\/uploads\\\/2026\\\/02\\\/cropped-Dark-Blue-Gold-Elegant-Perfume-Store-Logo-2-e1772023135938.png\",\"width\":250,\"height\":238,\"caption\":\"Lindarf\u00fcm\"},\"image\":{\"@id\":\"https:\\\/\\\/kisslindavirag.keriweb.hu\\\/#\\\/schema\\\/logo\\\/image\\\/\"}}]}<\/script>\n<!-- \/ Yoast SEO plugin. -->","yoast_head_json":{"title":"Kos\u00e1r - Lindarf\u00fcm","robots":{"index":"index","follow":"follow","max-snippet":"max-snippet:-1","max-image-preview":"max-image-preview:large","max-video-preview":"max-video-preview:-1"},"canonical":"https:\/\/kisslindavirag.keriweb.hu\/en\/kosar\/","og_locale":"en_GB","og_type":"article","og_title":"Kos\u00e1r - Lindarf\u00fcm","og_url":"https:\/\/kisslindavirag.keriweb.hu\/en\/kosar\/","og_site_name":"Lindarf\u00fcm","article_modified_time":"2025-11-03T09:05:26+00:00","twitter_card":"summary_large_image","schema":{"@context":"https:\/\/schema.org","@graph":[{"@type":"WebPage","@id":"https:\/\/kisslindavirag.keriweb.hu\/kosar\/","url":"https:\/\/kisslindavirag.keriweb.hu\/kosar\/","name":"Kos\u00e1r - Lindarf\u00fcm","isPartOf":{"@id":"https:\/\/kisslindavirag.keriweb.hu\/#website"},"datePublished":"2025-10-14T08:32:47+00:00","dateModified":"2025-11-03T09:05:26+00:00","breadcrumb":{"@id":"https:\/\/kisslindavirag.keriweb.hu\/kosar\/#breadcrumb"},"inLanguage":"en-GB","potentialAction":[{"@type":"ReadAction","target":["https:\/\/kisslindavirag.keriweb.hu\/kosar\/"]}]},{"@type":"BreadcrumbList","@id":"https:\/\/kisslindavirag.keriweb.hu\/kosar\/#breadcrumb","itemListElement":[{"@type":"ListItem","position":1,"name":"Kezd\u0151lap","item":"https:\/\/kisslindavirag.keriweb.hu\/"},{"@type":"ListItem","position":2,"name":"Kos\u00e1r"}]},{"@type":"WebSite","@id":"https:\/\/kisslindavirag.keriweb.hu\/#website","url":"https:\/\/kisslindavirag.keriweb.hu\/","name":"Lindarf\u00fcm","description":"Ez egy TESZT web\u00e1ruh\u00e1z, megrendel\u00e9s nem lehets\u00e9ges.","publisher":{"@id":"https:\/\/kisslindavirag.keriweb.hu\/#organization"},"potentialAction":[{"@type":"SearchAction","target":{"@type":"EntryPoint","urlTemplate":"https:\/\/kisslindavirag.keriweb.hu\/?s={search_term_string}"},"query-input":{"@type":"PropertyValueSpecification","valueRequired":true,"valueName":"search_term_string"}}],"inLanguage":"en-GB"},{"@type":"Organization","@id":"https:\/\/kisslindavirag.keriweb.hu\/#organization","name":"Lindarf\u00fcm","url":"https:\/\/kisslindavirag.keriweb.hu\/","logo":{"@type":"ImageObject","inLanguage":"en-GB","@id":"https:\/\/kisslindavirag.keriweb.hu\/#\/schema\/logo\/image\/","url":"https:\/\/kisslindavirag.keriweb.hu\/wp-content\/uploads\/2026\/02\/cropped-Dark-Blue-Gold-Elegant-Perfume-Store-Logo-2-e1772023135938.png","contentUrl":"https:\/\/kisslindavirag.keriweb.hu\/wp-content\/uploads\/2026\/02\/cropped-Dark-Blue-Gold-Elegant-Perfume-Store-Logo-2-e1772023135938.png","width":250,"height":238,"caption":"Lindarf\u00fcm"},"image":{"@id":"https:\/\/kisslindavirag.keriweb.hu\/#\/schema\/logo\/image\/"}}]}},"_links":{"self":[{"href":"https:\/\/kisslindavirag.keriweb.hu\/en\/wp-json\/wp\/v2\/pages\/10","targetHints":{"allow":["GET"]}}],"collection":[{"href":"https:\/\/kisslindavirag.keriweb.hu\/en\/wp-json\/wp\/v2\/pages"}],"about":[{"href":"https:\/\/kisslindavirag.keriweb.hu\/en\/wp-json\/wp\/v2\/types\/page"}],"author":[{"embeddable":true,"href":"https:\/\/kisslindavirag.keriweb.hu\/en\/wp-json\/wp\/v2\/users\/1"}],"replies":[{"embeddable":true,"href":"https:\/\/kisslindavirag.keriweb.hu\/en\/wp-json\/wp\/v2\/comments?post=10"}],"version-history":[{"count":1,"href":"https:\/\/kisslindavirag.keriweb.hu\/en\/wp-json\/wp\/v2\/pages\/10\/revisions"}],"predecessor-version":[{"id":95,"href":"https:\/\/kisslindavirag.keriweb.hu\/en\/wp-json\/wp\/v2\/pages\/10\/revisions\/95"}],"wp:attachment":[{"href":"https:\/\/kisslindavirag.keriweb.hu\/en\/wp-json\/wp\/v2\/media?parent=10"}],"curies":[{"name":"wp","href":"https:\/\/api.w.org\/{rel}","templated":true}]}}