{"id":72,"date":"2025-10-22T11:17:50","date_gmt":"2025-10-22T09:17:50","guid":{"rendered":"https:\/\/kisslindavirag.keriweb.hu\/?post_type=product&#038;p=72"},"modified":"2026-03-02T14:31:42","modified_gmt":"2026-03-02T12:31:42","slug":"yves-saint-laurent-libre","status":"publish","type":"product","link":"https:\/\/kisslindavirag.keriweb.hu\/de\/produkt\/yves-saint-laurent-libre\/","title":{"rendered":"Yves Saint-Laurent &#8211; Libre"},"content":{"rendered":"<div class=\"product-detail-info\">\n<div class=\"b72c910bb90dd6e58955\" data-testid=\"product-detail-info__classifications\">\n<div class=\"cfcd995f412f160c58cf\"><span class=\"ef5cfb0d6e82b3b9ea2c\">Term\u00e9kazonos\u00edt\u00f3<\/span>289690<\/div>\n<div class=\"cfcd995f412f160c58cf\"><span class=\"ef5cfb0d6e82b3b9ea2c\">Illat<\/span>vir\u00e1gos<\/div>\n<div class=\"cfcd995f412f160c58cf\"><span class=\"ef5cfb0d6e82b3b9ea2c\">Fejjegy<\/span>van\u00edlia, c\u00e9drus, \u00e1mbra, p\u00e9zsma, mandarin, neroli, levendula<\/div>\n<div class=\"cfcd995f412f160c58cf\"><span class=\"ef5cfb0d6e82b3b9ea2c\">Sz\u00edvjegy<\/span>narancsvir\u00e1g, levendula, j\u00e1zmin<\/div>\n<div class=\"cfcd995f412f160c58cf\"><span class=\"ef5cfb0d6e82b3b9ea2c\">Alapjegy<\/span>neroli, mandarin, mandarin narancs, c\u00e9drusfa, p\u00e9zsma<\/div>\n<div class=\"cfcd995f412f160c58cf\"><span class=\"ef5cfb0d6e82b3b9ea2c\">\u00dajrat\u00f6lthet\u0151 vagyok<\/span>Igen<\/div>\n<div class=\"cfcd995f412f160c58cf\"><span class=\"ef5cfb0d6e82b3b9ea2c\">Ut\u00e1nt\u00f6lt\u0151 vagyok<\/span>Nem<\/div>\n<div class=\"cfcd995f412f160c58cf\"><span class=\"ef5cfb0d6e82b3b9ea2c\">Term\u00e9k t\u00edpusa<\/span>permetez\u0151<\/div>\n<div class=\"cfcd995f412f160c58cf\"><span class=\"ef5cfb0d6e82b3b9ea2c\">Alkalmaz\u00e1si ter\u00fclet<\/span>test, nyak<\/div>\n<div class=\"cfcd995f412f160c58cf\"><span class=\"ef5cfb0d6e82b3b9ea2c\">Kor<\/span>minden koroszt\u00e1ly<\/div>\n<\/div>\n<\/div>\n<div class=\"product-details__description\" data-testid=\"product-details-description\">\n<div>LIBRE Eau de Parfum, az Yves Saint Laurent ikonikus n\u0151i illata most ut\u00e1nt\u00f6lt\u0151vel. A szabads\u00e1g, hogy mindent t\u00falz\u00e1ssal \u00e9lj\u00fcnk meg. Egy er\u0151s, b\u00e1tor \u00e9s hat\u00e1rozott n\u0151 illata, aki meg\u00e9li a szabads\u00e1g\u00e1t \u00e9s g\u00e1tl\u00e1sok n\u00e9lk\u00fcl felv\u00e1llalja \u00d6nmag\u00e1t. A marokk\u00f3i narancsvir\u00e1g \u00e9get\u0151 \u00e9rz\u00e9kis\u00e9ge \u00e9s a franciaorsz\u00e1gi levendula mer\u00e9szs\u00e9ge k\u00f6z\u00f6tti fesz\u00fclts\u00e9g egy n\u0151ies csavarral. Egyed\u00fcl\u00e1ll\u00f3 megjelen\u00e9s. Egy leheletnyi szabads\u00e1g. A LIBRE Eau de Parfum ikonikus \u00fcveg\u00e9t mostant\u00f3l \u00f6r\u00f6kre meg\u0151rizheted \u00e9s \u00fajrat\u00f6ltheted otthon a v\u00e9gtelen szabads\u00e1g erej\u00e9vel. Az YSL Beauty elk\u00f6telezett a k\u00f6rnyezetre m\u00e9rt negat\u00edv hat\u00e1sok cs\u00f6kkent\u00e9se mellett. Az Eau de Parfum \u00fcveg \u00fajrat\u00f6lt\u00e9se seg\u00edt 41%* \u00fcveg, 67%* f\u00e9m \u00e9s 38%* m\u0171anyag megtakar\u00edt\u00e1s\u00e1ban. A LIBRE Eau de Parfum 100ml ut\u00e1nt\u00f6lt\u0151 lehet\u0151v\u00e9 teszi a LIBRE Eau de Parfum 30ml, 50ml \u00e9s 90ml-es kiszerel\u00e9s\u00e9nek \u00fajrat\u00f6lt\u00e9s\u00e9t, amely illatoknak a k\u00fcls\u0151 csomagol\u00e1son megjelent az \u00fajrat\u00f6lthet\u0151 felirat. *A sz\u00e1m\u00edt\u00e1s 1 \u00fajrat\u00f6lthet\u0151 50ml-es \u00fcveg + 1 100ml-es ut\u00e1nt\u00f6lt\u0151 \u00e9s 3 klasszikus, nem \u00fajrat\u00f6lthet\u0151 50ml-es \u00fcveg \u00f6sszehasonl\u00edt\u00e1s\u00e1val k\u00e9sz\u00fclt. Az illat \u00f6sszetev\u0151i: Fejillat: Mandarin, Neroli, Levendula Sz\u00edvillat: J\u00e1zmin, Narancsvir\u00e1g Alapillat: Feh\u00e9r p\u00e9zsma, Tonkabab, Van\u00edlia<\/div>\n<\/div>","protected":false},"excerpt":{"rendered":"<p>Term\u00e9kazonos\u00edt\u00f3289690 Illatvir\u00e1gos Fejjegyvan\u00edlia, c\u00e9drus, \u00e1mbra, p\u00e9zsma, mandarin, neroli, levendula Sz\u00edvjegynarancsvir\u00e1g, levendula, j\u00e1zmin Alapjegyneroli, mandarin, mandarin narancs, c\u00e9drusfa, p\u00e9zsma \u00dajrat\u00f6lthet\u0151 vagyokIgen Ut\u00e1nt\u00f6lt\u0151 vagyokNem Term\u00e9k t\u00edpusapermetez\u0151 Alkalmaz\u00e1si ter\u00fclettest, nyak Korminden koroszt\u00e1ly LIBRE Eau de Parfum, az Yves Saint Laurent ikonikus n\u0151i illata most ut\u00e1nt\u00f6lt\u0151vel. A szabads\u00e1g, hogy mindent t\u00falz\u00e1ssal \u00e9lj\u00fcnk meg. Egy er\u0151s, b\u00e1tor \u00e9s hat\u00e1rozott n\u0151 &hellip; <\/p>","protected":false},"featured_media":97,"template":"","meta":[],"product_brand":[],"product_cat":[15],"product_tag":[],"class_list":{"0":"post-72","1":"product","2":"type-product","3":"status-publish","4":"has-post-thumbnail","6":"product_cat-egyeb","8":"first","9":"instock","10":"sale","11":"taxable","12":"shipping-taxable","13":"purchasable","14":"product-type-variable"},"yoast_head":"<!-- This site is optimized with the Yoast SEO plugin v27.3 - https:\/\/yoast.com\/product\/yoast-seo-wordpress\/ -->\n<title>Yves Saint-Laurent - Libre - Lindarf\u00fcm<\/title>\n<meta name=\"robots\" content=\"index, follow, max-snippet:-1, max-image-preview:large, max-video-preview:-1\" \/>\n<link rel=\"canonical\" href=\"https:\/\/kisslindavirag.keriweb.hu\/de\/produkt\/yves-saint-laurent-libre\/\" \/>\n<meta property=\"og:locale\" content=\"de_DE\" \/>\n<meta property=\"og:type\" content=\"article\" \/>\n<meta property=\"og:title\" content=\"Yves Saint-Laurent - Libre - Lindarf\u00fcm\" \/>\n<meta property=\"og:description\" content=\"Term\u00e9kazonos\u00edt\u00f3289690 Illatvir\u00e1gos Fejjegyvan\u00edlia, c\u00e9drus, \u00e1mbra, p\u00e9zsma, mandarin, neroli, levendula Sz\u00edvjegynarancsvir\u00e1g, levendula, j\u00e1zmin Alapjegyneroli, mandarin, mandarin narancs, c\u00e9drusfa, p\u00e9zsma \u00dajrat\u00f6lthet\u0151 vagyokIgen Ut\u00e1nt\u00f6lt\u0151 vagyokNem Term\u00e9k t\u00edpusapermetez\u0151 Alkalmaz\u00e1si ter\u00fclettest, nyak Korminden koroszt\u00e1ly LIBRE Eau de Parfum, az Yves Saint Laurent ikonikus n\u0151i illata most ut\u00e1nt\u00f6lt\u0151vel. A szabads\u00e1g, hogy mindent t\u00falz\u00e1ssal \u00e9lj\u00fcnk meg. Egy er\u0151s, b\u00e1tor \u00e9s hat\u00e1rozott n\u0151 &hellip;\" \/>\n<meta property=\"og:url\" content=\"https:\/\/kisslindavirag.keriweb.hu\/de\/produkt\/yves-saint-laurent-libre\/\" \/>\n<meta property=\"og:site_name\" content=\"Lindarf\u00fcm\" \/>\n<meta property=\"article:modified_time\" content=\"2026-03-02T12:31:42+00:00\" \/>\n<meta property=\"og:image\" content=\"https:\/\/kisslindavirag.keriweb.hu\/wp-content\/uploads\/2025\/10\/libre___220729.webp\" \/>\n\t<meta property=\"og:image:width\" content=\"392\" \/>\n\t<meta property=\"og:image:height\" content=\"450\" \/>\n\t<meta property=\"og:image:type\" content=\"image\/webp\" \/>\n<meta name=\"twitter:card\" content=\"summary_large_image\" \/>\n<meta name=\"twitter:label1\" content=\"Gesch\u00e4tzte Lesezeit\" \/>\n\t<meta name=\"twitter:data1\" content=\"2\u00a0Minuten\" \/>\n<script type=\"application\/ld+json\" class=\"yoast-schema-graph\">{\"@context\":\"https:\\\/\\\/schema.org\",\"@graph\":[{\"@type\":\"WebPage\",\"@id\":\"https:\\\/\\\/kisslindavirag.keriweb.hu\\\/termek\\\/yves-saint-laurent-libre\\\/\",\"url\":\"https:\\\/\\\/kisslindavirag.keriweb.hu\\\/termek\\\/yves-saint-laurent-libre\\\/\",\"name\":\"Yves Saint-Laurent - Libre - Lindarf\u00fcm\",\"isPartOf\":{\"@id\":\"https:\\\/\\\/kisslindavirag.keriweb.hu\\\/#website\"},\"primaryImageOfPage\":{\"@id\":\"https:\\\/\\\/kisslindavirag.keriweb.hu\\\/termek\\\/yves-saint-laurent-libre\\\/#primaryimage\"},\"image\":{\"@id\":\"https:\\\/\\\/kisslindavirag.keriweb.hu\\\/termek\\\/yves-saint-laurent-libre\\\/#primaryimage\"},\"thumbnailUrl\":\"https:\\\/\\\/kisslindavirag.keriweb.hu\\\/wp-content\\\/uploads\\\/2025\\\/10\\\/libre___220729.webp\",\"datePublished\":\"2025-10-22T09:17:50+00:00\",\"dateModified\":\"2026-03-02T12:31:42+00:00\",\"breadcrumb\":{\"@id\":\"https:\\\/\\\/kisslindavirag.keriweb.hu\\\/termek\\\/yves-saint-laurent-libre\\\/#breadcrumb\"},\"inLanguage\":\"de\",\"potentialAction\":[{\"@type\":\"ReadAction\",\"target\":[\"https:\\\/\\\/kisslindavirag.keriweb.hu\\\/termek\\\/yves-saint-laurent-libre\\\/\"]}]},{\"@type\":\"ImageObject\",\"inLanguage\":\"de\",\"@id\":\"https:\\\/\\\/kisslindavirag.keriweb.hu\\\/termek\\\/yves-saint-laurent-libre\\\/#primaryimage\",\"url\":\"https:\\\/\\\/kisslindavirag.keriweb.hu\\\/wp-content\\\/uploads\\\/2025\\\/10\\\/libre___220729.webp\",\"contentUrl\":\"https:\\\/\\\/kisslindavirag.keriweb.hu\\\/wp-content\\\/uploads\\\/2025\\\/10\\\/libre___220729.webp\",\"width\":392,\"height\":450},{\"@type\":\"BreadcrumbList\",\"@id\":\"https:\\\/\\\/kisslindavirag.keriweb.hu\\\/termek\\\/yves-saint-laurent-libre\\\/#breadcrumb\",\"itemListElement\":[{\"@type\":\"ListItem\",\"position\":1,\"name\":\"Kezd\u0151lap\",\"item\":\"https:\\\/\\\/kisslindavirag.keriweb.hu\\\/\"},{\"@type\":\"ListItem\",\"position\":2,\"name\":\"Shop\",\"item\":\"https:\\\/\\\/kisslindavirag.keriweb.hu\\\/uzlet\\\/\"},{\"@type\":\"ListItem\",\"position\":3,\"name\":\"Yves Saint-Laurent &#8211; Libre\"}]},{\"@type\":\"WebSite\",\"@id\":\"https:\\\/\\\/kisslindavirag.keriweb.hu\\\/#website\",\"url\":\"https:\\\/\\\/kisslindavirag.keriweb.hu\\\/\",\"name\":\"Lindarf\u00fcm\",\"description\":\"Ez egy TESZT web\u00e1ruh\u00e1z, megrendel\u00e9s nem lehets\u00e9ges.\",\"publisher\":{\"@id\":\"https:\\\/\\\/kisslindavirag.keriweb.hu\\\/#organization\"},\"potentialAction\":[{\"@type\":\"SearchAction\",\"target\":{\"@type\":\"EntryPoint\",\"urlTemplate\":\"https:\\\/\\\/kisslindavirag.keriweb.hu\\\/?s={search_term_string}\"},\"query-input\":{\"@type\":\"PropertyValueSpecification\",\"valueRequired\":true,\"valueName\":\"search_term_string\"}}],\"inLanguage\":\"de\"},{\"@type\":\"Organization\",\"@id\":\"https:\\\/\\\/kisslindavirag.keriweb.hu\\\/#organization\",\"name\":\"Lindarf\u00fcm\",\"url\":\"https:\\\/\\\/kisslindavirag.keriweb.hu\\\/\",\"logo\":{\"@type\":\"ImageObject\",\"inLanguage\":\"de\",\"@id\":\"https:\\\/\\\/kisslindavirag.keriweb.hu\\\/#\\\/schema\\\/logo\\\/image\\\/\",\"url\":\"https:\\\/\\\/kisslindavirag.keriweb.hu\\\/wp-content\\\/uploads\\\/2026\\\/02\\\/cropped-Dark-Blue-Gold-Elegant-Perfume-Store-Logo-2-e1772023135938.png\",\"contentUrl\":\"https:\\\/\\\/kisslindavirag.keriweb.hu\\\/wp-content\\\/uploads\\\/2026\\\/02\\\/cropped-Dark-Blue-Gold-Elegant-Perfume-Store-Logo-2-e1772023135938.png\",\"width\":250,\"height\":238,\"caption\":\"Lindarf\u00fcm\"},\"image\":{\"@id\":\"https:\\\/\\\/kisslindavirag.keriweb.hu\\\/#\\\/schema\\\/logo\\\/image\\\/\"}}]}<\/script>\n<!-- \/ Yoast SEO plugin. -->","yoast_head_json":{"title":"Yves Saint-Laurent - Libre - Lindarf\u00fcm","robots":{"index":"index","follow":"follow","max-snippet":"max-snippet:-1","max-image-preview":"max-image-preview:large","max-video-preview":"max-video-preview:-1"},"canonical":"https:\/\/kisslindavirag.keriweb.hu\/de\/produkt\/yves-saint-laurent-libre\/","og_locale":"de_DE","og_type":"article","og_title":"Yves Saint-Laurent - Libre - Lindarf\u00fcm","og_description":"Term\u00e9kazonos\u00edt\u00f3289690 Illatvir\u00e1gos Fejjegyvan\u00edlia, c\u00e9drus, \u00e1mbra, p\u00e9zsma, mandarin, neroli, levendula Sz\u00edvjegynarancsvir\u00e1g, levendula, j\u00e1zmin Alapjegyneroli, mandarin, mandarin narancs, c\u00e9drusfa, p\u00e9zsma \u00dajrat\u00f6lthet\u0151 vagyokIgen Ut\u00e1nt\u00f6lt\u0151 vagyokNem Term\u00e9k t\u00edpusapermetez\u0151 Alkalmaz\u00e1si ter\u00fclettest, nyak Korminden koroszt\u00e1ly LIBRE Eau de Parfum, az Yves Saint Laurent ikonikus n\u0151i illata most ut\u00e1nt\u00f6lt\u0151vel. A szabads\u00e1g, hogy mindent t\u00falz\u00e1ssal \u00e9lj\u00fcnk meg. Egy er\u0151s, b\u00e1tor \u00e9s hat\u00e1rozott n\u0151 &hellip;","og_url":"https:\/\/kisslindavirag.keriweb.hu\/de\/produkt\/yves-saint-laurent-libre\/","og_site_name":"Lindarf\u00fcm","article_modified_time":"2026-03-02T12:31:42+00:00","og_image":[{"width":392,"height":450,"url":"https:\/\/kisslindavirag.keriweb.hu\/wp-content\/uploads\/2025\/10\/libre___220729.webp","type":"image\/webp"}],"twitter_card":"summary_large_image","twitter_misc":{"Gesch\u00e4tzte Lesezeit":"2\u00a0Minuten"},"schema":{"@context":"https:\/\/schema.org","@graph":[{"@type":"WebPage","@id":"https:\/\/kisslindavirag.keriweb.hu\/termek\/yves-saint-laurent-libre\/","url":"https:\/\/kisslindavirag.keriweb.hu\/termek\/yves-saint-laurent-libre\/","name":"Yves Saint-Laurent - Libre - Lindarf\u00fcm","isPartOf":{"@id":"https:\/\/kisslindavirag.keriweb.hu\/#website"},"primaryImageOfPage":{"@id":"https:\/\/kisslindavirag.keriweb.hu\/termek\/yves-saint-laurent-libre\/#primaryimage"},"image":{"@id":"https:\/\/kisslindavirag.keriweb.hu\/termek\/yves-saint-laurent-libre\/#primaryimage"},"thumbnailUrl":"https:\/\/kisslindavirag.keriweb.hu\/wp-content\/uploads\/2025\/10\/libre___220729.webp","datePublished":"2025-10-22T09:17:50+00:00","dateModified":"2026-03-02T12:31:42+00:00","breadcrumb":{"@id":"https:\/\/kisslindavirag.keriweb.hu\/termek\/yves-saint-laurent-libre\/#breadcrumb"},"inLanguage":"de","potentialAction":[{"@type":"ReadAction","target":["https:\/\/kisslindavirag.keriweb.hu\/termek\/yves-saint-laurent-libre\/"]}]},{"@type":"ImageObject","inLanguage":"de","@id":"https:\/\/kisslindavirag.keriweb.hu\/termek\/yves-saint-laurent-libre\/#primaryimage","url":"https:\/\/kisslindavirag.keriweb.hu\/wp-content\/uploads\/2025\/10\/libre___220729.webp","contentUrl":"https:\/\/kisslindavirag.keriweb.hu\/wp-content\/uploads\/2025\/10\/libre___220729.webp","width":392,"height":450},{"@type":"BreadcrumbList","@id":"https:\/\/kisslindavirag.keriweb.hu\/termek\/yves-saint-laurent-libre\/#breadcrumb","itemListElement":[{"@type":"ListItem","position":1,"name":"Kezd\u0151lap","item":"https:\/\/kisslindavirag.keriweb.hu\/"},{"@type":"ListItem","position":2,"name":"Shop","item":"https:\/\/kisslindavirag.keriweb.hu\/uzlet\/"},{"@type":"ListItem","position":3,"name":"Yves Saint-Laurent &#8211; Libre"}]},{"@type":"WebSite","@id":"https:\/\/kisslindavirag.keriweb.hu\/#website","url":"https:\/\/kisslindavirag.keriweb.hu\/","name":"Lindarf\u00fcm","description":"Ez egy TESZT web\u00e1ruh\u00e1z, megrendel\u00e9s nem lehets\u00e9ges.","publisher":{"@id":"https:\/\/kisslindavirag.keriweb.hu\/#organization"},"potentialAction":[{"@type":"SearchAction","target":{"@type":"EntryPoint","urlTemplate":"https:\/\/kisslindavirag.keriweb.hu\/?s={search_term_string}"},"query-input":{"@type":"PropertyValueSpecification","valueRequired":true,"valueName":"search_term_string"}}],"inLanguage":"de"},{"@type":"Organization","@id":"https:\/\/kisslindavirag.keriweb.hu\/#organization","name":"Lindarf\u00fcm","url":"https:\/\/kisslindavirag.keriweb.hu\/","logo":{"@type":"ImageObject","inLanguage":"de","@id":"https:\/\/kisslindavirag.keriweb.hu\/#\/schema\/logo\/image\/","url":"https:\/\/kisslindavirag.keriweb.hu\/wp-content\/uploads\/2026\/02\/cropped-Dark-Blue-Gold-Elegant-Perfume-Store-Logo-2-e1772023135938.png","contentUrl":"https:\/\/kisslindavirag.keriweb.hu\/wp-content\/uploads\/2026\/02\/cropped-Dark-Blue-Gold-Elegant-Perfume-Store-Logo-2-e1772023135938.png","width":250,"height":238,"caption":"Lindarf\u00fcm"},"image":{"@id":"https:\/\/kisslindavirag.keriweb.hu\/#\/schema\/logo\/image\/"}}]}},"_links":{"self":[{"href":"https:\/\/kisslindavirag.keriweb.hu\/de\/wp-json\/wp\/v2\/product\/72","targetHints":{"allow":["GET"]}}],"collection":[{"href":"https:\/\/kisslindavirag.keriweb.hu\/de\/wp-json\/wp\/v2\/product"}],"about":[{"href":"https:\/\/kisslindavirag.keriweb.hu\/de\/wp-json\/wp\/v2\/types\/product"}],"wp:featuredmedia":[{"embeddable":true,"href":"https:\/\/kisslindavirag.keriweb.hu\/de\/wp-json\/wp\/v2\/media\/97"}],"wp:attachment":[{"href":"https:\/\/kisslindavirag.keriweb.hu\/de\/wp-json\/wp\/v2\/media?parent=72"}],"wp:term":[{"taxonomy":"product_brand","embeddable":true,"href":"https:\/\/kisslindavirag.keriweb.hu\/de\/wp-json\/wp\/v2\/product_brand?post=72"},{"taxonomy":"product_cat","embeddable":true,"href":"https:\/\/kisslindavirag.keriweb.hu\/de\/wp-json\/wp\/v2\/product_cat?post=72"},{"taxonomy":"product_tag","embeddable":true,"href":"https:\/\/kisslindavirag.keriweb.hu\/de\/wp-json\/wp\/v2\/product_tag?post=72"}],"curies":[{"name":"wp","href":"https:\/\/api.w.org\/{rel}","templated":true}]}}