{"id":293,"date":"2026-04-01T11:45:48","date_gmt":"2026-04-01T09:45:48","guid":{"rendered":"https:\/\/kisslindavirag.keriweb.hu\/?post_type=product&#038;p=293"},"modified":"2026-04-01T11:45:48","modified_gmt":"2026-04-01T09:45:48","slug":"nashja-scarlet-amber-noi-extrait-de-parfum-100-ml","status":"publish","type":"product","link":"https:\/\/kisslindavirag.keriweb.hu\/de\/produkt\/nashja-scarlet-amber-noi-extrait-de-parfum-100-ml\/","title":{"rendered":"Nashja Scarlet Amber n\u0151i Extrait de Parfum &#8211; 100 ml"},"content":{"rendered":"<h3 class=\"Text__Typo-sc-30b53bf2-0 ProductDescription___StyledTypo-sc-d7aab8dd-10 cICFVv kMamjd\">Term\u00e9k inform\u00e1ci\u00f3k<\/h3>\n<div class=\"ProductDescription___StyledDiv-sc-d7aab8dd-21 cenNSU\">\n<p>A\u00a0<strong>NASHJA<\/strong>\u00a0egy \u00e9rz\u00e9ki utaz\u00e1s az arab \u00e9jszak\u00e1kon kereszt\u00fcl. Minden egyes illat f\u0171szerek, \u00e9rt\u00e9kes f\u00e1k, egzotikus vir\u00e1gok, ritka gyant\u00e1k illat\u00e1nak elegy\u00e9vel veszi k\u00f6r\u00fcl az \u00e9rz\u00e9keket megteremtve az\u00a0\u0151si baz\u00e1rok, arany l\u00e1mp\u00e1sok \u00e9s keleti dallamok hangulat\u00e1t.<br \/>\nA Nashja parf\u00fcm\u00f6k magas parf\u00fcmolaj koncentr\u00e1ci\u00f3ja intenz\u00edv, eleg\u00e1ns, cs\u00e1b\u00edt\u00f3 illatokat k\u00edn\u00e1l.<br \/>\nA\u00a0<strong>SCARLET AMBER<\/strong>\u00a0maga a szenved\u00e9ly. Egy gazdag, feh\u00e9r vir\u00e1gcsokor, gyant\u00e1k \u00e9s f\u0171szerek, melyek a v\u00f6r\u00f6s borosty\u00e1n, pacsuli \u00e9s p\u00e9zsma elegy\u00e9ben forrnak egybe.<\/p>\n<\/div>\n<h3 class=\"Text__Typo-sc-30b53bf2-0 ProductDescription___StyledTypo5-sc-d7aab8dd-14 cICFVv bOTBxQ\">Haszn\u00e1lati \u00fatmutat\u00f3<\/h3>\n<div class=\"Text__Typo-sc-30b53bf2-0 ProductDescription___StyledTypo6-sc-d7aab8dd-15 MLATy kjrBfW\">\n<div>\n<p>15 cm t\u00e1vols\u00e1gr\u00f3l permetezze a b\u0151rre!<\/p>\n<\/div>\n<\/div>\n<div id=\"syndicate-content-holder\" class=\"Text__Typo-sc-30b53bf2-0 MLATy\"><\/div>\n<div class=\"ProductDescription__Box-sc-d7aab8dd-1 gctJWQ\"><\/div>\n<h3 class=\"Text__Typo-sc-30b53bf2-0 ProductDescription___StyledTypo7-sc-d7aab8dd-16 cICFVv cwReoU\">M\u00e1rka<\/h3>\n<h3 class=\"Text__Typo-sc-30b53bf2-0 ProductDescription___StyledTypo10-sc-d7aab8dd-19 cICFVv bZrpd\">Cikksz\u00e1m<\/h3>\n<div class=\"Flex__StyledContainer-sc-ffd4e6b-1 cLihjn\">\n<div class=\"Text__Typo-sc-30b53bf2-0 MLATy\">8055519864874<\/div>\n<\/div>","protected":false},"excerpt":{"rendered":"<p>Term\u00e9k inform\u00e1ci\u00f3k A\u00a0NASHJA\u00a0egy \u00e9rz\u00e9ki utaz\u00e1s az arab \u00e9jszak\u00e1kon kereszt\u00fcl. Minden egyes illat f\u0171szerek, \u00e9rt\u00e9kes f\u00e1k, egzotikus vir\u00e1gok, ritka gyant\u00e1k illat\u00e1nak elegy\u00e9vel veszi k\u00f6r\u00fcl az \u00e9rz\u00e9keket megteremtve az\u00a0\u0151si baz\u00e1rok, arany l\u00e1mp\u00e1sok \u00e9s keleti dallamok hangulat\u00e1t. A Nashja parf\u00fcm\u00f6k magas parf\u00fcmolaj koncentr\u00e1ci\u00f3ja intenz\u00edv, eleg\u00e1ns, cs\u00e1b\u00edt\u00f3 illatokat k\u00edn\u00e1l. A\u00a0SCARLET AMBER\u00a0maga a szenved\u00e9ly. Egy gazdag, feh\u00e9r vir\u00e1gcsokor, gyant\u00e1k \u00e9s &hellip; <\/p>","protected":false},"featured_media":296,"template":"","meta":[],"product_brand":[],"product_cat":[15],"product_tag":[],"class_list":{"0":"post-293","1":"product","2":"type-product","3":"status-publish","4":"has-post-thumbnail","6":"product_cat-egyeb","8":"first","9":"instock","10":"sale","11":"taxable","12":"shipping-taxable","13":"purchasable","14":"product-type-simple"},"yoast_head":"<!-- This site is optimized with the Yoast SEO plugin v27.3 - https:\/\/yoast.com\/product\/yoast-seo-wordpress\/ -->\n<title>Nashja Scarlet Amber n\u0151i Extrait de Parfum - 100 ml - Lindarf\u00fcm<\/title>\n<meta name=\"robots\" content=\"index, follow, max-snippet:-1, max-image-preview:large, max-video-preview:-1\" \/>\n<link rel=\"canonical\" href=\"https:\/\/kisslindavirag.keriweb.hu\/de\/produkt\/nashja-scarlet-amber-noi-extrait-de-parfum-100-ml\/\" \/>\n<meta property=\"og:locale\" content=\"de_DE\" \/>\n<meta property=\"og:type\" content=\"article\" \/>\n<meta property=\"og:title\" content=\"Nashja Scarlet Amber n\u0151i Extrait de Parfum - 100 ml - Lindarf\u00fcm\" \/>\n<meta property=\"og:description\" content=\"Term\u00e9k inform\u00e1ci\u00f3k A\u00a0NASHJA\u00a0egy \u00e9rz\u00e9ki utaz\u00e1s az arab \u00e9jszak\u00e1kon kereszt\u00fcl. Minden egyes illat f\u0171szerek, \u00e9rt\u00e9kes f\u00e1k, egzotikus vir\u00e1gok, ritka gyant\u00e1k illat\u00e1nak elegy\u00e9vel veszi k\u00f6r\u00fcl az \u00e9rz\u00e9keket megteremtve az\u00a0\u0151si baz\u00e1rok, arany l\u00e1mp\u00e1sok \u00e9s keleti dallamok hangulat\u00e1t. A Nashja parf\u00fcm\u00f6k magas parf\u00fcmolaj koncentr\u00e1ci\u00f3ja intenz\u00edv, eleg\u00e1ns, cs\u00e1b\u00edt\u00f3 illatokat k\u00edn\u00e1l. A\u00a0SCARLET AMBER\u00a0maga a szenved\u00e9ly. Egy gazdag, feh\u00e9r vir\u00e1gcsokor, gyant\u00e1k \u00e9s &hellip;\" \/>\n<meta property=\"og:url\" content=\"https:\/\/kisslindavirag.keriweb.hu\/de\/produkt\/nashja-scarlet-amber-noi-extrait-de-parfum-100-ml\/\" \/>\n<meta property=\"og:site_name\" content=\"Lindarf\u00fcm\" \/>\n<meta property=\"og:image\" content=\"https:\/\/kisslindavirag.keriweb.hu\/wp-content\/uploads\/2026\/04\/nashja2.webp\" \/>\n\t<meta property=\"og:image:width\" content=\"800\" \/>\n\t<meta property=\"og:image:height\" content=\"800\" \/>\n\t<meta property=\"og:image:type\" content=\"image\/webp\" \/>\n<meta name=\"twitter:card\" content=\"summary_large_image\" \/>\n<meta name=\"twitter:label1\" content=\"Gesch\u00e4tzte Lesezeit\" \/>\n\t<meta name=\"twitter:data1\" content=\"1\u00a0Minute\" \/>\n<script type=\"application\/ld+json\" class=\"yoast-schema-graph\">{\"@context\":\"https:\\\/\\\/schema.org\",\"@graph\":[{\"@type\":\"WebPage\",\"@id\":\"https:\\\/\\\/kisslindavirag.keriweb.hu\\\/termek\\\/nashja-scarlet-amber-noi-extrait-de-parfum-100-ml\\\/\",\"url\":\"https:\\\/\\\/kisslindavirag.keriweb.hu\\\/termek\\\/nashja-scarlet-amber-noi-extrait-de-parfum-100-ml\\\/\",\"name\":\"Nashja Scarlet Amber n\u0151i Extrait de Parfum - 100 ml - Lindarf\u00fcm\",\"isPartOf\":{\"@id\":\"https:\\\/\\\/kisslindavirag.keriweb.hu\\\/#website\"},\"primaryImageOfPage\":{\"@id\":\"https:\\\/\\\/kisslindavirag.keriweb.hu\\\/termek\\\/nashja-scarlet-amber-noi-extrait-de-parfum-100-ml\\\/#primaryimage\"},\"image\":{\"@id\":\"https:\\\/\\\/kisslindavirag.keriweb.hu\\\/termek\\\/nashja-scarlet-amber-noi-extrait-de-parfum-100-ml\\\/#primaryimage\"},\"thumbnailUrl\":\"https:\\\/\\\/kisslindavirag.keriweb.hu\\\/wp-content\\\/uploads\\\/2026\\\/04\\\/nashja2.webp\",\"datePublished\":\"2026-04-01T09:45:48+00:00\",\"breadcrumb\":{\"@id\":\"https:\\\/\\\/kisslindavirag.keriweb.hu\\\/termek\\\/nashja-scarlet-amber-noi-extrait-de-parfum-100-ml\\\/#breadcrumb\"},\"inLanguage\":\"de\",\"potentialAction\":[{\"@type\":\"ReadAction\",\"target\":[\"https:\\\/\\\/kisslindavirag.keriweb.hu\\\/termek\\\/nashja-scarlet-amber-noi-extrait-de-parfum-100-ml\\\/\"]}]},{\"@type\":\"ImageObject\",\"inLanguage\":\"de\",\"@id\":\"https:\\\/\\\/kisslindavirag.keriweb.hu\\\/termek\\\/nashja-scarlet-amber-noi-extrait-de-parfum-100-ml\\\/#primaryimage\",\"url\":\"https:\\\/\\\/kisslindavirag.keriweb.hu\\\/wp-content\\\/uploads\\\/2026\\\/04\\\/nashja2.webp\",\"contentUrl\":\"https:\\\/\\\/kisslindavirag.keriweb.hu\\\/wp-content\\\/uploads\\\/2026\\\/04\\\/nashja2.webp\",\"width\":800,\"height\":800},{\"@type\":\"BreadcrumbList\",\"@id\":\"https:\\\/\\\/kisslindavirag.keriweb.hu\\\/termek\\\/nashja-scarlet-amber-noi-extrait-de-parfum-100-ml\\\/#breadcrumb\",\"itemListElement\":[{\"@type\":\"ListItem\",\"position\":1,\"name\":\"Kezd\u0151lap\",\"item\":\"https:\\\/\\\/kisslindavirag.keriweb.hu\\\/\"},{\"@type\":\"ListItem\",\"position\":2,\"name\":\"Shop\",\"item\":\"https:\\\/\\\/kisslindavirag.keriweb.hu\\\/uzlet\\\/\"},{\"@type\":\"ListItem\",\"position\":3,\"name\":\"Nashja Scarlet Amber n\u0151i Extrait de Parfum &#8211; 100 ml\"}]},{\"@type\":\"WebSite\",\"@id\":\"https:\\\/\\\/kisslindavirag.keriweb.hu\\\/#website\",\"url\":\"https:\\\/\\\/kisslindavirag.keriweb.hu\\\/\",\"name\":\"Lindarf\u00fcm\",\"description\":\"Ez egy TESZT web\u00e1ruh\u00e1z, megrendel\u00e9s nem lehets\u00e9ges.\",\"publisher\":{\"@id\":\"https:\\\/\\\/kisslindavirag.keriweb.hu\\\/#organization\"},\"potentialAction\":[{\"@type\":\"SearchAction\",\"target\":{\"@type\":\"EntryPoint\",\"urlTemplate\":\"https:\\\/\\\/kisslindavirag.keriweb.hu\\\/?s={search_term_string}\"},\"query-input\":{\"@type\":\"PropertyValueSpecification\",\"valueRequired\":true,\"valueName\":\"search_term_string\"}}],\"inLanguage\":\"de\"},{\"@type\":\"Organization\",\"@id\":\"https:\\\/\\\/kisslindavirag.keriweb.hu\\\/#organization\",\"name\":\"Lindarf\u00fcm\",\"url\":\"https:\\\/\\\/kisslindavirag.keriweb.hu\\\/\",\"logo\":{\"@type\":\"ImageObject\",\"inLanguage\":\"de\",\"@id\":\"https:\\\/\\\/kisslindavirag.keriweb.hu\\\/#\\\/schema\\\/logo\\\/image\\\/\",\"url\":\"https:\\\/\\\/kisslindavirag.keriweb.hu\\\/wp-content\\\/uploads\\\/2026\\\/02\\\/cropped-Dark-Blue-Gold-Elegant-Perfume-Store-Logo-2-e1772023135938.png\",\"contentUrl\":\"https:\\\/\\\/kisslindavirag.keriweb.hu\\\/wp-content\\\/uploads\\\/2026\\\/02\\\/cropped-Dark-Blue-Gold-Elegant-Perfume-Store-Logo-2-e1772023135938.png\",\"width\":250,\"height\":238,\"caption\":\"Lindarf\u00fcm\"},\"image\":{\"@id\":\"https:\\\/\\\/kisslindavirag.keriweb.hu\\\/#\\\/schema\\\/logo\\\/image\\\/\"}}]}<\/script>\n<!-- \/ Yoast SEO plugin. -->","yoast_head_json":{"title":"Nashja Scarlet Amber n\u0151i Extrait de Parfum - 100 ml - Lindarf\u00fcm","robots":{"index":"index","follow":"follow","max-snippet":"max-snippet:-1","max-image-preview":"max-image-preview:large","max-video-preview":"max-video-preview:-1"},"canonical":"https:\/\/kisslindavirag.keriweb.hu\/de\/produkt\/nashja-scarlet-amber-noi-extrait-de-parfum-100-ml\/","og_locale":"de_DE","og_type":"article","og_title":"Nashja Scarlet Amber n\u0151i Extrait de Parfum - 100 ml - Lindarf\u00fcm","og_description":"Term\u00e9k inform\u00e1ci\u00f3k A\u00a0NASHJA\u00a0egy \u00e9rz\u00e9ki utaz\u00e1s az arab \u00e9jszak\u00e1kon kereszt\u00fcl. Minden egyes illat f\u0171szerek, \u00e9rt\u00e9kes f\u00e1k, egzotikus vir\u00e1gok, ritka gyant\u00e1k illat\u00e1nak elegy\u00e9vel veszi k\u00f6r\u00fcl az \u00e9rz\u00e9keket megteremtve az\u00a0\u0151si baz\u00e1rok, arany l\u00e1mp\u00e1sok \u00e9s keleti dallamok hangulat\u00e1t. A Nashja parf\u00fcm\u00f6k magas parf\u00fcmolaj koncentr\u00e1ci\u00f3ja intenz\u00edv, eleg\u00e1ns, cs\u00e1b\u00edt\u00f3 illatokat k\u00edn\u00e1l. A\u00a0SCARLET AMBER\u00a0maga a szenved\u00e9ly. Egy gazdag, feh\u00e9r vir\u00e1gcsokor, gyant\u00e1k \u00e9s &hellip;","og_url":"https:\/\/kisslindavirag.keriweb.hu\/de\/produkt\/nashja-scarlet-amber-noi-extrait-de-parfum-100-ml\/","og_site_name":"Lindarf\u00fcm","og_image":[{"width":800,"height":800,"url":"https:\/\/kisslindavirag.keriweb.hu\/wp-content\/uploads\/2026\/04\/nashja2.webp","type":"image\/webp"}],"twitter_card":"summary_large_image","twitter_misc":{"Gesch\u00e4tzte Lesezeit":"1\u00a0Minute"},"schema":{"@context":"https:\/\/schema.org","@graph":[{"@type":"WebPage","@id":"https:\/\/kisslindavirag.keriweb.hu\/termek\/nashja-scarlet-amber-noi-extrait-de-parfum-100-ml\/","url":"https:\/\/kisslindavirag.keriweb.hu\/termek\/nashja-scarlet-amber-noi-extrait-de-parfum-100-ml\/","name":"Nashja Scarlet Amber n\u0151i Extrait de Parfum - 100 ml - Lindarf\u00fcm","isPartOf":{"@id":"https:\/\/kisslindavirag.keriweb.hu\/#website"},"primaryImageOfPage":{"@id":"https:\/\/kisslindavirag.keriweb.hu\/termek\/nashja-scarlet-amber-noi-extrait-de-parfum-100-ml\/#primaryimage"},"image":{"@id":"https:\/\/kisslindavirag.keriweb.hu\/termek\/nashja-scarlet-amber-noi-extrait-de-parfum-100-ml\/#primaryimage"},"thumbnailUrl":"https:\/\/kisslindavirag.keriweb.hu\/wp-content\/uploads\/2026\/04\/nashja2.webp","datePublished":"2026-04-01T09:45:48+00:00","breadcrumb":{"@id":"https:\/\/kisslindavirag.keriweb.hu\/termek\/nashja-scarlet-amber-noi-extrait-de-parfum-100-ml\/#breadcrumb"},"inLanguage":"de","potentialAction":[{"@type":"ReadAction","target":["https:\/\/kisslindavirag.keriweb.hu\/termek\/nashja-scarlet-amber-noi-extrait-de-parfum-100-ml\/"]}]},{"@type":"ImageObject","inLanguage":"de","@id":"https:\/\/kisslindavirag.keriweb.hu\/termek\/nashja-scarlet-amber-noi-extrait-de-parfum-100-ml\/#primaryimage","url":"https:\/\/kisslindavirag.keriweb.hu\/wp-content\/uploads\/2026\/04\/nashja2.webp","contentUrl":"https:\/\/kisslindavirag.keriweb.hu\/wp-content\/uploads\/2026\/04\/nashja2.webp","width":800,"height":800},{"@type":"BreadcrumbList","@id":"https:\/\/kisslindavirag.keriweb.hu\/termek\/nashja-scarlet-amber-noi-extrait-de-parfum-100-ml\/#breadcrumb","itemListElement":[{"@type":"ListItem","position":1,"name":"Kezd\u0151lap","item":"https:\/\/kisslindavirag.keriweb.hu\/"},{"@type":"ListItem","position":2,"name":"Shop","item":"https:\/\/kisslindavirag.keriweb.hu\/uzlet\/"},{"@type":"ListItem","position":3,"name":"Nashja Scarlet Amber n\u0151i Extrait de Parfum &#8211; 100 ml"}]},{"@type":"WebSite","@id":"https:\/\/kisslindavirag.keriweb.hu\/#website","url":"https:\/\/kisslindavirag.keriweb.hu\/","name":"Lindarf\u00fcm","description":"Ez egy TESZT web\u00e1ruh\u00e1z, megrendel\u00e9s nem lehets\u00e9ges.","publisher":{"@id":"https:\/\/kisslindavirag.keriweb.hu\/#organization"},"potentialAction":[{"@type":"SearchAction","target":{"@type":"EntryPoint","urlTemplate":"https:\/\/kisslindavirag.keriweb.hu\/?s={search_term_string}"},"query-input":{"@type":"PropertyValueSpecification","valueRequired":true,"valueName":"search_term_string"}}],"inLanguage":"de"},{"@type":"Organization","@id":"https:\/\/kisslindavirag.keriweb.hu\/#organization","name":"Lindarf\u00fcm","url":"https:\/\/kisslindavirag.keriweb.hu\/","logo":{"@type":"ImageObject","inLanguage":"de","@id":"https:\/\/kisslindavirag.keriweb.hu\/#\/schema\/logo\/image\/","url":"https:\/\/kisslindavirag.keriweb.hu\/wp-content\/uploads\/2026\/02\/cropped-Dark-Blue-Gold-Elegant-Perfume-Store-Logo-2-e1772023135938.png","contentUrl":"https:\/\/kisslindavirag.keriweb.hu\/wp-content\/uploads\/2026\/02\/cropped-Dark-Blue-Gold-Elegant-Perfume-Store-Logo-2-e1772023135938.png","width":250,"height":238,"caption":"Lindarf\u00fcm"},"image":{"@id":"https:\/\/kisslindavirag.keriweb.hu\/#\/schema\/logo\/image\/"}}]}},"_links":{"self":[{"href":"https:\/\/kisslindavirag.keriweb.hu\/de\/wp-json\/wp\/v2\/product\/293","targetHints":{"allow":["GET"]}}],"collection":[{"href":"https:\/\/kisslindavirag.keriweb.hu\/de\/wp-json\/wp\/v2\/product"}],"about":[{"href":"https:\/\/kisslindavirag.keriweb.hu\/de\/wp-json\/wp\/v2\/types\/product"}],"wp:featuredmedia":[{"embeddable":true,"href":"https:\/\/kisslindavirag.keriweb.hu\/de\/wp-json\/wp\/v2\/media\/296"}],"wp:attachment":[{"href":"https:\/\/kisslindavirag.keriweb.hu\/de\/wp-json\/wp\/v2\/media?parent=293"}],"wp:term":[{"taxonomy":"product_brand","embeddable":true,"href":"https:\/\/kisslindavirag.keriweb.hu\/de\/wp-json\/wp\/v2\/product_brand?post=293"},{"taxonomy":"product_cat","embeddable":true,"href":"https:\/\/kisslindavirag.keriweb.hu\/de\/wp-json\/wp\/v2\/product_cat?post=293"},{"taxonomy":"product_tag","embeddable":true,"href":"https:\/\/kisslindavirag.keriweb.hu\/de\/wp-json\/wp\/v2\/product_tag?post=293"}],"curies":[{"name":"wp","href":"https:\/\/api.w.org\/{rel}","templated":true}]}}