{"id":234,"date":"2026-02-25T11:56:19","date_gmt":"2026-02-25T09:56:19","guid":{"rendered":"https:\/\/kisslindavirag.keriweb.hu\/?post_type=product&#038;p=234"},"modified":"2026-02-25T11:56:19","modified_gmt":"2026-02-25T09:56:19","slug":"stronger-with-you-intensely-eau-de-parfum","status":"publish","type":"product","link":"https:\/\/kisslindavirag.keriweb.hu\/de\/produkt\/stronger-with-you-intensely-eau-de-parfum\/","title":{"rendered":"Stronger with you Intensely Eau de Parfum"},"content":{"rendered":"<div class=\"product-detail-info\">\n<section aria-label=\"Fogalomt\u00e1r Term\u00e9kc\u00edmk\u00e9z\u00e9s\">\n<ul class=\"product-labels\">\n<li class=\"product-label\" aria-label=\"veg\u00e1n\"><span class=\"product-label__name\">veg\u00e1n<\/span><\/li>\n<li class=\"product-label\" aria-label=\"olajmentes \u00f6sszetev\u0151k\"><span class=\"product-label__name\">olajmentes \u00f6sszetev\u0151k<\/span><\/li>\n<li class=\"product-label\" aria-label=\"parab\u00e9nmentes\"><span class=\"product-label__name\">parab\u00e9nmentes<\/span><\/li>\n<li class=\"product-label\" aria-label=\"szulf\u00e1tmentes\"><span class=\"product-label__name\">szulf\u00e1tmentes<\/span><\/li>\n<li class=\"product-label\" aria-label=\"paraffinmentes\"><span class=\"product-label__name\">paraffinmentes<\/span><\/li>\n<li class=\"product-label\" aria-label=\"szilikonmentes\"><span class=\"product-label__name\">szilikonmentes<\/span><\/li>\n<li class=\"product-label\" aria-label=\"acetonmentes\"><span class=\"product-label__name\">acetonmentes<\/span><\/li>\n<li class=\"product-label\" aria-label=\"komedog\u00e9nmentes\"><span class=\"product-label__name\">komedog\u00e9nmentes<\/span><\/li>\n<li class=\"product-label\" aria-label=\"ftal\u00e1tmentes\"><span class=\"product-label__name\">ftal\u00e1tmentes<\/span><\/li>\n<li class=\"product-label\" aria-label=\"p\u00e1lmaolajmentes\"><span class=\"product-label__name\">p\u00e1lmaolajmentes<\/span><\/li>\n<li class=\"product-label\" aria-label=\"amm\u00f3niamentes\"><span class=\"product-label__name\">amm\u00f3niamentes<\/span><\/li>\n<\/ul>\n<\/section>\n<div class=\"b72c910bb90dd6e58955\" data-testid=\"product-detail-info__classifications\">\n<div class=\"cfcd995f412f160c58cf\"><span class=\"ef5cfb0d6e82b3b9ea2c\">Term\u00e9kazonos\u00edt\u00f3<\/span>063550<\/div>\n<div class=\"cfcd995f412f160c58cf\"><span class=\"ef5cfb0d6e82b3b9ea2c\">Illat<\/span>keleti, f\u00e1s<\/div>\n<div class=\"cfcd995f412f160c58cf\"><span class=\"ef5cfb0d6e82b3b9ea2c\">Fejjegy<\/span>fekete bors<\/div>\n<div class=\"cfcd995f412f160c58cf\"><span class=\"ef5cfb0d6e82b3b9ea2c\">Sz\u00edvjegy<\/span>levendula, zs\u00e1lya, \u00edris, fah\u00e9j, van\u00edlia<\/div>\n<div class=\"cfcd995f412f160c58cf\"><span class=\"ef5cfb0d6e82b3b9ea2c\">Alapjegy<\/span>borosty\u00e1n fa, van\u00edlia, fah\u00e9j<\/div>\n<div class=\"cfcd995f412f160c58cf\"><span class=\"ef5cfb0d6e82b3b9ea2c\">\u00dajrat\u00f6lthet\u0151 v\u00e1ltozat kaphat\u00f3<\/span>Nem<\/div>\n<div class=\"cfcd995f412f160c58cf\"><span class=\"ef5cfb0d6e82b3b9ea2c\">Ut\u00e1nt\u00f6lt\u0151 v\u00e1ltozat kaphat\u00f3<\/span>Nem<\/div>\n<div class=\"cfcd995f412f160c58cf\"><span class=\"ef5cfb0d6e82b3b9ea2c\">Szezon<\/span>T\u00e9l<\/div>\n<div class=\"cfcd995f412f160c58cf\"><span class=\"ef5cfb0d6e82b3b9ea2c\">Term\u00e9k t\u00edpusa<\/span>\u00fcveg<\/div>\n<div class=\"cfcd995f412f160c58cf\"><span class=\"ef5cfb0d6e82b3b9ea2c\">Alkalmaz\u00e1si ter\u00fclet<\/span>nyak, test<\/div>\n<div class=\"cfcd995f412f160c58cf\"><span class=\"ef5cfb0d6e82b3b9ea2c\">Kor<\/span>minden koroszt\u00e1ly<\/div>\n<\/div>\n<\/div>\n<div class=\"product-details__description\" data-testid=\"product-details-description\">\n<div>Semmi sem l\u00e9tezik szerelem n\u00e9lk\u00fcl. Ismerd meg azt az Armanit, amivel m\u00e9g nem tal\u00e1lkozt\u00e1l! 2019-ben a vag\u00e1nys\u00e1g \u00e9s a mer\u00e9szs\u00e9g \u00faj \u00e9vada kezd\u0151dik. Az Emporio Armani \u00faj f\u00e9rfi \u00e9s n\u0151i illata k\u00e9t szerelmes t\u00f6rt\u00e9net\u00e9t hozz\u00e1k el. A Stronger with you Intensely f\u00e9rfi illat orient\u00e1lis foug\u00e9re illat, r\u00f3zsasz\u00edn borssal, levendula, zs\u00e1lya \u00e9s van\u00edlia esszenci\u00e1val \u00e9s gesztenye akkorddal.<\/div>\n<\/div>","protected":false},"excerpt":{"rendered":"<p>veg\u00e1n olajmentes \u00f6sszetev\u0151k parab\u00e9nmentes szulf\u00e1tmentes paraffinmentes szilikonmentes acetonmentes komedog\u00e9nmentes ftal\u00e1tmentes p\u00e1lmaolajmentes amm\u00f3niamentes Term\u00e9kazonos\u00edt\u00f3063550 Illatkeleti, f\u00e1s Fejjegyfekete bors Sz\u00edvjegylevendula, zs\u00e1lya, \u00edris, fah\u00e9j, van\u00edlia Alapjegyborosty\u00e1n fa, van\u00edlia, fah\u00e9j \u00dajrat\u00f6lthet\u0151 v\u00e1ltozat kaphat\u00f3Nem Ut\u00e1nt\u00f6lt\u0151 v\u00e1ltozat kaphat\u00f3Nem SzezonT\u00e9l Term\u00e9k t\u00edpusa\u00fcveg Alkalmaz\u00e1si ter\u00fcletnyak, test Korminden koroszt\u00e1ly Semmi sem l\u00e9tezik szerelem n\u00e9lk\u00fcl. Ismerd meg azt az Armanit, amivel m\u00e9g nem tal\u00e1lkozt\u00e1l! 2019-ben &hellip; <\/p>","protected":false},"featured_media":236,"template":"","meta":[],"product_brand":[],"product_cat":[15],"product_tag":[],"class_list":{"0":"post-234","1":"product","2":"type-product","3":"status-publish","4":"has-post-thumbnail","6":"product_cat-egyeb","8":"first","9":"instock","10":"taxable","11":"shipping-taxable","12":"purchasable","13":"product-type-variable"},"yoast_head":"<!-- This site is optimized with the Yoast SEO plugin v27.3 - https:\/\/yoast.com\/product\/yoast-seo-wordpress\/ -->\n<title>Stronger with you Intensely Eau de Parfum - Lindarf\u00fcm<\/title>\n<meta name=\"robots\" content=\"index, follow, max-snippet:-1, max-image-preview:large, max-video-preview:-1\" \/>\n<link rel=\"canonical\" href=\"https:\/\/kisslindavirag.keriweb.hu\/de\/produkt\/stronger-with-you-intensely-eau-de-parfum\/\" \/>\n<meta property=\"og:locale\" content=\"de_DE\" \/>\n<meta property=\"og:type\" content=\"article\" \/>\n<meta property=\"og:title\" content=\"Stronger with you Intensely Eau de Parfum - Lindarf\u00fcm\" \/>\n<meta property=\"og:description\" content=\"veg\u00e1n olajmentes \u00f6sszetev\u0151k parab\u00e9nmentes szulf\u00e1tmentes paraffinmentes szilikonmentes acetonmentes komedog\u00e9nmentes ftal\u00e1tmentes p\u00e1lmaolajmentes amm\u00f3niamentes Term\u00e9kazonos\u00edt\u00f3063550 Illatkeleti, f\u00e1s Fejjegyfekete bors Sz\u00edvjegylevendula, zs\u00e1lya, \u00edris, fah\u00e9j, van\u00edlia Alapjegyborosty\u00e1n fa, van\u00edlia, fah\u00e9j \u00dajrat\u00f6lthet\u0151 v\u00e1ltozat kaphat\u00f3Nem Ut\u00e1nt\u00f6lt\u0151 v\u00e1ltozat kaphat\u00f3Nem SzezonT\u00e9l Term\u00e9k t\u00edpusa\u00fcveg Alkalmaz\u00e1si ter\u00fcletnyak, test Korminden koroszt\u00e1ly Semmi sem l\u00e9tezik szerelem n\u00e9lk\u00fcl. Ismerd meg azt az Armanit, amivel m\u00e9g nem tal\u00e1lkozt\u00e1l! 2019-ben &hellip;\" \/>\n<meta property=\"og:url\" content=\"https:\/\/kisslindavirag.keriweb.hu\/de\/produkt\/stronger-with-you-intensely-eau-de-parfum\/\" \/>\n<meta property=\"og:site_name\" content=\"Lindarf\u00fcm\" \/>\n<meta name=\"twitter:card\" content=\"summary_large_image\" \/>\n<meta name=\"twitter:label1\" content=\"Gesch\u00e4tzte Lesezeit\" \/>\n\t<meta name=\"twitter:data1\" content=\"1\u00a0Minute\" \/>\n<script type=\"application\/ld+json\" class=\"yoast-schema-graph\">{\"@context\":\"https:\\\/\\\/schema.org\",\"@graph\":[{\"@type\":\"WebPage\",\"@id\":\"https:\\\/\\\/kisslindavirag.keriweb.hu\\\/termek\\\/stronger-with-you-intensely-eau-de-parfum\\\/\",\"url\":\"https:\\\/\\\/kisslindavirag.keriweb.hu\\\/termek\\\/stronger-with-you-intensely-eau-de-parfum\\\/\",\"name\":\"Stronger with you Intensely Eau de Parfum - Lindarf\u00fcm\",\"isPartOf\":{\"@id\":\"https:\\\/\\\/kisslindavirag.keriweb.hu\\\/#website\"},\"primaryImageOfPage\":{\"@id\":\"https:\\\/\\\/kisslindavirag.keriweb.hu\\\/termek\\\/stronger-with-you-intensely-eau-de-parfum\\\/#primaryimage\"},\"image\":{\"@id\":\"https:\\\/\\\/kisslindavirag.keriweb.hu\\\/termek\\\/stronger-with-you-intensely-eau-de-parfum\\\/#primaryimage\"},\"thumbnailUrl\":\"https:\\\/\\\/kisslindavirag.keriweb.hu\\\/wp-content\\\/uploads\\\/2026\\\/02\\\/UdkZWA063550-0-global.avif\",\"datePublished\":\"2026-02-25T09:56:19+00:00\",\"breadcrumb\":{\"@id\":\"https:\\\/\\\/kisslindavirag.keriweb.hu\\\/termek\\\/stronger-with-you-intensely-eau-de-parfum\\\/#breadcrumb\"},\"inLanguage\":\"de\",\"potentialAction\":[{\"@type\":\"ReadAction\",\"target\":[\"https:\\\/\\\/kisslindavirag.keriweb.hu\\\/termek\\\/stronger-with-you-intensely-eau-de-parfum\\\/\"]}]},{\"@type\":\"ImageObject\",\"inLanguage\":\"de\",\"@id\":\"https:\\\/\\\/kisslindavirag.keriweb.hu\\\/termek\\\/stronger-with-you-intensely-eau-de-parfum\\\/#primaryimage\",\"url\":\"https:\\\/\\\/kisslindavirag.keriweb.hu\\\/wp-content\\\/uploads\\\/2026\\\/02\\\/UdkZWA063550-0-global.avif\",\"contentUrl\":\"https:\\\/\\\/kisslindavirag.keriweb.hu\\\/wp-content\\\/uploads\\\/2026\\\/02\\\/UdkZWA063550-0-global.avif\",\"width\":900,\"height\":1125},{\"@type\":\"BreadcrumbList\",\"@id\":\"https:\\\/\\\/kisslindavirag.keriweb.hu\\\/termek\\\/stronger-with-you-intensely-eau-de-parfum\\\/#breadcrumb\",\"itemListElement\":[{\"@type\":\"ListItem\",\"position\":1,\"name\":\"Kezd\u0151lap\",\"item\":\"https:\\\/\\\/kisslindavirag.keriweb.hu\\\/\"},{\"@type\":\"ListItem\",\"position\":2,\"name\":\"Shop\",\"item\":\"https:\\\/\\\/kisslindavirag.keriweb.hu\\\/uzlet\\\/\"},{\"@type\":\"ListItem\",\"position\":3,\"name\":\"Stronger with you Intensely Eau de Parfum\"}]},{\"@type\":\"WebSite\",\"@id\":\"https:\\\/\\\/kisslindavirag.keriweb.hu\\\/#website\",\"url\":\"https:\\\/\\\/kisslindavirag.keriweb.hu\\\/\",\"name\":\"Lindarf\u00fcm\",\"description\":\"Ez egy TESZT web\u00e1ruh\u00e1z, megrendel\u00e9s nem lehets\u00e9ges.\",\"publisher\":{\"@id\":\"https:\\\/\\\/kisslindavirag.keriweb.hu\\\/#organization\"},\"potentialAction\":[{\"@type\":\"SearchAction\",\"target\":{\"@type\":\"EntryPoint\",\"urlTemplate\":\"https:\\\/\\\/kisslindavirag.keriweb.hu\\\/?s={search_term_string}\"},\"query-input\":{\"@type\":\"PropertyValueSpecification\",\"valueRequired\":true,\"valueName\":\"search_term_string\"}}],\"inLanguage\":\"de\"},{\"@type\":\"Organization\",\"@id\":\"https:\\\/\\\/kisslindavirag.keriweb.hu\\\/#organization\",\"name\":\"Lindarf\u00fcm\",\"url\":\"https:\\\/\\\/kisslindavirag.keriweb.hu\\\/\",\"logo\":{\"@type\":\"ImageObject\",\"inLanguage\":\"de\",\"@id\":\"https:\\\/\\\/kisslindavirag.keriweb.hu\\\/#\\\/schema\\\/logo\\\/image\\\/\",\"url\":\"https:\\\/\\\/kisslindavirag.keriweb.hu\\\/wp-content\\\/uploads\\\/2026\\\/02\\\/cropped-Dark-Blue-Gold-Elegant-Perfume-Store-Logo-2-e1772023135938.png\",\"contentUrl\":\"https:\\\/\\\/kisslindavirag.keriweb.hu\\\/wp-content\\\/uploads\\\/2026\\\/02\\\/cropped-Dark-Blue-Gold-Elegant-Perfume-Store-Logo-2-e1772023135938.png\",\"width\":250,\"height\":238,\"caption\":\"Lindarf\u00fcm\"},\"image\":{\"@id\":\"https:\\\/\\\/kisslindavirag.keriweb.hu\\\/#\\\/schema\\\/logo\\\/image\\\/\"}}]}<\/script>\n<!-- \/ Yoast SEO plugin. -->","yoast_head_json":{"title":"Stronger with you Intensely Eau de Parfum - Lindarf\u00fcm","robots":{"index":"index","follow":"follow","max-snippet":"max-snippet:-1","max-image-preview":"max-image-preview:large","max-video-preview":"max-video-preview:-1"},"canonical":"https:\/\/kisslindavirag.keriweb.hu\/de\/produkt\/stronger-with-you-intensely-eau-de-parfum\/","og_locale":"de_DE","og_type":"article","og_title":"Stronger with you Intensely Eau de Parfum - Lindarf\u00fcm","og_description":"veg\u00e1n olajmentes \u00f6sszetev\u0151k parab\u00e9nmentes szulf\u00e1tmentes paraffinmentes szilikonmentes acetonmentes komedog\u00e9nmentes ftal\u00e1tmentes p\u00e1lmaolajmentes amm\u00f3niamentes Term\u00e9kazonos\u00edt\u00f3063550 Illatkeleti, f\u00e1s Fejjegyfekete bors Sz\u00edvjegylevendula, zs\u00e1lya, \u00edris, fah\u00e9j, van\u00edlia Alapjegyborosty\u00e1n fa, van\u00edlia, fah\u00e9j \u00dajrat\u00f6lthet\u0151 v\u00e1ltozat kaphat\u00f3Nem Ut\u00e1nt\u00f6lt\u0151 v\u00e1ltozat kaphat\u00f3Nem SzezonT\u00e9l Term\u00e9k t\u00edpusa\u00fcveg Alkalmaz\u00e1si ter\u00fcletnyak, test Korminden koroszt\u00e1ly Semmi sem l\u00e9tezik szerelem n\u00e9lk\u00fcl. Ismerd meg azt az Armanit, amivel m\u00e9g nem tal\u00e1lkozt\u00e1l! 2019-ben &hellip;","og_url":"https:\/\/kisslindavirag.keriweb.hu\/de\/produkt\/stronger-with-you-intensely-eau-de-parfum\/","og_site_name":"Lindarf\u00fcm","twitter_card":"summary_large_image","twitter_misc":{"Gesch\u00e4tzte Lesezeit":"1\u00a0Minute"},"schema":{"@context":"https:\/\/schema.org","@graph":[{"@type":"WebPage","@id":"https:\/\/kisslindavirag.keriweb.hu\/termek\/stronger-with-you-intensely-eau-de-parfum\/","url":"https:\/\/kisslindavirag.keriweb.hu\/termek\/stronger-with-you-intensely-eau-de-parfum\/","name":"Stronger with you Intensely Eau de Parfum - Lindarf\u00fcm","isPartOf":{"@id":"https:\/\/kisslindavirag.keriweb.hu\/#website"},"primaryImageOfPage":{"@id":"https:\/\/kisslindavirag.keriweb.hu\/termek\/stronger-with-you-intensely-eau-de-parfum\/#primaryimage"},"image":{"@id":"https:\/\/kisslindavirag.keriweb.hu\/termek\/stronger-with-you-intensely-eau-de-parfum\/#primaryimage"},"thumbnailUrl":"https:\/\/kisslindavirag.keriweb.hu\/wp-content\/uploads\/2026\/02\/UdkZWA063550-0-global.avif","datePublished":"2026-02-25T09:56:19+00:00","breadcrumb":{"@id":"https:\/\/kisslindavirag.keriweb.hu\/termek\/stronger-with-you-intensely-eau-de-parfum\/#breadcrumb"},"inLanguage":"de","potentialAction":[{"@type":"ReadAction","target":["https:\/\/kisslindavirag.keriweb.hu\/termek\/stronger-with-you-intensely-eau-de-parfum\/"]}]},{"@type":"ImageObject","inLanguage":"de","@id":"https:\/\/kisslindavirag.keriweb.hu\/termek\/stronger-with-you-intensely-eau-de-parfum\/#primaryimage","url":"https:\/\/kisslindavirag.keriweb.hu\/wp-content\/uploads\/2026\/02\/UdkZWA063550-0-global.avif","contentUrl":"https:\/\/kisslindavirag.keriweb.hu\/wp-content\/uploads\/2026\/02\/UdkZWA063550-0-global.avif","width":900,"height":1125},{"@type":"BreadcrumbList","@id":"https:\/\/kisslindavirag.keriweb.hu\/termek\/stronger-with-you-intensely-eau-de-parfum\/#breadcrumb","itemListElement":[{"@type":"ListItem","position":1,"name":"Kezd\u0151lap","item":"https:\/\/kisslindavirag.keriweb.hu\/"},{"@type":"ListItem","position":2,"name":"Shop","item":"https:\/\/kisslindavirag.keriweb.hu\/uzlet\/"},{"@type":"ListItem","position":3,"name":"Stronger with you Intensely Eau de Parfum"}]},{"@type":"WebSite","@id":"https:\/\/kisslindavirag.keriweb.hu\/#website","url":"https:\/\/kisslindavirag.keriweb.hu\/","name":"Lindarf\u00fcm","description":"Ez egy TESZT web\u00e1ruh\u00e1z, megrendel\u00e9s nem lehets\u00e9ges.","publisher":{"@id":"https:\/\/kisslindavirag.keriweb.hu\/#organization"},"potentialAction":[{"@type":"SearchAction","target":{"@type":"EntryPoint","urlTemplate":"https:\/\/kisslindavirag.keriweb.hu\/?s={search_term_string}"},"query-input":{"@type":"PropertyValueSpecification","valueRequired":true,"valueName":"search_term_string"}}],"inLanguage":"de"},{"@type":"Organization","@id":"https:\/\/kisslindavirag.keriweb.hu\/#organization","name":"Lindarf\u00fcm","url":"https:\/\/kisslindavirag.keriweb.hu\/","logo":{"@type":"ImageObject","inLanguage":"de","@id":"https:\/\/kisslindavirag.keriweb.hu\/#\/schema\/logo\/image\/","url":"https:\/\/kisslindavirag.keriweb.hu\/wp-content\/uploads\/2026\/02\/cropped-Dark-Blue-Gold-Elegant-Perfume-Store-Logo-2-e1772023135938.png","contentUrl":"https:\/\/kisslindavirag.keriweb.hu\/wp-content\/uploads\/2026\/02\/cropped-Dark-Blue-Gold-Elegant-Perfume-Store-Logo-2-e1772023135938.png","width":250,"height":238,"caption":"Lindarf\u00fcm"},"image":{"@id":"https:\/\/kisslindavirag.keriweb.hu\/#\/schema\/logo\/image\/"}}]}},"_links":{"self":[{"href":"https:\/\/kisslindavirag.keriweb.hu\/de\/wp-json\/wp\/v2\/product\/234","targetHints":{"allow":["GET"]}}],"collection":[{"href":"https:\/\/kisslindavirag.keriweb.hu\/de\/wp-json\/wp\/v2\/product"}],"about":[{"href":"https:\/\/kisslindavirag.keriweb.hu\/de\/wp-json\/wp\/v2\/types\/product"}],"wp:featuredmedia":[{"embeddable":true,"href":"https:\/\/kisslindavirag.keriweb.hu\/de\/wp-json\/wp\/v2\/media\/236"}],"wp:attachment":[{"href":"https:\/\/kisslindavirag.keriweb.hu\/de\/wp-json\/wp\/v2\/media?parent=234"}],"wp:term":[{"taxonomy":"product_brand","embeddable":true,"href":"https:\/\/kisslindavirag.keriweb.hu\/de\/wp-json\/wp\/v2\/product_brand?post=234"},{"taxonomy":"product_cat","embeddable":true,"href":"https:\/\/kisslindavirag.keriweb.hu\/de\/wp-json\/wp\/v2\/product_cat?post=234"},{"taxonomy":"product_tag","embeddable":true,"href":"https:\/\/kisslindavirag.keriweb.hu\/de\/wp-json\/wp\/v2\/product_tag?post=234"}],"curies":[{"name":"wp","href":"https:\/\/api.w.org\/{rel}","templated":true}]}}