{"id":178,"date":"2026-02-20T10:48:32","date_gmt":"2026-02-20T08:48:32","guid":{"rendered":"https:\/\/kisslindavirag.keriweb.hu\/?post_type=product&#038;p=178"},"modified":"2026-02-25T12:03:03","modified_gmt":"2026-02-25T10:03:03","slug":"lattafa-yara-eau-de-parfum-holgyeknek","status":"publish","type":"product","link":"https:\/\/kisslindavirag.keriweb.hu\/de\/produkt\/lattafa-yara-eau-de-parfum-holgyeknek\/","title":{"rendered":"Lattafa Yara Eau de Parfum H\u00f6lgyeknek 100ml"},"content":{"rendered":"<div class=\"c4vjg9m\">\n<div class=\"\">\n<table class=\"czfmaep\">\n<tbody>\n<tr class=\"c2rwzt\">\n<td class=\"cv0f7r3\">\n<div class=\"wvs9ouv\">Fej<\/div>\n<\/td>\n<td class=\"c1egxfdy\">heliotrop, mandarin, orchidea<\/td>\n<\/tr>\n<tr class=\"c2rwzt\">\n<td class=\"cv0f7r3\">\n<div class=\"wvs9ouv\">Sz\u00edv<\/div>\n<\/td>\n<td class=\"c1egxfdy\">vir\u00e1gok, tr\u00f3pusi gy\u00fcm\u00f6lcs<\/td>\n<\/tr>\n<tr class=\"c2rwzt\">\n<td class=\"cv0f7r3\">\n<div class=\"wvs9ouv\">Alap<\/div>\n<\/td>\n<td class=\"c1egxfdy\">van\u00edlia, szant\u00e1lfa, p\u00e9zsma<\/td>\n<\/tr>\n<tr class=\"c2rwzt\">\n<td class=\"cv0f7r3\">Az illat fajt\u00e1ja<\/td>\n<td class=\"c1egxfdy\">orient\u00e1lis, vir\u00e1gos<\/td>\n<\/tr>\n<tr class=\"c2rwzt\">\n<td class=\"cv0f7r3\">Az illatanyag-\u00f6sszetev\u0151 koncentr\u00e1ci\u00f3ja<\/td>\n<td class=\"c1egxfdy\">Eau de Parfum<\/td>\n<\/tr>\n<\/tbody>\n<\/table>\n<\/div>\n<\/div>\n<div class=\"m152i0kl e1v18fwl\">\n<div id=\"pd-description-text\" class=\"dpppq6z\" data-testid=\"pd-description-text\">\n<p dir=\"ltr\"><strong>Finom illat, amely m\u00e9ly benyom\u00e1st kelt<\/strong><\/p>\n<p dir=\"ltr\">A Lattafa Yara Eau de Parfum olyan, mint a pillang\u00f3sz\u00e1rnyak \u00e9rint\u00e9se \u2013 nagyon gyeng\u00e9d \u00e9s ellen\u00e1llhatatlan. A kompoz\u00edci\u00f3 melegs\u00e9g\u00e9vel \u00e1t\u00f6lel, \u00e9s finom, \u00e9des var\u00e1zslat nyom\u00e1t hagyja maga ut\u00e1n.<\/p>\n<ul>\n<li value=\"1\">\u00e9des, van\u00edlia illat vir\u00e1gos felhanggal<\/li>\n<li value=\"2\">ide\u00e1lisak mindennapi haszn\u00e1latra<\/li>\n<li value=\"3\">n\u0151knek<\/li>\n<\/ul>\n<p dir=\"ltr\"><strong>Az illat \u00f6sszet\u00e9tele:<\/strong><br \/>\nAz illat finom vir\u00e1gos jegyekkel ny\u00edlik meg, az orchidea, a napraforg\u00f3 \u00e9s a zamatos mandarin kombin\u00e1ci\u00f3j\u00e1val. Ezt k\u00f6vet\u0151en a tr\u00f3pusi gy\u00fcm\u00f6lcs\u00f6k arom\u00e1i ker\u00fclnek el\u0151t\u00e9rbe, \u00ednyenc akkordokkal, amelyek \u00e9des m\u00e9lys\u00e9get \u00e9s j\u00e1t\u00e9kos jelleget k\u00f6lcs\u00f6n\u00f6znek az illatnak. A leghosszabb ideig a l\u00e1gy van\u00edlia, az \u00e9rz\u00e9ki p\u00e9zsma \u00e9s a meleg szant\u00e1lfa illata marad meg a b\u0151r\u00f6n.<\/p>\n<p dir=\"ltr\"><strong>Az illat t\u00f6rt\u00e9nete:<\/strong><br \/>\nA Yara Eau de Parfum \u00fcvegcs\u00e9je finom r\u00f3zsasz\u00edn\u0171 kivitelben, ez\u00fcst\u00f6s r\u00e9szletekkel, \u00e9kszerk\u00e9nt hat \u2013 egyszer\u0171, m\u00e9gis vonz\u00f3. Mert egy illatnak nem kell bonyolultnak lennie ahhoz, hogy m\u00e9ly benyom\u00e1st hagyjon.<\/p>\n<\/div>\n<\/div>","protected":false},"excerpt":{"rendered":"<p>Fej heliotrop, mandarin, orchidea Sz\u00edv vir\u00e1gok, tr\u00f3pusi gy\u00fcm\u00f6lcs Alap van\u00edlia, szant\u00e1lfa, p\u00e9zsma Az illat fajt\u00e1ja orient\u00e1lis, vir\u00e1gos Az illatanyag-\u00f6sszetev\u0151 koncentr\u00e1ci\u00f3ja Eau de Parfum Finom illat, amely m\u00e9ly benyom\u00e1st kelt A Lattafa Yara Eau de Parfum olyan, mint a pillang\u00f3sz\u00e1rnyak \u00e9rint\u00e9se \u2013 nagyon gyeng\u00e9d \u00e9s ellen\u00e1llhatatlan. A kompoz\u00edci\u00f3 melegs\u00e9g\u00e9vel \u00e1t\u00f6lel, \u00e9s finom, \u00e9des var\u00e1zslat nyom\u00e1t hagyja &hellip; <\/p>","protected":false},"featured_media":186,"template":"","meta":[],"product_brand":[],"product_cat":[15],"product_tag":[],"class_list":{"0":"post-178","1":"product","2":"type-product","3":"status-publish","4":"has-post-thumbnail","6":"product_cat-egyeb","8":"first","9":"instock","10":"taxable","11":"shipping-taxable","12":"purchasable","13":"product-type-simple"},"yoast_head":"<!-- This site is optimized with the Yoast SEO plugin v27.3 - https:\/\/yoast.com\/product\/yoast-seo-wordpress\/ -->\n<title>Lattafa Yara Eau de Parfum H\u00f6lgyeknek 100ml - Lindarf\u00fcm<\/title>\n<meta name=\"robots\" content=\"index, follow, max-snippet:-1, max-image-preview:large, max-video-preview:-1\" \/>\n<link rel=\"canonical\" href=\"https:\/\/kisslindavirag.keriweb.hu\/de\/produkt\/lattafa-yara-eau-de-parfum-holgyeknek\/\" \/>\n<meta property=\"og:locale\" content=\"de_DE\" \/>\n<meta property=\"og:type\" content=\"article\" \/>\n<meta property=\"og:title\" content=\"Lattafa Yara Eau de Parfum H\u00f6lgyeknek 100ml - Lindarf\u00fcm\" \/>\n<meta property=\"og:description\" content=\"Fej heliotrop, mandarin, orchidea Sz\u00edv vir\u00e1gok, tr\u00f3pusi gy\u00fcm\u00f6lcs Alap van\u00edlia, szant\u00e1lfa, p\u00e9zsma Az illat fajt\u00e1ja orient\u00e1lis, vir\u00e1gos Az illatanyag-\u00f6sszetev\u0151 koncentr\u00e1ci\u00f3ja Eau de Parfum Finom illat, amely m\u00e9ly benyom\u00e1st kelt A Lattafa Yara Eau de Parfum olyan, mint a pillang\u00f3sz\u00e1rnyak \u00e9rint\u00e9se \u2013 nagyon gyeng\u00e9d \u00e9s ellen\u00e1llhatatlan. A kompoz\u00edci\u00f3 melegs\u00e9g\u00e9vel \u00e1t\u00f6lel, \u00e9s finom, \u00e9des var\u00e1zslat nyom\u00e1t hagyja &hellip;\" \/>\n<meta property=\"og:url\" content=\"https:\/\/kisslindavirag.keriweb.hu\/de\/produkt\/lattafa-yara-eau-de-parfum-holgyeknek\/\" \/>\n<meta property=\"og:site_name\" content=\"Lindarf\u00fcm\" \/>\n<meta property=\"article:modified_time\" content=\"2026-02-25T10:03:03+00:00\" \/>\n<meta property=\"og:image\" content=\"https:\/\/kisslindavirag.keriweb.hu\/wp-content\/uploads\/2026\/02\/l36.webp\" \/>\n\t<meta property=\"og:image:width\" content=\"493\" \/>\n\t<meta property=\"og:image:height\" content=\"493\" \/>\n\t<meta property=\"og:image:type\" content=\"image\/webp\" \/>\n<meta name=\"twitter:card\" content=\"summary_large_image\" \/>\n<meta name=\"twitter:label1\" content=\"Gesch\u00e4tzte Lesezeit\" \/>\n\t<meta name=\"twitter:data1\" content=\"2\u00a0Minuten\" \/>\n<script type=\"application\/ld+json\" class=\"yoast-schema-graph\">{\"@context\":\"https:\\\/\\\/schema.org\",\"@graph\":[{\"@type\":\"WebPage\",\"@id\":\"https:\\\/\\\/kisslindavirag.keriweb.hu\\\/termek\\\/lattafa-yara-eau-de-parfum-holgyeknek\\\/\",\"url\":\"https:\\\/\\\/kisslindavirag.keriweb.hu\\\/termek\\\/lattafa-yara-eau-de-parfum-holgyeknek\\\/\",\"name\":\"Lattafa Yara Eau de Parfum H\u00f6lgyeknek 100ml - Lindarf\u00fcm\",\"isPartOf\":{\"@id\":\"https:\\\/\\\/kisslindavirag.keriweb.hu\\\/#website\"},\"primaryImageOfPage\":{\"@id\":\"https:\\\/\\\/kisslindavirag.keriweb.hu\\\/termek\\\/lattafa-yara-eau-de-parfum-holgyeknek\\\/#primaryimage\"},\"image\":{\"@id\":\"https:\\\/\\\/kisslindavirag.keriweb.hu\\\/termek\\\/lattafa-yara-eau-de-parfum-holgyeknek\\\/#primaryimage\"},\"thumbnailUrl\":\"https:\\\/\\\/kisslindavirag.keriweb.hu\\\/wp-content\\\/uploads\\\/2026\\\/02\\\/l36.webp\",\"datePublished\":\"2026-02-20T08:48:32+00:00\",\"dateModified\":\"2026-02-25T10:03:03+00:00\",\"breadcrumb\":{\"@id\":\"https:\\\/\\\/kisslindavirag.keriweb.hu\\\/termek\\\/lattafa-yara-eau-de-parfum-holgyeknek\\\/#breadcrumb\"},\"inLanguage\":\"de\",\"potentialAction\":[{\"@type\":\"ReadAction\",\"target\":[\"https:\\\/\\\/kisslindavirag.keriweb.hu\\\/termek\\\/lattafa-yara-eau-de-parfum-holgyeknek\\\/\"]}]},{\"@type\":\"ImageObject\",\"inLanguage\":\"de\",\"@id\":\"https:\\\/\\\/kisslindavirag.keriweb.hu\\\/termek\\\/lattafa-yara-eau-de-parfum-holgyeknek\\\/#primaryimage\",\"url\":\"https:\\\/\\\/kisslindavirag.keriweb.hu\\\/wp-content\\\/uploads\\\/2026\\\/02\\\/l36.webp\",\"contentUrl\":\"https:\\\/\\\/kisslindavirag.keriweb.hu\\\/wp-content\\\/uploads\\\/2026\\\/02\\\/l36.webp\",\"width\":493,\"height\":493},{\"@type\":\"BreadcrumbList\",\"@id\":\"https:\\\/\\\/kisslindavirag.keriweb.hu\\\/termek\\\/lattafa-yara-eau-de-parfum-holgyeknek\\\/#breadcrumb\",\"itemListElement\":[{\"@type\":\"ListItem\",\"position\":1,\"name\":\"Kezd\u0151lap\",\"item\":\"https:\\\/\\\/kisslindavirag.keriweb.hu\\\/\"},{\"@type\":\"ListItem\",\"position\":2,\"name\":\"Shop\",\"item\":\"https:\\\/\\\/kisslindavirag.keriweb.hu\\\/uzlet\\\/\"},{\"@type\":\"ListItem\",\"position\":3,\"name\":\"Lattafa Yara Eau de Parfum H\u00f6lgyeknek 100ml\"}]},{\"@type\":\"WebSite\",\"@id\":\"https:\\\/\\\/kisslindavirag.keriweb.hu\\\/#website\",\"url\":\"https:\\\/\\\/kisslindavirag.keriweb.hu\\\/\",\"name\":\"Lindarf\u00fcm\",\"description\":\"Ez egy TESZT web\u00e1ruh\u00e1z, megrendel\u00e9s nem lehets\u00e9ges.\",\"publisher\":{\"@id\":\"https:\\\/\\\/kisslindavirag.keriweb.hu\\\/#organization\"},\"potentialAction\":[{\"@type\":\"SearchAction\",\"target\":{\"@type\":\"EntryPoint\",\"urlTemplate\":\"https:\\\/\\\/kisslindavirag.keriweb.hu\\\/?s={search_term_string}\"},\"query-input\":{\"@type\":\"PropertyValueSpecification\",\"valueRequired\":true,\"valueName\":\"search_term_string\"}}],\"inLanguage\":\"de\"},{\"@type\":\"Organization\",\"@id\":\"https:\\\/\\\/kisslindavirag.keriweb.hu\\\/#organization\",\"name\":\"Lindarf\u00fcm\",\"url\":\"https:\\\/\\\/kisslindavirag.keriweb.hu\\\/\",\"logo\":{\"@type\":\"ImageObject\",\"inLanguage\":\"de\",\"@id\":\"https:\\\/\\\/kisslindavirag.keriweb.hu\\\/#\\\/schema\\\/logo\\\/image\\\/\",\"url\":\"https:\\\/\\\/kisslindavirag.keriweb.hu\\\/wp-content\\\/uploads\\\/2026\\\/02\\\/cropped-Dark-Blue-Gold-Elegant-Perfume-Store-Logo-2-e1772023135938.png\",\"contentUrl\":\"https:\\\/\\\/kisslindavirag.keriweb.hu\\\/wp-content\\\/uploads\\\/2026\\\/02\\\/cropped-Dark-Blue-Gold-Elegant-Perfume-Store-Logo-2-e1772023135938.png\",\"width\":250,\"height\":238,\"caption\":\"Lindarf\u00fcm\"},\"image\":{\"@id\":\"https:\\\/\\\/kisslindavirag.keriweb.hu\\\/#\\\/schema\\\/logo\\\/image\\\/\"}}]}<\/script>\n<!-- \/ Yoast SEO plugin. -->","yoast_head_json":{"title":"Lattafa Yara Eau de Parfum H\u00f6lgyeknek 100ml - Lindarf\u00fcm","robots":{"index":"index","follow":"follow","max-snippet":"max-snippet:-1","max-image-preview":"max-image-preview:large","max-video-preview":"max-video-preview:-1"},"canonical":"https:\/\/kisslindavirag.keriweb.hu\/de\/produkt\/lattafa-yara-eau-de-parfum-holgyeknek\/","og_locale":"de_DE","og_type":"article","og_title":"Lattafa Yara Eau de Parfum H\u00f6lgyeknek 100ml - Lindarf\u00fcm","og_description":"Fej heliotrop, mandarin, orchidea Sz\u00edv vir\u00e1gok, tr\u00f3pusi gy\u00fcm\u00f6lcs Alap van\u00edlia, szant\u00e1lfa, p\u00e9zsma Az illat fajt\u00e1ja orient\u00e1lis, vir\u00e1gos Az illatanyag-\u00f6sszetev\u0151 koncentr\u00e1ci\u00f3ja Eau de Parfum Finom illat, amely m\u00e9ly benyom\u00e1st kelt A Lattafa Yara Eau de Parfum olyan, mint a pillang\u00f3sz\u00e1rnyak \u00e9rint\u00e9se \u2013 nagyon gyeng\u00e9d \u00e9s ellen\u00e1llhatatlan. A kompoz\u00edci\u00f3 melegs\u00e9g\u00e9vel \u00e1t\u00f6lel, \u00e9s finom, \u00e9des var\u00e1zslat nyom\u00e1t hagyja &hellip;","og_url":"https:\/\/kisslindavirag.keriweb.hu\/de\/produkt\/lattafa-yara-eau-de-parfum-holgyeknek\/","og_site_name":"Lindarf\u00fcm","article_modified_time":"2026-02-25T10:03:03+00:00","og_image":[{"width":493,"height":493,"url":"https:\/\/kisslindavirag.keriweb.hu\/wp-content\/uploads\/2026\/02\/l36.webp","type":"image\/webp"}],"twitter_card":"summary_large_image","twitter_misc":{"Gesch\u00e4tzte Lesezeit":"2\u00a0Minuten"},"schema":{"@context":"https:\/\/schema.org","@graph":[{"@type":"WebPage","@id":"https:\/\/kisslindavirag.keriweb.hu\/termek\/lattafa-yara-eau-de-parfum-holgyeknek\/","url":"https:\/\/kisslindavirag.keriweb.hu\/termek\/lattafa-yara-eau-de-parfum-holgyeknek\/","name":"Lattafa Yara Eau de Parfum H\u00f6lgyeknek 100ml - Lindarf\u00fcm","isPartOf":{"@id":"https:\/\/kisslindavirag.keriweb.hu\/#website"},"primaryImageOfPage":{"@id":"https:\/\/kisslindavirag.keriweb.hu\/termek\/lattafa-yara-eau-de-parfum-holgyeknek\/#primaryimage"},"image":{"@id":"https:\/\/kisslindavirag.keriweb.hu\/termek\/lattafa-yara-eau-de-parfum-holgyeknek\/#primaryimage"},"thumbnailUrl":"https:\/\/kisslindavirag.keriweb.hu\/wp-content\/uploads\/2026\/02\/l36.webp","datePublished":"2026-02-20T08:48:32+00:00","dateModified":"2026-02-25T10:03:03+00:00","breadcrumb":{"@id":"https:\/\/kisslindavirag.keriweb.hu\/termek\/lattafa-yara-eau-de-parfum-holgyeknek\/#breadcrumb"},"inLanguage":"de","potentialAction":[{"@type":"ReadAction","target":["https:\/\/kisslindavirag.keriweb.hu\/termek\/lattafa-yara-eau-de-parfum-holgyeknek\/"]}]},{"@type":"ImageObject","inLanguage":"de","@id":"https:\/\/kisslindavirag.keriweb.hu\/termek\/lattafa-yara-eau-de-parfum-holgyeknek\/#primaryimage","url":"https:\/\/kisslindavirag.keriweb.hu\/wp-content\/uploads\/2026\/02\/l36.webp","contentUrl":"https:\/\/kisslindavirag.keriweb.hu\/wp-content\/uploads\/2026\/02\/l36.webp","width":493,"height":493},{"@type":"BreadcrumbList","@id":"https:\/\/kisslindavirag.keriweb.hu\/termek\/lattafa-yara-eau-de-parfum-holgyeknek\/#breadcrumb","itemListElement":[{"@type":"ListItem","position":1,"name":"Kezd\u0151lap","item":"https:\/\/kisslindavirag.keriweb.hu\/"},{"@type":"ListItem","position":2,"name":"Shop","item":"https:\/\/kisslindavirag.keriweb.hu\/uzlet\/"},{"@type":"ListItem","position":3,"name":"Lattafa Yara Eau de Parfum H\u00f6lgyeknek 100ml"}]},{"@type":"WebSite","@id":"https:\/\/kisslindavirag.keriweb.hu\/#website","url":"https:\/\/kisslindavirag.keriweb.hu\/","name":"Lindarf\u00fcm","description":"Ez egy TESZT web\u00e1ruh\u00e1z, megrendel\u00e9s nem lehets\u00e9ges.","publisher":{"@id":"https:\/\/kisslindavirag.keriweb.hu\/#organization"},"potentialAction":[{"@type":"SearchAction","target":{"@type":"EntryPoint","urlTemplate":"https:\/\/kisslindavirag.keriweb.hu\/?s={search_term_string}"},"query-input":{"@type":"PropertyValueSpecification","valueRequired":true,"valueName":"search_term_string"}}],"inLanguage":"de"},{"@type":"Organization","@id":"https:\/\/kisslindavirag.keriweb.hu\/#organization","name":"Lindarf\u00fcm","url":"https:\/\/kisslindavirag.keriweb.hu\/","logo":{"@type":"ImageObject","inLanguage":"de","@id":"https:\/\/kisslindavirag.keriweb.hu\/#\/schema\/logo\/image\/","url":"https:\/\/kisslindavirag.keriweb.hu\/wp-content\/uploads\/2026\/02\/cropped-Dark-Blue-Gold-Elegant-Perfume-Store-Logo-2-e1772023135938.png","contentUrl":"https:\/\/kisslindavirag.keriweb.hu\/wp-content\/uploads\/2026\/02\/cropped-Dark-Blue-Gold-Elegant-Perfume-Store-Logo-2-e1772023135938.png","width":250,"height":238,"caption":"Lindarf\u00fcm"},"image":{"@id":"https:\/\/kisslindavirag.keriweb.hu\/#\/schema\/logo\/image\/"}}]}},"_links":{"self":[{"href":"https:\/\/kisslindavirag.keriweb.hu\/de\/wp-json\/wp\/v2\/product\/178","targetHints":{"allow":["GET"]}}],"collection":[{"href":"https:\/\/kisslindavirag.keriweb.hu\/de\/wp-json\/wp\/v2\/product"}],"about":[{"href":"https:\/\/kisslindavirag.keriweb.hu\/de\/wp-json\/wp\/v2\/types\/product"}],"wp:featuredmedia":[{"embeddable":true,"href":"https:\/\/kisslindavirag.keriweb.hu\/de\/wp-json\/wp\/v2\/media\/186"}],"wp:attachment":[{"href":"https:\/\/kisslindavirag.keriweb.hu\/de\/wp-json\/wp\/v2\/media?parent=178"}],"wp:term":[{"taxonomy":"product_brand","embeddable":true,"href":"https:\/\/kisslindavirag.keriweb.hu\/de\/wp-json\/wp\/v2\/product_brand?post=178"},{"taxonomy":"product_cat","embeddable":true,"href":"https:\/\/kisslindavirag.keriweb.hu\/de\/wp-json\/wp\/v2\/product_cat?post=178"},{"taxonomy":"product_tag","embeddable":true,"href":"https:\/\/kisslindavirag.keriweb.hu\/de\/wp-json\/wp\/v2\/product_tag?post=178"}],"curies":[{"name":"wp","href":"https:\/\/api.w.org\/{rel}","templated":true}]}}